{"id":1020,"date":"2019-10-30T12:12:12","date_gmt":"2019-10-30T12:12:12","guid":{"rendered":"http:\/\/alimentacplp.com\/?page_id=1020"},"modified":"2020-07-24T18:54:13","modified_gmt":"2020-07-24T17:54:13","slug":"webinars","status":"publish","type":"page","link":"https:\/\/alimentacplp.com\/home\/webinars\/","title":{"rendered":"Webinars"},"content":{"rendered":"<div class=\"fusion-fullwidth fullwidth-box fusion-builder-row-1 nonhundred-percent-fullwidth non-hundred-percent-height-scrolling\" style=\"background-color: #ffffff;background-position: center center;background-repeat: no-repeat;padding-top:4%;padding-right:12%;padding-bottom:4%;padding-left:12%;margin-bottom: 0px;margin-top: 0px;border-width: 0px 0px 0px 0px;border-color:#eae9e9;border-style:solid;\" ><div class=\"fusion-builder-row fusion-row\"><div class=\"fusion-layout-column fusion_builder_column fusion-builder-column-0 fusion_builder_column_1_1 1_1 fusion-one-full fusion-column-first fusion-column-last fusion-animated\" style=\"margin-top:0px;margin-bottom:20px;\" data-animationType=\"fadeIn\" data-animationDuration=\"1.0\" data-animationOffset=\"100%\"><div class=\"fusion-column-wrapper fusion-flex-column-wrapper-legacy\" style=\"background-position:left top;background-repeat:no-repeat;-webkit-background-size:cover;-moz-background-size:cover;-o-background-size:cover;background-size:cover;padding: 0px 0px 0px 0px;\"><style type=\"text\/css\">.fusion-portfolio-wrapper#fusion-portfolio-1 .fusion-portfolio-content{ padding: 40px 25px 25px 25px; text-align: center; }<\/style><div class=\"fusion-recent-works fusion-portfolio-element fusion-portfolio fusion-portfolio-1 fusion-portfolio-grid fusion-portfolio-paging-pagination fusion-portfolio-two fusion-portfolio-boxed fusion-portfolio-text fusion-portfolio-rollover fusion-animated\" data-id=\"-rw-1\" data-columns=\"two\" data-animationType=\"fadeInUp\" data-animationDuration=\"0.3\" data-animationOffset=\"100%\"><style type=\"text\/css\">.fusion-portfolio-1 .fusion-portfolio-wrapper .fusion-col-spacing{padding:25px;}<\/style><div class=\"fusion-portfolio-wrapper\" id=\"fusion-portfolio-1\" data-picturesize=\"auto\" data-pages=\"1\" style=\"margin:-25px;\"><article id=\"portfolio-1-post-3775\" class=\"fusion-portfolio-post o-ciclo-de-intercambios-covid-19-e-crise-alimentar fusion-col-spacing post-3775\"><div class=\"fusion-portfolio-content-wrapper\" style=\"border:1px solid #ebeaea;border-bottom-width:3px;background-color:rgba(255,255,255,0);\"><span class=\"vcard rich-snippet-hidden\"><span class=\"fn\"><a href=\"https:\/\/alimentacplp.com\/home\/author\/alimentacplp\/\" title=\"Posts de Alimenta CPLP\" rel=\"author\">Alimenta CPLP<\/a><\/span><\/span><span class=\"updated rich-snippet-hidden\">2021-01-29T14:15:03+01:00<\/span>\n\n<div  class=\"fusion-image-wrapper\" aria-haspopup=\"true\">\n\t\n\t\n\t\t\n\t\t\t\t\t<img width=\"2000\" height=\"1200\" src=\"https:\/\/alimentacplp.com\/wp-content\/uploads\/2020\/06\/Header_webinar222.png\" class=\"attachment-full size-full wp-post-image\" alt=\"\" loading=\"lazy\" srcset=\"https:\/\/alimentacplp.com\/wp-content\/uploads\/2020\/06\/Header_webinar222-200x120.png 200w, https:\/\/alimentacplp.com\/wp-content\/uploads\/2020\/06\/Header_webinar222-400x240.png 400w, https:\/\/alimentacplp.com\/wp-content\/uploads\/2020\/06\/Header_webinar222-600x360.png 600w, https:\/\/alimentacplp.com\/wp-content\/uploads\/2020\/06\/Header_webinar222-800x480.png 800w, https:\/\/alimentacplp.com\/wp-content\/uploads\/2020\/06\/Header_webinar222-1200x720.png 1200w, https:\/\/alimentacplp.com\/wp-content\/uploads\/2020\/06\/Header_webinar222.png 2000w\" sizes=\"(min-width: 2200px) 100vw, (min-width: 752px) 864px, (min-width: 640px) 752px, \" \/>\n\t\n\n\t\t<div class=\"fusion-rollover\">\n\t<div class=\"fusion-rollover-content\">\n\n\t\t\t\t\t\t\t\t\t\t\t\t\t\t<a class=\"fusion-rollover-link\" href=\"https:\/\/alimentacplp.com\/home\/meetup\/intercambio-internacional-mulheres-guardias-dos-sistemas-alimentares-sustentaveis-parcerias-estrategicas-para-o-empoderamento-feminino\/\">#6 webinar Interc\u00e2mbio Internacional- Mulheres, guardi\u00e3s dos sistemas alimentares sustent\u00e1veis: parcerias estrat\u00e9gicas para o empoderamento feminino<\/a>\n\t\t\t\n\t\t\t\t\t\t\t\t\n\t\t\t\t\n\t\t\t\t\t\t\t\t\n\t\t\t\t\t\t\t\t\n\t\t\n\t\t\t\t<a class=\"fusion-link-wrapper\" href=\"https:\/\/alimentacplp.com\/home\/meetup\/intercambio-internacional-mulheres-guardias-dos-sistemas-alimentares-sustentaveis-parcerias-estrategicas-para-o-empoderamento-feminino\/\" aria-label=\"#6 webinar Interc\u00e2mbio Internacional- Mulheres, guardi\u00e3s dos sistemas alimentares sustent\u00e1veis: parcerias estrat\u00e9gicas para o empoderamento feminino\"><\/a>\n\t<\/div>\n<\/div>\n\n\t\n<\/div>\n<div class=\"fusion-portfolio-content\" style=\"background-color:rgba(255,255,255,0);\"><h2 class=\"entry-title fusion-post-title\"><a href=\"https:\/\/alimentacplp.com\/home\/meetup\/intercambio-internacional-mulheres-guardias-dos-sistemas-alimentares-sustentaveis-parcerias-estrategicas-para-o-empoderamento-feminino\/\">#6 webinar Interc\u00e2mbio Internacional- Mulheres, guardi\u00e3s dos sistemas alimentares sustent\u00e1veis: parcerias estrat\u00e9gicas para o empoderamento feminino<\/a><\/h2><div class=\"fusion-content-sep sep-single sep-solid\" style=\"border-color:#e8e8e8;\"><\/div><div class=\"fusion-post-content\"><p>Interc\u00e2mbio Internacional - Mulheres, guardi\u00e3s dos sistemas alimentares sustent\u00e1veis: parcerias estrat\u00e9gicas para o empoderamento feminino. Dia 28 de julho, as 14h30 (hora de S\u00e3o Tom\u00e9 e Pr\u00edncipe). Inscreva-se!<\/p><\/div><\/div><\/div><\/article><article id=\"portfolio-1-post-3794\" class=\"fusion-portfolio-post o-ciclo-de-intercambios-covid-19-e-crise-alimentar fusion-col-spacing post-3794\"><div class=\"fusion-portfolio-content-wrapper\" style=\"border:1px solid #ebeaea;border-bottom-width:3px;background-color:rgba(255,255,255,0);\"><span class=\"vcard rich-snippet-hidden\"><span class=\"fn\"><a href=\"https:\/\/alimentacplp.com\/home\/author\/alimentacplp\/\" title=\"Posts de Alimenta CPLP\" rel=\"author\">Alimenta CPLP<\/a><\/span><\/span><span class=\"updated rich-snippet-hidden\">2021-01-29T14:20:12+01:00<\/span>\n\n<div  class=\"fusion-image-wrapper\" aria-haspopup=\"true\">\n\t\n\t\n\t\t\n\t\t\t\t\t<img width=\"2000\" height=\"1200\" src=\"https:\/\/alimentacplp.com\/wp-content\/uploads\/2020\/05\/Header_webinar5.png\" class=\"attachment-full size-full wp-post-image\" alt=\"\" loading=\"lazy\" srcset=\"https:\/\/alimentacplp.com\/wp-content\/uploads\/2020\/05\/Header_webinar5-200x120.png 200w, https:\/\/alimentacplp.com\/wp-content\/uploads\/2020\/05\/Header_webinar5-400x240.png 400w, https:\/\/alimentacplp.com\/wp-content\/uploads\/2020\/05\/Header_webinar5-600x360.png 600w, https:\/\/alimentacplp.com\/wp-content\/uploads\/2020\/05\/Header_webinar5-800x480.png 800w, https:\/\/alimentacplp.com\/wp-content\/uploads\/2020\/05\/Header_webinar5-1200x720.png 1200w, https:\/\/alimentacplp.com\/wp-content\/uploads\/2020\/05\/Header_webinar5.png 2000w\" sizes=\"(min-width: 2200px) 100vw, (min-width: 752px) 864px, (min-width: 640px) 752px, \" \/>\n\t\n\n\t\t<div class=\"fusion-rollover\">\n\t<div class=\"fusion-rollover-content\">\n\n\t\t\t\t\t\t\t\t\t\t\t\t\t\t<a class=\"fusion-rollover-link\" href=\"https:\/\/alimentacplp.com\/home\/meetup\/5-webinar-mitigando-os-impactos-da-covid-19-em-san-papel-e-perspectivas-dos-parceiros-de-desenvolvimento-fida\/\">#5 webinar \u201cMitigando os impactos da Covid-19 em SAN: papel e perspectivas dos parceiros de desenvolvimento \u2013 FIDA\u201d<\/a>\n\t\t\t\n\t\t\t\t\t\t\t\t\n\t\t\t\t\n\t\t\t\t\t\t\t\t\n\t\t\t\t\t\t\t\t\n\t\t\n\t\t\t\t<a class=\"fusion-link-wrapper\" href=\"https:\/\/alimentacplp.com\/home\/meetup\/5-webinar-mitigando-os-impactos-da-covid-19-em-san-papel-e-perspectivas-dos-parceiros-de-desenvolvimento-fida\/\" aria-label=\"#5 webinar \u201cMitigando os impactos da Covid-19 em SAN: papel e perspectivas dos parceiros de desenvolvimento \u2013 FIDA\u201d\"><\/a>\n\t<\/div>\n<\/div>\n\n\t\n<\/div>\n<div class=\"fusion-portfolio-content\" style=\"background-color:rgba(255,255,255,0);\"><h2 class=\"entry-title fusion-post-title\"><a href=\"https:\/\/alimentacplp.com\/home\/meetup\/5-webinar-mitigando-os-impactos-da-covid-19-em-san-papel-e-perspectivas-dos-parceiros-de-desenvolvimento-fida\/\">#5 webinar \u201cMitigando os impactos da Covid-19 em SAN: papel e perspectivas dos parceiros de desenvolvimento \u2013 FIDA\u201d<\/a><\/h2><div class=\"fusion-content-sep sep-single sep-solid\" style=\"border-color:#e8e8e8;\"><\/div><div class=\"fusion-post-content\"><p>Mitigando os impactos da Covid-19 em SAN: papel e perspectivas dos parceiros de desenvolvimento \u2013 FIDA. Dia 30 julho, 14h (hora Lisboa). Inscreva-se!<\/p><\/div><\/div><\/div><\/article><article id=\"portfolio-1-post-3411\" class=\"fusion-portfolio-post o-ciclo-de-intercambios-covid-19-e-crise-alimentar fusion-col-spacing post-3411\"><div class=\"fusion-portfolio-content-wrapper\" style=\"border:1px solid #ebeaea;border-bottom-width:3px;background-color:rgba(255,255,255,0);\"><span class=\"vcard rich-snippet-hidden\"><span class=\"fn\"><a href=\"https:\/\/alimentacplp.com\/home\/author\/alimentacplp\/\" title=\"Posts de Alimenta CPLP\" rel=\"author\">Alimenta CPLP<\/a><\/span><\/span><span class=\"updated rich-snippet-hidden\">2021-01-29T14:21:53+01:00<\/span>\n\n<div  class=\"fusion-image-wrapper\" aria-haspopup=\"true\">\n\t\n\t\n\t\t\n\t\t\t\t\t<img width=\"2000\" height=\"1200\" src=\"https:\/\/alimentacplp.com\/wp-content\/uploads\/2020\/05\/Header_4webinar.png\" class=\"attachment-full size-full wp-post-image\" alt=\"\" loading=\"lazy\" srcset=\"https:\/\/alimentacplp.com\/wp-content\/uploads\/2020\/05\/Header_4webinar-200x120.png 200w, https:\/\/alimentacplp.com\/wp-content\/uploads\/2020\/05\/Header_4webinar-400x240.png 400w, https:\/\/alimentacplp.com\/wp-content\/uploads\/2020\/05\/Header_4webinar-600x360.png 600w, https:\/\/alimentacplp.com\/wp-content\/uploads\/2020\/05\/Header_4webinar-800x480.png 800w, https:\/\/alimentacplp.com\/wp-content\/uploads\/2020\/05\/Header_4webinar-1200x720.png 1200w, https:\/\/alimentacplp.com\/wp-content\/uploads\/2020\/05\/Header_4webinar.png 2000w\" sizes=\"(min-width: 2200px) 100vw, (min-width: 752px) 864px, (min-width: 640px) 752px, \" \/>\n\t\n\n\t\t<div class=\"fusion-rollover\">\n\t<div class=\"fusion-rollover-content\">\n\n\t\t\t\t\t\t\t\t\t\t\t\t\t\t<a class=\"fusion-rollover-link\" href=\"https:\/\/alimentacplp.com\/home\/meetup\/4-webinar-mitigando-os-impactos-da-covid-19-em-san-papel-e-perspectivas-dos-parceiros-de-desenvolvimento-fao\/\">#4 webinar \u201cMitigando os impactos da Covid-19 em SAN: papel e perspectivas dos parceiros de desenvolvimento \u2013 FAO\u201d<\/a>\n\t\t\t\n\t\t\t\t\t\t\t\t\n\t\t\t\t\n\t\t\t\t\t\t\t\t\n\t\t\t\t\t\t\t\t\n\t\t\n\t\t\t\t<a class=\"fusion-link-wrapper\" href=\"https:\/\/alimentacplp.com\/home\/meetup\/4-webinar-mitigando-os-impactos-da-covid-19-em-san-papel-e-perspectivas-dos-parceiros-de-desenvolvimento-fao\/\" aria-label=\"#4 webinar \u201cMitigando os impactos da Covid-19 em SAN: papel e perspectivas dos parceiros de desenvolvimento \u2013 FAO\u201d\"><\/a>\n\t<\/div>\n<\/div>\n\n\t\n<\/div>\n<div class=\"fusion-portfolio-content\" style=\"background-color:rgba(255,255,255,0);\"><h2 class=\"entry-title fusion-post-title\"><a href=\"https:\/\/alimentacplp.com\/home\/meetup\/4-webinar-mitigando-os-impactos-da-covid-19-em-san-papel-e-perspectivas-dos-parceiros-de-desenvolvimento-fao\/\">#4 webinar \u201cMitigando os impactos da Covid-19 em SAN: papel e perspectivas dos parceiros de desenvolvimento \u2013 FAO\u201d<\/a><\/h2><div class=\"fusion-content-sep sep-single sep-solid\" style=\"border-color:#e8e8e8;\"><\/div><div class=\"fusion-post-content\"><p>Mitigando os impactos da Covid-19 em SAN: papel e perspectivas dos parceiros de desenvolvimento \u2013 FAO. Dia 30 junho, 14h30 (hora Lisboa). <\/p><\/div><\/div><\/div><\/article><article id=\"portfolio-1-post-3350\" class=\"fusion-portfolio-post o-ciclo-de-intercambios-covid-19-e-crise-alimentar fusion-col-spacing post-3350\"><div class=\"fusion-portfolio-content-wrapper\" style=\"border:1px solid #ebeaea;border-bottom-width:3px;background-color:rgba(255,255,255,0);\"><span class=\"vcard rich-snippet-hidden\"><span class=\"fn\"><a href=\"https:\/\/alimentacplp.com\/home\/author\/alimentacplp\/\" title=\"Posts de Alimenta CPLP\" rel=\"author\">Alimenta CPLP<\/a><\/span><\/span><span class=\"updated rich-snippet-hidden\">2021-01-29T13:54:23+01:00<\/span>\n\n<div  class=\"fusion-image-wrapper\" aria-haspopup=\"true\">\n\t\n\t\n\t\t\n\t\t\t\t\t<img width=\"2000\" height=\"1200\" src=\"https:\/\/alimentacplp.com\/wp-content\/uploads\/2020\/06\/Header_webinar.png\" class=\"attachment-full size-full wp-post-image\" alt=\"\" loading=\"lazy\" srcset=\"https:\/\/alimentacplp.com\/wp-content\/uploads\/2020\/06\/Header_webinar-200x120.png 200w, https:\/\/alimentacplp.com\/wp-content\/uploads\/2020\/06\/Header_webinar-400x240.png 400w, https:\/\/alimentacplp.com\/wp-content\/uploads\/2020\/06\/Header_webinar-600x360.png 600w, https:\/\/alimentacplp.com\/wp-content\/uploads\/2020\/06\/Header_webinar-800x480.png 800w, https:\/\/alimentacplp.com\/wp-content\/uploads\/2020\/06\/Header_webinar-1200x720.png 1200w, https:\/\/alimentacplp.com\/wp-content\/uploads\/2020\/06\/Header_webinar.png 2000w\" sizes=\"(min-width: 2200px) 100vw, (min-width: 752px) 864px, (min-width: 640px) 752px, \" \/>\n\t\n\n\t\t<div class=\"fusion-rollover\">\n\t<div class=\"fusion-rollover-content\">\n\n\t\t\t\t\t\t\t\t\t\t\t\t\t\t<a class=\"fusion-rollover-link\" href=\"https:\/\/alimentacplp.com\/home\/meetup\/3-webinar-mulheres-ruraisagroecologiaecovid19\/\">#3 webinar &#8211; Mulheres rurais, agroecologia e Covid-19<\/a>\n\t\t\t\n\t\t\t\t\t\t\t\t\n\t\t\t\t\n\t\t\t\t\t\t\t\t\n\t\t\t\t\t\t\t\t\n\t\t\n\t\t\t\t<a class=\"fusion-link-wrapper\" href=\"https:\/\/alimentacplp.com\/home\/meetup\/3-webinar-mulheres-ruraisagroecologiaecovid19\/\" aria-label=\"#3 webinar &#8211; Mulheres rurais, agroecologia e Covid-19\"><\/a>\n\t<\/div>\n<\/div>\n\n\t\n<\/div>\n<div class=\"fusion-portfolio-content\" style=\"background-color:rgba(255,255,255,0);\"><h2 class=\"entry-title fusion-post-title\"><a href=\"https:\/\/alimentacplp.com\/home\/meetup\/3-webinar-mulheres-ruraisagroecologiaecovid19\/\">#3 webinar &#8211; Mulheres rurais, agroecologia e Covid-19<\/a><\/h2><div class=\"fusion-content-sep sep-single sep-solid\" style=\"border-color:#e8e8e8;\"><\/div><div class=\"fusion-post-content\"><p>Mulheres rurais, agroecologia e Covid-19. Dia 26 junho, das 14h00 \u00e0s 16h00 (hora de Lisboa).<\/p><\/div><\/div><\/div><\/article><article id=\"portfolio-1-post-3261\" class=\"fusion-portfolio-post o-ciclo-de-intercambios-covid-19-e-crise-alimentar fusion-col-spacing post-3261\"><div class=\"fusion-portfolio-content-wrapper\" style=\"border:1px solid #ebeaea;border-bottom-width:3px;background-color:rgba(255,255,255,0);\"><span class=\"vcard rich-snippet-hidden\"><span class=\"fn\"><a href=\"https:\/\/alimentacplp.com\/home\/author\/alimentacplp\/\" title=\"Posts de Alimenta CPLP\" rel=\"author\">Alimenta CPLP<\/a><\/span><\/span><span class=\"updated rich-snippet-hidden\">2021-01-29T14:24:38+01:00<\/span>\n\n<div  class=\"fusion-image-wrapper\" aria-haspopup=\"true\">\n\t\n\t\n\t\t\n\t\t\t\t\t<img width=\"2000\" height=\"1200\" src=\"https:\/\/alimentacplp.com\/wp-content\/uploads\/2020\/05\/Header_2webinar.png\" class=\"attachment-full size-full wp-post-image\" alt=\"\" loading=\"lazy\" srcset=\"https:\/\/alimentacplp.com\/wp-content\/uploads\/2020\/05\/Header_2webinar-200x120.png 200w, https:\/\/alimentacplp.com\/wp-content\/uploads\/2020\/05\/Header_2webinar-400x240.png 400w, https:\/\/alimentacplp.com\/wp-content\/uploads\/2020\/05\/Header_2webinar-600x360.png 600w, https:\/\/alimentacplp.com\/wp-content\/uploads\/2020\/05\/Header_2webinar-800x480.png 800w, https:\/\/alimentacplp.com\/wp-content\/uploads\/2020\/05\/Header_2webinar-1200x720.png 1200w, https:\/\/alimentacplp.com\/wp-content\/uploads\/2020\/05\/Header_2webinar.png 2000w\" sizes=\"(min-width: 2200px) 100vw, (min-width: 752px) 864px, (min-width: 640px) 752px, \" \/>\n\t\n\n\t\t<div class=\"fusion-rollover\">\n\t<div class=\"fusion-rollover-content\">\n\n\t\t\t\t\t\t\t\t\t\t\t\t\t\t<a class=\"fusion-rollover-link\" href=\"https:\/\/alimentacplp.com\/home\/meetup\/2-webinar-covid-19-e-caminhos-para-a-construcao-e-resiliencia\/\">#2 webinar &#8220;Covid-19 e caminhos para a constru\u00e7\u00e3o e resili\u00eancia&#8221;<\/a>\n\t\t\t\n\t\t\t\t\t\t\t\t\n\t\t\t\t\n\t\t\t\t\t\t\t\t\n\t\t\t\t\t\t\t\t\n\t\t\n\t\t\t\t<a class=\"fusion-link-wrapper\" href=\"https:\/\/alimentacplp.com\/home\/meetup\/2-webinar-covid-19-e-caminhos-para-a-construcao-e-resiliencia\/\" aria-label=\"#2 webinar &#8220;Covid-19 e caminhos para a constru\u00e7\u00e3o e resili\u00eancia&#8221;\"><\/a>\n\t<\/div>\n<\/div>\n\n\t\n<\/div>\n<div class=\"fusion-portfolio-content\" style=\"background-color:rgba(255,255,255,0);\"><h2 class=\"entry-title fusion-post-title\"><a href=\"https:\/\/alimentacplp.com\/home\/meetup\/2-webinar-covid-19-e-caminhos-para-a-construcao-e-resiliencia\/\">#2 webinar &#8220;Covid-19 e caminhos para a constru\u00e7\u00e3o e resili\u00eancia&#8221;<\/a><\/h2><div class=\"fusion-content-sep sep-single sep-solid\" style=\"border-color:#e8e8e8;\"><\/div><div class=\"fusion-post-content\"><p>Covid-19 e caminhos para a constru\u00e7\u00e3o de resili\u00eancia. Dia 23 junho, das 11h30 \u00e0s 13h00 (hora de Lisboa). Participaram Angola, Cabo Verde, Portugal e Timor Leste.<\/p><\/div><\/div><\/div><\/article><article id=\"portfolio-1-post-1081\" class=\"fusion-portfolio-post o-ciclo-de-intercambios-covid-19-e-crise-alimentar fusion-col-spacing post-1081\"><div class=\"fusion-portfolio-content-wrapper\" style=\"border:1px solid #ebeaea;border-bottom-width:3px;background-color:rgba(255,255,255,0);\"><span class=\"vcard rich-snippet-hidden\"><span class=\"fn\"><a href=\"https:\/\/alimentacplp.com\/home\/author\/alimentacplp\/\" title=\"Posts de Alimenta CPLP\" rel=\"author\">Alimenta CPLP<\/a><\/span><\/span><span class=\"updated rich-snippet-hidden\">2021-01-29T14:11:00+01:00<\/span>\n\n<div  class=\"fusion-image-wrapper\" aria-haspopup=\"true\">\n\t\n\t\n\t\t\n\t\t\t\t\t<img width=\"2000\" height=\"1200\" src=\"https:\/\/alimentacplp.com\/wp-content\/uploads\/2020\/05\/01_Webinars_Header.jpg\" class=\"attachment-full size-full wp-post-image\" alt=\"Ciclo de webinars Covid-19 e crise alimentar\" loading=\"lazy\" srcset=\"https:\/\/alimentacplp.com\/wp-content\/uploads\/2020\/05\/01_Webinars_Header-200x120.jpg 200w, https:\/\/alimentacplp.com\/wp-content\/uploads\/2020\/05\/01_Webinars_Header-400x240.jpg 400w, https:\/\/alimentacplp.com\/wp-content\/uploads\/2020\/05\/01_Webinars_Header-600x360.jpg 600w, https:\/\/alimentacplp.com\/wp-content\/uploads\/2020\/05\/01_Webinars_Header-800x480.jpg 800w, https:\/\/alimentacplp.com\/wp-content\/uploads\/2020\/05\/01_Webinars_Header-1200x720.jpg 1200w, https:\/\/alimentacplp.com\/wp-content\/uploads\/2020\/05\/01_Webinars_Header.jpg 2000w\" sizes=\"(min-width: 2200px) 100vw, (min-width: 752px) 864px, (min-width: 640px) 752px, \" \/>\n\t\n\n\t\t<div class=\"fusion-rollover\">\n\t<div class=\"fusion-rollover-content\">\n\n\t\t\t\t\t\t\t\t\t\t\t\t\t\t<a class=\"fusion-rollover-link\" href=\"https:\/\/alimentacplp.com\/home\/meetup\/covid19-crise-alimentar\/\">Ciclo de webinars Covid-19 e crise alimentar<\/a>\n\t\t\t\n\t\t\t\t\t\t\t\t\n\t\t\t\t\n\t\t\t\t\t\t\t\t\n\t\t\t\t\t\t\t\t\n\t\t\n\t\t\t\t<a class=\"fusion-link-wrapper\" href=\"https:\/\/alimentacplp.com\/home\/meetup\/covid19-crise-alimentar\/\" aria-label=\"Ciclo de webinars Covid-19 e crise alimentar\"><\/a>\n\t<\/div>\n<\/div>\n\n\t\n<\/div>\n<div class=\"fusion-portfolio-content\" style=\"background-color:rgba(255,255,255,0);\"><h2 class=\"entry-title fusion-post-title\"><a href=\"https:\/\/alimentacplp.com\/home\/meetup\/covid19-crise-alimentar\/\">Ciclo de webinars Covid-19 e crise alimentar<\/a><\/h2><div class=\"fusion-content-sep sep-single sep-solid\" style=\"border-color:#e8e8e8;\"><\/div><div class=\"fusion-post-content\"><p>Covid-19 e caminhos para a constru\u00e7\u00e3o de resili\u00eancia. Dia 19 maio, das 15h00 \u00e0s 17h00 (hora de Lisboa). Participaram Mo\u00e7ambique, Brasil, Guine Bissau e S\u00e3o Tom\u00e9 e Pr\u00edncipe.<\/p><\/div><\/div><\/div><\/article><\/div><\/div><div class=\"fusion-clearfix\"><\/div><\/div><\/div><\/div><\/div>\n","protected":false},"excerpt":{"rendered":"","protected":false},"author":1,"featured_media":2745,"parent":0,"menu_order":0,"comment_status":"closed","ping_status":"closed","template":"100-width.php","meta":[],"yoast_head":"<!-- This site is optimized with the Yoast SEO plugin v15.2.1 - https:\/\/yoast.com\/wordpress\/plugins\/seo\/ -->\n<title>Atividades organizadas pela Alimenta CPLP! | Alimenta CPLP!<\/title>\n<meta name=\"description\" content=\"Conhe\u00e7a e participe nas atividades organizadas pela Plataforma multi-atores para mitiga\u00e7\u00e3o dos impactos da Covid-19 na CPLP (Alimenta CPLP!).\" \/>\n<meta name=\"robots\" content=\"index, follow, max-snippet:-1, max-image-preview:large, max-video-preview:-1\" \/>\n<link rel=\"canonical\" href=\"https:\/\/alimentacplp.com\/home\/webinars\/\" \/>\n<meta property=\"og:locale\" content=\"pt_BR\" \/>\n<meta property=\"og:type\" content=\"article\" \/>\n<meta property=\"og:title\" content=\"Atividades organizadas pela Alimenta CPLP! | Alimenta CPLP!\" \/>\n<meta property=\"og:description\" content=\"Conhe\u00e7a e participe nas atividades organizadas pela Plataforma multi-atores para mitiga\u00e7\u00e3o dos impactos da Covid-19 na CPLP (Alimenta CPLP!).\" \/>\n<meta property=\"og:url\" content=\"https:\/\/alimentacplp.com\/home\/webinars\/\" \/>\n<meta property=\"og:site_name\" content=\"Alimenta CPLP!\" \/>\n<meta property=\"article:publisher\" content=\"https:\/\/www.facebook.com\/Alimenta-CPLP-114985186857112\/\" \/>\n<meta property=\"article:modified_time\" content=\"2020-07-24T17:54:13+00:00\" \/>\n<meta property=\"og:image\" content=\"https:\/\/alimentacplp.com\/wp-content\/uploads\/2020\/05\/bg_Webinars_01.jpg\" \/>\n\t<meta property=\"og:image:width\" content=\"2182\" \/>\n\t<meta property=\"og:image:height\" content=\"960\" \/>\n<meta name=\"twitter:card\" content=\"summary_large_image\" \/>\n<meta name=\"twitter:label1\" content=\"Written by\">\n\t<meta name=\"twitter:data1\" content=\"gruzman\">\n\t<meta name=\"twitter:label2\" content=\"Est. reading time\">\n\t<meta name=\"twitter:data2\" content=\"2 minutos\">\n<script type=\"application\/ld+json\" class=\"yoast-schema-graph\">{\"@context\":\"https:\/\/schema.org\",\"@graph\":[{\"@type\":\"WebSite\",\"@id\":\"https:\/\/alimentacplp.com\/home\/#website\",\"url\":\"https:\/\/alimentacplp.com\/home\/\",\"name\":\"Alimenta CPLP!\",\"description\":\"Observat\\u00f3rio COVID-19 CPLP\",\"potentialAction\":[{\"@type\":\"SearchAction\",\"target\":\"https:\/\/alimentacplp.com\/home\/?s={search_term_string}\",\"query-input\":\"required name=search_term_string\"}],\"inLanguage\":\"pt-BR\"},{\"@type\":\"ImageObject\",\"@id\":\"https:\/\/alimentacplp.com\/home\/webinars\/#primaryimage\",\"inLanguage\":\"pt-BR\",\"url\":\"https:\/\/alimentacplp.com\/wp-content\/uploads\/2020\/05\/bg_Webinars_01.jpg\",\"width\":2182,\"height\":960,\"caption\":\"Alimenta\\u00e7\\u00e3o CPLP! | Impacto do Covid-19 na alimenta\\u00e7\\u00e3o nos pa\\u00edses da CPLP | Alimenta\\u00e7\\u00e3o familiar | Agricultura sustent\\u00e1vel\"},{\"@type\":\"WebPage\",\"@id\":\"https:\/\/alimentacplp.com\/home\/webinars\/#webpage\",\"url\":\"https:\/\/alimentacplp.com\/home\/webinars\/\",\"name\":\"Atividades organizadas pela Alimenta CPLP! | Alimenta CPLP!\",\"isPartOf\":{\"@id\":\"https:\/\/alimentacplp.com\/home\/#website\"},\"primaryImageOfPage\":{\"@id\":\"https:\/\/alimentacplp.com\/home\/webinars\/#primaryimage\"},\"datePublished\":\"2019-10-30T12:12:12+00:00\",\"dateModified\":\"2020-07-24T17:54:13+00:00\",\"description\":\"Conhe\\u00e7a e participe nas atividades organizadas pela Plataforma multi-atores para mitiga\\u00e7\\u00e3o dos impactos da Covid-19 na CPLP (Alimenta CPLP!).\",\"inLanguage\":\"pt-BR\",\"potentialAction\":[{\"@type\":\"ReadAction\",\"target\":[\"https:\/\/alimentacplp.com\/home\/webinars\/\"]}]}]}<\/script>\n<!-- \/ Yoast SEO plugin. -->","_links":{"self":[{"href":"https:\/\/alimentacplp.com\/home\/wp-json\/wp\/v2\/pages\/1020"}],"collection":[{"href":"https:\/\/alimentacplp.com\/home\/wp-json\/wp\/v2\/pages"}],"about":[{"href":"https:\/\/alimentacplp.com\/home\/wp-json\/wp\/v2\/types\/page"}],"author":[{"embeddable":true,"href":"https:\/\/alimentacplp.com\/home\/wp-json\/wp\/v2\/users\/1"}],"replies":[{"embeddable":true,"href":"https:\/\/alimentacplp.com\/home\/wp-json\/wp\/v2\/comments?post=1020"}],"version-history":[{"count":10,"href":"https:\/\/alimentacplp.com\/home\/wp-json\/wp\/v2\/pages\/1020\/revisions"}],"predecessor-version":[{"id":3801,"href":"https:\/\/alimentacplp.com\/home\/wp-json\/wp\/v2\/pages\/1020\/revisions\/3801"}],"wp:featuredmedia":[{"embeddable":true,"href":"https:\/\/alimentacplp.com\/home\/wp-json\/wp\/v2\/media\/2745"}],"wp:attachment":[{"href":"https:\/\/alimentacplp.com\/home\/wp-json\/wp\/v2\/media?parent=1020"}],"curies":[{"name":"wp","href":"https:\/\/api.w.org\/{rel}","templated":true}]}}