{"id":2450,"date":"2019-10-30T12:12:12","date_gmt":"2019-10-30T11:12:12","guid":{"rendered":"http:\/\/alimentacplp.com\/copia-eventos\/"},"modified":"2022-03-02T16:31:36","modified_gmt":"2022-03-02T15:31:36","slug":"parcerias","status":"publish","type":"page","link":"https:\/\/alimentacplp.com\/home\/parcerias\/","title":{"rendered":"Parcerias"},"content":{"rendered":"<div class=\"fusion-fullwidth fullwidth-box fusion-builder-row-1 hundred-percent-fullwidth non-hundred-percent-height-scrolling\" style=\"background-color: #ffffff;background-position: center center;background-repeat: no-repeat;padding-top:4%;padding-right:8%;padding-bottom:4%;padding-left:8%;margin-bottom: 0px;margin-top: 0px;border-width: 0px 0px 0px 0px;border-color:#eae9e9;border-style:solid;\" ><div class=\"fusion-builder-row fusion-row\"><div class=\"fusion-layout-column fusion_builder_column fusion-builder-column-0 fusion_builder_column_1_1 1_1 fusion-one-full fusion-column-first fusion-column-last\" style=\"margin-top:0px;margin-bottom:20px;\"><div class=\"fusion-column-wrapper fusion-flex-column-wrapper-legacy\" style=\"background-position:left top;background-repeat:no-repeat;-webkit-background-size:cover;-moz-background-size:cover;-o-background-size:cover;background-size:cover;padding: 0px 0px 0px 0px;\"><div class=\"fusion-text fusion-text-1\"><p class=\"v1gmail-p3\"><span class=\"v1gmail-s1\">A Plataforma Alimenta CPLP! foi lan\u00e7ada pela ACTUAR, em abril de 2020, como resposta a uma necessidade evidenciada pelas confedera\u00e7\u00f5es de agricultores e centenas de organiza\u00e7\u00f5es da sociedade civil da Comunidade dos Pa\u00edses de L\u00edngua Portuguesa no \u00e2mbito da crise sanit\u00e1ria e alimentar vinculadas \u00e0 Covid-19.<\/span><\/p>\n<p class=\"v1gmail-p3\"><span class=\"v1gmail-s1\">O objetivo da Plataforma \u00e9 contribuir para a mitiga\u00e7\u00e3o dos impactos da pandemia COVID-19, atrav\u00e9s da constru\u00e7\u00e3o de sistemas alimentares mais resilientes nos Estados-Membros da CPLP, promovendo o interc\u00e2mbio de conhecimentos e o refor\u00e7o da coopera\u00e7\u00e3o multi-atores Norte-Sul, Triangular e Sul-Sul para a resili\u00eancia alimentar.<span class=\"v1gmail-Apple-converted-space\">\u00a0<\/span><\/span><\/p>\n<p class=\"v1gmail-p3\"><span class=\"v1gmail-s1\">Um grande n\u00famero de\u00a0<\/span><a href=\"https:\/\/alimentacplp.com\/lista-de-participantes\/\" target=\"_blank\" rel=\"noopener noreferrer\"><span class=\"v1gmail-s2\"><b>organiza\u00e7\u00f5es tem vindo a aderir \u00e0 Plataforma<\/b><\/span><\/a><span class=\"v1gmail-s4\">\u00a0<\/span><span class=\"v1gmail-s1\">e participado das suas atividades, identificando prioridades comuns, nomeadamente:<span class=\"v1gmail-Apple-converted-space\">\u00a0<\/span><\/span><\/p>\n<\/div><div class=\"fusion-sep-clear\"><\/div><div class=\"fusion-separator fusion-no-large-visibility fusion-full-width-sep\" style=\"margin-left: auto;margin-right: auto;margin-bottom:3%;width:100%;\"><\/div><div class=\"fusion-sep-clear\"><\/div><div class=\"fusion-clearfix\"><\/div><\/div><\/div><div class=\"fusion-layout-column fusion_builder_column fusion-builder-column-1 fusion_builder_column_1_3 1_3 fusion-one-third fusion-column-first\" style=\"width:33.333333333333%;width:calc(33.333333333333% - ( ( 4% + 4% ) * 0.33333333333333 ) );margin-right: 4%;margin-top:0px;margin-bottom:20px;\"><div class=\"fusion-column-wrapper fusion-flex-column-wrapper-legacy\" style=\"background-position:left top;background-repeat:no-repeat;-webkit-background-size:cover;-moz-background-size:cover;-o-background-size:cover;background-size:cover;padding: 0px 0px 0px 0px;\"><style type='text\/css'>.reading-box-container-1 .element-bottomshadow:before,.reading-box-container-1 .element-bottomshadow:after{opacity:0.70;}<\/style><div class=\"fusion-reading-box-container reading-box-container-1 fusion-animated\" data-animationType=\"fadeInLeft\" data-animationDuration=\"0.4\" data-animationOffset=\"100%\" style=\"margin-top:10px;margin-bottom:12px;\"><div class=\"reading-box reading-box-center\" style=\"background-color:#f6f6f6;border-width:4px;border-color:#f6f6f6;border-left-width:4px;border-left-color:var(--primary_color);border-style:solid;\"><div class=\"reading-box-description\">Sistemas alimentares territoriais \nsustent\u00e1veis e dietas saud\u00e1veis <\/div><div class=\"fusion-clearfix\"><\/div><\/div><\/div><div class=\"fusion-clearfix\"><\/div><\/div><\/div><div class=\"fusion-layout-column fusion_builder_column fusion-builder-column-2 fusion_builder_column_1_3 1_3 fusion-one-third\" style=\"width:33.333333333333%;width:calc(33.333333333333% - ( ( 4% + 4% ) * 0.33333333333333 ) );margin-right: 4%;margin-top:0px;margin-bottom:20px;\"><div class=\"fusion-column-wrapper fusion-flex-column-wrapper-legacy\" style=\"background-position:left top;background-repeat:no-repeat;-webkit-background-size:cover;-moz-background-size:cover;-o-background-size:cover;background-size:cover;padding: 0px 0px 0px 0px;\"><style type='text\/css'>.reading-box-container-2 .element-bottomshadow:before,.reading-box-container-2 .element-bottomshadow:after{opacity:0.70;}<\/style><div class=\"fusion-reading-box-container reading-box-container-2 fusion-animated\" data-animationType=\"fadeInLeft\" data-animationDuration=\"0.4\" data-animationOffset=\"100%\" style=\"margin-top:10px;margin-bottom:12px;\"><div class=\"reading-box reading-box-center\" style=\"background-color:#f6f6f6;border-width:4px;border-color:#f6f6f6;border-left-width:4px;border-left-color:var(--primary_color);border-style:solid;\"><div class=\"reading-box-description\">Abastecimento e mercados<\/div><div class=\"fusion-clearfix\"><\/div><\/div><\/div><div class=\"fusion-clearfix\"><\/div><\/div><\/div><div class=\"fusion-layout-column fusion_builder_column fusion-builder-column-3 fusion_builder_column_1_3 1_3 fusion-one-third fusion-column-last\" style=\"width:33.333333333333%;width:calc(33.333333333333% - ( ( 4% + 4% ) * 0.33333333333333 ) );margin-top:0px;margin-bottom:20px;\"><div class=\"fusion-column-wrapper fusion-flex-column-wrapper-legacy\" style=\"background-position:left top;background-repeat:no-repeat;-webkit-background-size:cover;-moz-background-size:cover;-o-background-size:cover;background-size:cover;padding: 0px 0px 0px 0px;\"><style type='text\/css'>.reading-box-container-3 .element-bottomshadow:before,.reading-box-container-3 .element-bottomshadow:after{opacity:0.70;}<\/style><div class=\"fusion-reading-box-container reading-box-container-3 fusion-animated\" data-animationType=\"fadeInLeft\" data-animationDuration=\"0.4\" data-animationOffset=\"100%\" style=\"margin-top:10px;margin-bottom:12px;\"><div class=\"reading-box reading-box-center\" style=\"background-color:#f6f6f6;border-width:4px;border-color:#f6f6f6;border-left-width:4px;border-left-color:var(--primary_color);border-style:solid;\"><div class=\"reading-box-description\">Agricultura familiar e mulheres rurais<\/div><div class=\"reading-box-additional\">\n<ul>\n<li style=\"text-align: left;\"><a href=\"https:\/\/alimentacplp.com\/meetup\/intercambio_cadernetas_agroecologicas_em_sao_tome_e_principe\/\" target=\"_blank\" rel=\"noopener noreferrer\">Interc\u00e2mbio Cadernetas agroecol\u00f3gicas em S\u00e3o Tom\u00e9 e Pr\u00edncipe<\/a><\/li>\n<li style=\"text-align: left;\"><a href=\"https:\/\/alimentacplp.com\/home\/meetup\/minicurso-ead-direito-das-meninas-e-mulheres-rurais-no-ambito-da-cplp-comunidade-de-paises-de-lingua-portuguesa\/\">EAD Direitos das Meninas e Mulheres Rurais no \u00c2mbito da CPLP<\/a><\/li>\n<\/ul>\n<\/div><div class=\"fusion-clearfix\"><\/div><\/div><\/div><div class=\"fusion-clearfix\"><\/div><\/div><\/div><div class=\"fusion-layout-column fusion_builder_column fusion-builder-column-4 fusion_builder_column_1_1 1_1 fusion-one-full fusion-column-first fusion-column-last\" style=\"margin-top:0px;margin-bottom:20px;\"><div class=\"fusion-column-wrapper fusion-flex-column-wrapper-legacy\" style=\"background-position:left top;background-repeat:no-repeat;-webkit-background-size:cover;-moz-background-size:cover;-o-background-size:cover;background-size:cover;padding: 0px 0px 0px 0px;\"><div class=\"fusion-sep-clear\"><\/div><div class=\"fusion-separator fusion-full-width-sep\" style=\"margin-left: auto;margin-right: auto;width:100%;\"><\/div><div class=\"fusion-sep-clear\"><\/div><div class=\"fusion-text fusion-text-2\"><p class=\"v1gmail-p3\"><span class=\"v1gmail-s1\">Estas prioridades ser\u00e3o concretizadas em grupos de trabalho com a participa\u00e7\u00e3o de diversos parceiros de desenvolvimento internacional, que v\u00eam aderindo \u00e0 Plataforma.<span class=\"v1gmail-Apple-converted-space\">\u00a0<\/span><\/span><\/p>\n<h6 class=\"v1gmail-p3\"><a href=\"https:\/\/alimentacplp.com\/formulario-parcerias\/\" target=\"_blank\" rel=\"noopener noreferrer\"><span class=\"v1gmail-s1\">Fa\u00e7a parte deste processo! Junte-se \u00e0 Plataforma Alimenta CPLP!<\/span><\/a><\/h6>\n<\/div><div class=\"fusion-clearfix\"><\/div><\/div><\/div><\/div><\/div>\n","protected":false},"excerpt":{"rendered":"","protected":false},"author":1,"featured_media":2452,"parent":0,"menu_order":0,"comment_status":"closed","ping_status":"closed","template":"100-width.php","meta":[],"yoast_head":"<!-- This site is optimized with the Yoast SEO plugin v15.2.1 - https:\/\/yoast.com\/wordpress\/plugins\/seo\/ -->\n<title>Parcerias para mitiga\u00e7\u00e3o dos impactos da Covid-19 | Alimenta CPLP!<\/title>\n<meta name=\"description\" content=\"Veja aqui os parceiros ou inscreva a sua entidade como parceiro da Alimenta CPLP! para mitiga\u00e7\u00e3o dos impactos da Covid-19\" \/>\n<meta name=\"robots\" content=\"index, follow, max-snippet:-1, max-image-preview:large, max-video-preview:-1\" \/>\n<link rel=\"canonical\" href=\"https:\/\/alimentacplp.com\/home\/parcerias\/\" \/>\n<meta property=\"og:locale\" content=\"pt_BR\" \/>\n<meta property=\"og:type\" content=\"article\" \/>\n<meta property=\"og:title\" content=\"Parcerias para mitiga\u00e7\u00e3o dos impactos da Covid-19 | Alimenta CPLP!\" \/>\n<meta property=\"og:description\" content=\"Veja aqui os parceiros ou inscreva a sua entidade como parceiro da Alimenta CPLP! para mitiga\u00e7\u00e3o dos impactos da Covid-19\" \/>\n<meta property=\"og:url\" content=\"https:\/\/alimentacplp.com\/home\/parcerias\/\" \/>\n<meta property=\"og:site_name\" content=\"Alimenta CPLP!\" \/>\n<meta property=\"article:publisher\" content=\"https:\/\/www.facebook.com\/Alimenta-CPLP-114985186857112\/\" \/>\n<meta property=\"article:modified_time\" content=\"2022-03-02T15:31:36+00:00\" \/>\n<meta property=\"og:image\" content=\"https:\/\/alimentacplp.com\/wp-content\/uploads\/2020\/05\/actuar_Slide_Home_03.jpg\" \/>\n\t<meta property=\"og:image:width\" content=\"2000\" \/>\n\t<meta property=\"og:image:height\" content=\"1200\" \/>\n<meta name=\"twitter:card\" content=\"summary_large_image\" \/>\n<meta name=\"twitter:label1\" content=\"Written by\">\n\t<meta name=\"twitter:data1\" content=\"gruzman\">\n\t<meta name=\"twitter:label2\" content=\"Est. reading time\">\n\t<meta name=\"twitter:data2\" content=\"6 minutos\">\n<script type=\"application\/ld+json\" class=\"yoast-schema-graph\">{\"@context\":\"https:\/\/schema.org\",\"@graph\":[{\"@type\":\"WebSite\",\"@id\":\"https:\/\/alimentacplp.com\/home\/#website\",\"url\":\"https:\/\/alimentacplp.com\/home\/\",\"name\":\"Alimenta CPLP!\",\"description\":\"Observat\\u00f3rio COVID-19 CPLP\",\"potentialAction\":[{\"@type\":\"SearchAction\",\"target\":\"https:\/\/alimentacplp.com\/home\/?s={search_term_string}\",\"query-input\":\"required name=search_term_string\"}],\"inLanguage\":\"pt-BR\"},{\"@type\":\"ImageObject\",\"@id\":\"https:\/\/alimentacplp.com\/home\/parcerias\/#primaryimage\",\"inLanguage\":\"pt-BR\",\"url\":\"https:\/\/alimentacplp.com\/wp-content\/uploads\/2020\/05\/actuar_Slide_Home_03.jpg\",\"width\":2000,\"height\":1200,\"caption\":\"Alimenta\\u00e7\\u00e3o CPLP! | Impacto do Covid-19 na alimenta\\u00e7\\u00e3o nos pa\\u00edses da CPLP | Alimenta\\u00e7\\u00e3o familiar | Agricultura sustent\\u00e1vel\"},{\"@type\":\"WebPage\",\"@id\":\"https:\/\/alimentacplp.com\/home\/parcerias\/#webpage\",\"url\":\"https:\/\/alimentacplp.com\/home\/parcerias\/\",\"name\":\"Parcerias para mitiga\\u00e7\\u00e3o dos impactos da Covid-19 | Alimenta CPLP!\",\"isPartOf\":{\"@id\":\"https:\/\/alimentacplp.com\/home\/#website\"},\"primaryImageOfPage\":{\"@id\":\"https:\/\/alimentacplp.com\/home\/parcerias\/#primaryimage\"},\"datePublished\":\"2019-10-30T11:12:12+00:00\",\"dateModified\":\"2022-03-02T15:31:36+00:00\",\"description\":\"Veja aqui os parceiros ou inscreva a sua entidade como parceiro da Alimenta CPLP! para mitiga\\u00e7\\u00e3o dos impactos da Covid-19\",\"inLanguage\":\"pt-BR\",\"potentialAction\":[{\"@type\":\"ReadAction\",\"target\":[\"https:\/\/alimentacplp.com\/home\/parcerias\/\"]}]}]}<\/script>\n<!-- \/ Yoast SEO plugin. -->","_links":{"self":[{"href":"https:\/\/alimentacplp.com\/home\/wp-json\/wp\/v2\/pages\/2450"}],"collection":[{"href":"https:\/\/alimentacplp.com\/home\/wp-json\/wp\/v2\/pages"}],"about":[{"href":"https:\/\/alimentacplp.com\/home\/wp-json\/wp\/v2\/types\/page"}],"author":[{"embeddable":true,"href":"https:\/\/alimentacplp.com\/home\/wp-json\/wp\/v2\/users\/1"}],"replies":[{"embeddable":true,"href":"https:\/\/alimentacplp.com\/home\/wp-json\/wp\/v2\/comments?post=2450"}],"version-history":[{"count":11,"href":"https:\/\/alimentacplp.com\/home\/wp-json\/wp\/v2\/pages\/2450\/revisions"}],"predecessor-version":[{"id":4403,"href":"https:\/\/alimentacplp.com\/home\/wp-json\/wp\/v2\/pages\/2450\/revisions\/4403"}],"wp:featuredmedia":[{"embeddable":true,"href":"https:\/\/alimentacplp.com\/home\/wp-json\/wp\/v2\/media\/2452"}],"wp:attachment":[{"href":"https:\/\/alimentacplp.com\/home\/wp-json\/wp\/v2\/media?parent=2450"}],"curies":[{"name":"wp","href":"https:\/\/api.w.org\/{rel}","templated":true}]}}