{"id":2775,"date":"2019-10-28T20:44:25","date_gmt":"2019-10-28T19:44:25","guid":{"rendered":"http:\/\/alimentacplp.com\/noticias\/copia-observatorio-brasil-2\/"},"modified":"2021-08-05T17:08:13","modified_gmt":"2021-08-05T16:08:13","slug":"observatorio-portugal","status":"publish","type":"page","link":"https:\/\/alimentacplp.com\/home\/observatorio\/observatorio-portugal\/","title":{"rendered":"Portugal"},"content":{"rendered":"<div class=\"fusion-fullwidth fullwidth-box fusion-builder-row-1 nonhundred-percent-fullwidth non-hundred-percent-height-scrolling fusion-equal-height-columns\" style=\"background-color: #ffffff;background-position: center center;background-repeat: no-repeat;padding-top:4%;padding-right:12%;padding-bottom:0px;padding-left:12%;margin-bottom: 0px;margin-top: 0px;border-width: 0px 0px 0px 0px;border-color:#eae9e9;border-style:solid;\" ><div class=\"fusion-builder-row fusion-row\"><div class=\"fusion-layout-column fusion_builder_column fusion-builder-column-0 fusion_builder_column_1_1 1_1 fusion-one-full fusion-column-first fusion-column-last fusion-column-no-min-height fusion-animated\" style=\"margin-top:0px;margin-bottom:20px;\" data-animationType=\"fadeInRight\" data-animationDuration=\"1.0\" data-animationOffset=\"100%\"><div class=\"fusion-column-wrapper fusion-flex-column-wrapper-legacy\" style=\"background-position:left top;background-repeat:no-repeat;-webkit-background-size:cover;-moz-background-size:cover;-o-background-size:cover;background-size:cover;border-radius:8px 8px 8px 8px;background-color:#efefef;border-radius:8px 8px 8px 8px;overflow:hidden;padding: 5% 5% 5% 5%;\"><style type=\"text\/css\"><\/style><div class=\"fusion-title title fusion-title-1 fusion-sep-none fusion-title-text fusion-title-size-three\" style=\"font-size:24px;margin-top:0px;margin-bottom:0.9em;\"><h3 class=\"title-heading-left\" style=\"margin:0;font-size:1em;\">Planos de conting\u00eancia e documentos oficiais:<\/h3><\/div><div class=\"fusion-sep-clear\"><\/div><div class=\"fusion-separator fusion-full-width-sep\" style=\"margin-left: auto;margin-right: auto;margin-bottom:20px;width:100%;\"><\/div><div class=\"fusion-sep-clear\"><\/div><div class=\"fusion-text fusion-text-1\"><p style=\"font-weight: 400;\"><a href=\"http:\/\/alimentacplp.com\/wp-content\/uploads\/2020\/05\/Portugal_Plano-contigencia.pdf\" rel=\"noopener\">Plano de Conting\u00eancia Portugal<\/a><\/p>\n<\/div><div class=\"fusion-text fusion-text-2\"><p style=\"font-weight: 400;\"><a href=\"https:\/\/dre.pt\/legislacao-covid-19\" target=\"_blank\" rel=\"noopener noreferrer\">Legisla\u00e7\u00e3o Covid-19 em Portugal<\/a><\/p>\n<p style=\"font-weight: 400;\"><a href=\"http:\/\/www.covid19estamoson.gov.pt\/\" target=\"_blank\" rel=\"noopener noreferrer\">Governo de Portugal &#8211; Acompanhamento do Covid-19<\/a><\/p>\n<p style=\"font-weight: 400;\"><a href=\"https:\/\/covid19.min-saude.pt\/\" target=\"_blank\" rel=\"noopener noreferrer\">Plataforma informativa e de acompanhamento do Covid-19<\/a><\/p>\n<p style=\"font-weight: 400;\"><a href=\"https:\/\/covid19estamoson.gov.pt\/plano-desconfinamento-medidas-gerais\/\" target=\"_blank\" rel=\"noopener noreferrer\">Plano de Desconfinamento \u2013 Medidas Gerais<\/a><\/p>\n<p style=\"font-weight: 400;\"><a href=\"https:\/\/covid19estamoson.gov.pt\/medidas-excecionais\/#agricultura\" target=\"_blank\" rel=\"noopener noreferrer\">Medidas Excecionais Covid-19 na Agricultura<\/a><\/p>\n<p style=\"font-weight: 400;\"><a href=\"https:\/\/covid19estamoson.gov.pt\/medidas-excecionais\/#lares-e-outras-instituicoes-do-setor-social\" target=\"_blank\" rel=\"noopener noreferrer\">Medidas Excecionais Covid-19 nas Institui\u00e7\u00f5es Sociais e de Sa\u00fade, Respostas Sociais e A\u00e7\u00e3o Social<\/a><\/p>\n<\/div><div class=\"fusion-clearfix\"><\/div><\/div><\/div><div class=\"fusion-layout-column fusion_builder_column fusion-builder-column-1 fusion_builder_column_1_1 1_1 fusion-one-full fusion-column-first fusion-column-last fusion-animated\" style=\"margin-top:0px;margin-bottom:20px;\" data-animationType=\"fadeInRight\" data-animationDuration=\"1.0\" data-animationOffset=\"100%\"><div class=\"fusion-column-wrapper fusion-flex-column-wrapper-legacy\" style=\"background-position:left top;background-repeat:no-repeat;-webkit-background-size:cover;-moz-background-size:cover;-o-background-size:cover;background-size:cover;padding: 5% 5% 5% 5%;\"><style type=\"text\/css\"><\/style><div class=\"fusion-title title fusion-title-2 fusion-sep-none fusion-title-text fusion-title-size-one\" style=\"font-size:24px;margin-top:0px;margin-bottom:0.9em;\"><h1 class=\"title-heading-left\" style=\"margin:0;font-size:1em;\">\u00datimas informa\u00e7\u00f5es Portugal:<\/h1><\/div><div class=\"fusion-sep-clear\"><\/div><div class=\"fusion-separator fusion-full-width-sep\" style=\"margin-left: auto;margin-right: auto;margin-bottom:20px;width:100%;\"><\/div><div class=\"fusion-sep-clear\"><\/div><div class=\"fusion-text fusion-text-3\"><p><a href=\"https:\/\/www.ialimentar.pt\/Artigos\/357339-Organizacoes-defendem-criacao-uma-lei-bases-do-direito-humano-a-Alimentacao-Adequada-em.html\">Organiza\u00e7\u00f5es defendem cria\u00e7\u00e3o de uma lei de bases do direito humano \u00e0 Alimenta\u00e7\u00e3o Adequada em Portugal<\/a><\/p>\n<p><a href=\"https:\/\/sicnoticias.pt\/especiais\/coronavirus\/2021-02-03-Covid-19.-Banco-Alimentar-do-Porto-com-aumento-de-600-nos-pedidos-de-ajuda\">Covid-19. Banco Alimentar do Porto com aumento de 600% nos pedidos de ajuda<\/a><\/p>\n<p><a href=\"https:\/\/www.tsf.pt\/portugal\/sociedade\/banco-alimentar-pede-aos-portugueses-mais-solidariedade-em-tempo-de-pandemia-13267740.html\">Banco Alimentar pede aos portugueses mais solidariedade em tempo de pandemia<\/a><\/p>\n<p><a href=\"https:\/\/www.lusa.pt\/article\/8_xWtycxUAyrza4TS0STCTMSZM5iuSI1\/covid-19-sem-imprevistos-portugal-ter%C3%A1-70-dos-adultos-vacinados-no-fim-do-ver%C3%A3o-costa\">Covid-19: Sem imprevistos Portugal ter\u00e1 70% dos adultos vacinados no fim do ver\u00e3o \u2013 Costa<\/a><\/p>\n<p><a href=\"https:\/\/www.dn.pt\/politica\/presidente-da-republica-promulga-decreto-que-altera-medidas-do-estado-de-emergencia-13262430.html\">Presidente da Rep\u00fablica promulga decreto que altera medidas do estado de emerg\u00eancia<\/a><\/p>\n<p><a href=\"https:\/\/www.lusa.pt\/article\/KnGV2QN7Bat04snRTTtn3TMSZM5iuSI1\/covid-19-costa-alerta-que-portugal-pode-atingir-os-mil-casos-di%C3%A1rios-na-pr%C3%B3xima-semana\">Covid-19: Costa alerta que Portugal pode atingir os mil casos di\u00e1rios na pr\u00f3xima semana<\/a><\/p>\n<p><a href=\"https:\/\/www.noticiasaominuto.com\/economia\/1581869\/temos-de-colocar-a-agricultura-no-centro-das-nossas-preocupacoes\">Ant\u00f4nio Costa: &#8220;Temos de colocar a agricultura no centro das nossas preocupa\u00e7\u00f5es&#8221;<\/a><\/p>\n<p><a href=\"https:\/\/www.noticiasaominuto.com\/economia\/1582124\/governo-quer-aumentar-investimento-em-investigacao-no-setor-agroalimentar\">Governo quer aumentar investimento em investiga\u00e7\u00e3o no setor agroalimentar<\/a><\/p>\n<p><a href=\"https:\/\/www.lusa.pt\/article\/4KALnVF7QTW8xhYrePOa~TMSZM5iuSI1\/covid-19-situa%C3%A7%C3%A3o-epid%C3%A9mica-agravou-se-em-portugal-desde-meados-de-agosto\">Covid-19: Situa\u00e7\u00e3o epid\u00e9mica agravou-se em Portugal desde meados de agosto<\/a><\/p>\n<p><a href=\"https:\/\/www.lusa.pt\/article\/4KALnVF7QTX~OGG_6s__HjMSZM5iuSI1\/covid-19-ant%C3%B3nio-costa-alerta-que-o-pa%C3%ADs-vai-entrar-numa-fase-cr%C3%ADtica-top-five-news\">Covid-19: Ant\u00f3nio Costa alerta que o pa\u00eds vai entrar \u201cnuma fase cr\u00edtica\u201d<\/a><\/p>\n<p><a href=\"https:\/\/e-global.pt\/noticias\/lusofonia\/cabo-verde\/portugal-ajuda-cabo-verde-a-reforcar-testes-a-covid-19\/\">Portugal ajuda Cabo Verde a refor\u00e7ar testes \u00e0 Covid-19<\/a><\/p>\n<p><a href=\"https:\/\/www.noticiasaominuto.com\/politica\/1573826\/costa-promete-mais-testes-por-risco-de-aumento-de-contagios-apos-ferias\">Costa promete mais testes por risco de aumento de cont\u00e1gios ap\u00f3s f\u00e9rias<\/a><\/p>\n<p><a href=\"https:\/\/colabor.pt\/publicacoes\/trabalho-desigualdades-grande-confinamento-ii-desemprego-layoff-teletrabalho\/\">Estudo: Trabalho e Desigualdades no Grande Confinamento II: desemprego, layoff e adapta\u00e7\u00e3o ao teletrabalho<\/a><\/p>\n<p><a href=\"https:\/\/e-global.pt\/noticia\/vida\/medicina-saude-e-alimentacao\/especial-covid-19\/covid-19-portugal-aprova-compra-de-69-milhoes-de-vacinas-por-20-milhoes-de-euros\/\">Covid-19: Portugal aprova compra de 6,9 milh\u00f5es de vacinas por 20 milh\u00f5es de euros<\/a><\/p>\n<p><a href=\"https:\/\/news.un.org\/pt\/story\/2020\/08\/1724052\">OMS elogia resposta de Portugal \u00e0 Covid-19 e nota melhora da situa\u00e7\u00e3o no Brasil<\/a><\/p>\n<p><a href=\"https:\/\/www.dw.com\/pt-002\/covid-19-crise-econ%C3%B3mica-em-portugal-afeta-imigrantes-africanos\/a-54508447\">Covid-19: Crise econ\u00f3mica em Portugal afeta imigrantes africanos<\/a><\/p>\n<p><a href=\"https:\/\/www.plataformamedia.com\/2020\/08\/14\/economia-portuguesa-afunda-163-entre-abril-e-junho\/\">Economia portuguesa tem queda de 16,3% entre abril e junho<\/a><\/p>\n<p><a href=\"https:\/\/24.sapo.pt\/economia\/artigos\/covid-19-agricultores-receberam-355-milhoes-de-euros-no-ambito-da-politica-agricola-comum\" target=\"_blank\" rel=\"noopener noreferrer\">Covid-19: Agricultores receberam 355 milh\u00f5es de euros no \u00e2mbito da Pol\u00edtica Agr\u00edcola Comum<\/a><\/p>\n<p><a href=\"https:\/\/www.lusa.pt\/article\/OrPsdazCQLMVfhklYWLsnTMSZM5iuSI1\/covid-19-crise-afasta-mais-emigrantes-de-portugal-que-o-v%C3%ADrus-sec-estado\" target=\"_blank\" rel=\"noopener noreferrer\">Covid-19: Crise afasta mais emigrantes de Portugal que o v\u00edrus &#8211; Sec. Estado<\/a><\/p>\n<p><a href=\"https:\/\/www.noticiasaominuto.com\/economia\/1527954\/agricultura-ecologica-e-renovacao-do-setor-devem-ser-estimulados\" target=\"_blank\" rel=\"noopener noreferrer\">&#8220;Agricultura ecol\u00f3gica&#8221; e renova\u00e7\u00e3o do setor devem ser estimulados<\/a><\/p>\n<p><a href=\"https:\/\/odigital.pt\/associacao-de-agricultores-do-sul-vai-retomar-o-servico-de-formacao-profissional-mas-agora-a-distancia\/\" target=\"_blank\" rel=\"noopener noreferrer\">Associa\u00e7\u00e3o de Agricultores do Sul vai retomar o servi\u00e7o de forma\u00e7\u00e3o profissional, mas agora \u00e0 dist\u00e2ncia<\/a><\/p>\n<p><a href=\"https:\/\/ominho.pt\/governo-disponibiliza-3-milhoes-do-ivdp-para-armazenamento-de-vinho-do-porto\/\" target=\"_blank\" rel=\"noopener noreferrer\">Governo disponibiliza 3 milh\u00f5es do IVDP para armazenamento de vinho do Porto<\/a><\/p>\n<p><a href=\"https:\/\/www.noticiasaominuto.com\/economia\/1524453\/setor-da-agricultura-mostrou-resiliencia-perante-a-pandemia\" target=\"_blank\" rel=\"noopener noreferrer\">Setor da agricultura &#8220;mostrou resili\u00eancia&#8221; perante a pandemia<\/a><\/p>\n<p><a href=\"https:\/\/www.lusa.pt\/article\/29158199\/resposta-do-governo-%C3%A0s-intemp%C3%A9ries-na-regi%C3%A3o-centro-%C3%A9-insuficiente-e-desadequada-cap\" target=\"_blank\" rel=\"noopener noreferrer\">Resposta do Governo \u00e0s intemp\u00e9ries na regi\u00e3o centro \u00e9 insuficiente e desadequada &#8211; CAP<\/a><\/p>\n<p><a href=\"https:\/\/www.lusa.pt\/article\/29159374\/covid-19-setor-da-pesca-j%C3%A1-pediu-10-2-me-em-cr%C3%A9ditos-ministro\" target=\"_blank\" rel=\"noopener noreferrer\">Covid-19: Setor da pesca j\u00e1 pediu 10,2 ME em cr\u00e9ditos \u2013 Ministro<\/a><\/p>\n<p><a href=\"https:\/\/www.lusa.pt\/article\/29152296\" target=\"_blank\" rel=\"noopener noreferrer\">Covid-19: Ministra diz que setor da agricultura mostrou resili\u00eancia perante a pandemia<\/a><\/p>\n<p><a href=\"https:\/\/www.lusa.pt\/article\/29104711\/covid-19-pandemia-refor%C3%A7a-ajudas-agr%C3%ADcolas-diretas-a-animais-e-arroz\" target=\"_blank\" rel=\"noopener noreferrer\">Covid-19: Pandemia refor\u00e7a ajudas agr\u00edcolas diretas a animais e arroz<\/a><\/p>\n<p><a href=\"https:\/\/e-global.pt\/noticias\/nacional\/ministra-da-agricultura-garante-que-governo-esta-preocupado-e-solidario-perante-as-consequencias-do-coronavirus\/\" target=\"_blank\" rel=\"noopener noreferrer\">Ministra da Agricultura garane que o Governo est\u00e1 &#8220;preocupado e solid\u00e1rio&#8221; perante as consequ\u00eancias do coronav\u00edrus<\/a><\/p>\n<p><a href=\"https:\/\/observador.pt\/opiniao\/malnutricao-urge-um-compromisso-politico-para-um-velho-problema\/\" target=\"_blank\" rel=\"noopener noreferrer\">Malnutri\u00e7\u00e3o, urge um compromisso pol\u00edtico para um velho problema<\/a><\/p>\n<p><a href=\"https:\/\/observador.pt\/2020\/06\/01\/banco-alimentar-angaria-14-milhoes-de-euros-em-donativos\/\" target=\"_blank\" rel=\"noopener noreferrer\">Banco Alimentar angaria 1,4 milh\u00f5es de euros em donativos<\/a><\/p>\n<p><a href=\"https:\/\/www.noticiasaominuto.com\/economia\/1492817\/covid-19-negociados-ate-mais-35-milhoes-em-apoios-para-agricultura\" target=\"_blank\" rel=\"noopener noreferrer\">Covid-19: Negociados at\u00e9 mais 35 milh\u00f5es em apoios para agricultura<\/a><\/p>\n<p><a href=\"https:\/\/www.dnoticias.pt\/pais\/governo-alarga-ate-30-de-dezembro-prazo-para-concluir-servicos-de-aconselhamento-agricola-ED6324879\" target=\"_blank\" rel=\"noopener noreferrer\">Governo alarga at\u00e9 30 de dezembro prazo para concluir servi\u00e7os de aconselhamento agr\u00edcola<\/a><\/p>\n<p><a href=\"https:\/\/rr.sapo.pt\/2020\/05\/22\/economia\/fome-google-e-gulbenkian-ajudam-rede-alimentar-de-emergencia\/noticia\/193819\/\" target=\"_blank\" rel=\"noopener noreferrer\">Fome. Google e Gulbenkian ajudam Rede Alimentar de Emerg\u00eancia<\/a><\/p>\n<p><a href=\"https:\/\/www.publico.pt\/2020\/05\/21\/sociedade\/noticia\/covid19-empurra-60-mil-banco-alimentar-ha-nova-campanha-supermercados-net-1917519\" target=\"_blank\" rel=\"noopener noreferrer\">Covid-19 empurra mais 60 mil para o Banco Alimentar. H\u00e1 nova campanha nos supermercados e na Net<\/a><\/p>\n<p><a href=\"http:\/\/portocanal.sapo.pt\/noticia\/221991\" target=\"_blank\" rel=\"noopener noreferrer\">Covid-19: Associa\u00e7\u00e3o Portuguesa de Nutri\u00e7\u00e3o alerta para mais de 50% dos doentes internados estarem malnutridos<\/a><\/p>\n<p><a href=\"https:\/\/www.dnoticias.pt\/pais\/confederacoes-agricolas-querem-apoios-do-estado-e-nao-apenas-de-bruxelas-FB6298766\" target=\"_blank\" rel=\"noopener noreferrer\">Confedera\u00e7\u00f5es agr\u00edcolas querem apoios do Estado e n\u00e3o apenas de Bruxelas<\/a><\/p>\n<\/div><div class=\"fusion-clearfix\"><\/div><\/div><\/div><\/div><\/div>\n","protected":false},"excerpt":{"rendered":"","protected":false},"author":1,"featured_media":2742,"parent":721,"menu_order":0,"comment_status":"closed","ping_status":"closed","template":"100-width.php","meta":[],"yoast_head":"<!-- This site is optimized with the Yoast SEO plugin v15.2.1 - https:\/\/yoast.com\/wordpress\/plugins\/seo\/ -->\n<title>Portugal | Alimenta CPLP!<\/title>\n<meta name=\"robots\" content=\"index, follow, max-snippet:-1, max-image-preview:large, max-video-preview:-1\" \/>\n<link rel=\"canonical\" href=\"https:\/\/alimentacplp.com\/home\/observatorio\/observatorio-portugal\/\" \/>\n<meta property=\"og:locale\" content=\"pt_BR\" \/>\n<meta property=\"og:type\" content=\"article\" \/>\n<meta property=\"og:title\" content=\"Portugal | Alimenta CPLP!\" \/>\n<meta property=\"og:url\" content=\"https:\/\/alimentacplp.com\/home\/observatorio\/observatorio-portugal\/\" \/>\n<meta property=\"og:site_name\" content=\"Alimenta CPLP!\" \/>\n<meta property=\"article:publisher\" content=\"https:\/\/www.facebook.com\/Alimenta-CPLP-114985186857112\/\" \/>\n<meta property=\"article:modified_time\" content=\"2021-08-05T16:08:13+00:00\" \/>\n<meta property=\"og:image\" content=\"https:\/\/alimentacplp.com\/wp-content\/uploads\/2020\/05\/bg_Contatos_01.jpg\" \/>\n\t<meta property=\"og:image:width\" content=\"1024\" \/>\n\t<meta property=\"og:image:height\" content=\"480\" \/>\n<meta name=\"twitter:card\" content=\"summary_large_image\" \/>\n<meta name=\"twitter:label1\" content=\"Written by\">\n\t<meta name=\"twitter:data1\" content=\"gruzman\">\n\t<meta name=\"twitter:label2\" content=\"Est. reading time\">\n\t<meta name=\"twitter:data2\" content=\"6 minutos\">\n<script type=\"application\/ld+json\" class=\"yoast-schema-graph\">{\"@context\":\"https:\/\/schema.org\",\"@graph\":[{\"@type\":\"WebSite\",\"@id\":\"https:\/\/alimentacplp.com\/home\/#website\",\"url\":\"https:\/\/alimentacplp.com\/home\/\",\"name\":\"Alimenta CPLP!\",\"description\":\"Observat\\u00f3rio COVID-19 CPLP\",\"potentialAction\":[{\"@type\":\"SearchAction\",\"target\":\"https:\/\/alimentacplp.com\/home\/?s={search_term_string}\",\"query-input\":\"required name=search_term_string\"}],\"inLanguage\":\"pt-BR\"},{\"@type\":\"ImageObject\",\"@id\":\"https:\/\/alimentacplp.com\/home\/observatorio\/observatorio-portugal\/#primaryimage\",\"inLanguage\":\"pt-BR\",\"url\":\"https:\/\/alimentacplp.com\/wp-content\/uploads\/2020\/05\/bg_Contatos_01.jpg\",\"width\":1024,\"height\":480,\"caption\":\"Alimenta\\u00e7\\u00e3o CPLP! | Impacto do Covid-19 na alimenta\\u00e7\\u00e3o nos pa\\u00edses da CPLP | Alimenta\\u00e7\\u00e3o familiar | Agricultura sustent\\u00e1vel\"},{\"@type\":\"WebPage\",\"@id\":\"https:\/\/alimentacplp.com\/home\/observatorio\/observatorio-portugal\/#webpage\",\"url\":\"https:\/\/alimentacplp.com\/home\/observatorio\/observatorio-portugal\/\",\"name\":\"Portugal | Alimenta CPLP!\",\"isPartOf\":{\"@id\":\"https:\/\/alimentacplp.com\/home\/#website\"},\"primaryImageOfPage\":{\"@id\":\"https:\/\/alimentacplp.com\/home\/observatorio\/observatorio-portugal\/#primaryimage\"},\"datePublished\":\"2019-10-28T19:44:25+00:00\",\"dateModified\":\"2021-08-05T16:08:13+00:00\",\"inLanguage\":\"pt-BR\",\"potentialAction\":[{\"@type\":\"ReadAction\",\"target\":[\"https:\/\/alimentacplp.com\/home\/observatorio\/observatorio-portugal\/\"]}]}]}<\/script>\n<!-- \/ Yoast SEO plugin. -->","_links":{"self":[{"href":"https:\/\/alimentacplp.com\/home\/wp-json\/wp\/v2\/pages\/2775"}],"collection":[{"href":"https:\/\/alimentacplp.com\/home\/wp-json\/wp\/v2\/pages"}],"about":[{"href":"https:\/\/alimentacplp.com\/home\/wp-json\/wp\/v2\/types\/page"}],"author":[{"embeddable":true,"href":"https:\/\/alimentacplp.com\/home\/wp-json\/wp\/v2\/users\/1"}],"replies":[{"embeddable":true,"href":"https:\/\/alimentacplp.com\/home\/wp-json\/wp\/v2\/comments?post=2775"}],"version-history":[{"count":13,"href":"https:\/\/alimentacplp.com\/home\/wp-json\/wp\/v2\/pages\/2775\/revisions"}],"predecessor-version":[{"id":4377,"href":"https:\/\/alimentacplp.com\/home\/wp-json\/wp\/v2\/pages\/2775\/revisions\/4377"}],"up":[{"embeddable":true,"href":"https:\/\/alimentacplp.com\/home\/wp-json\/wp\/v2\/pages\/721"}],"wp:featuredmedia":[{"embeddable":true,"href":"https:\/\/alimentacplp.com\/home\/wp-json\/wp\/v2\/media\/2742"}],"wp:attachment":[{"href":"https:\/\/alimentacplp.com\/home\/wp-json\/wp\/v2\/media?parent=2775"}],"curies":[{"name":"wp","href":"https:\/\/api.w.org\/{rel}","templated":true}]}}