{"id":2782,"date":"2019-10-28T20:44:25","date_gmt":"2019-10-28T19:44:25","guid":{"rendered":"http:\/\/alimentacplp.com\/?page_id=2782"},"modified":"2021-08-05T17:00:14","modified_gmt":"2021-08-05T16:00:14","slug":"observatorio-cabo-verdel","status":"publish","type":"page","link":"https:\/\/alimentacplp.com\/home\/observatorio\/observatorio-cabo-verdel\/","title":{"rendered":"Cabo Verde"},"content":{"rendered":"<div class=\"fusion-fullwidth fullwidth-box fusion-builder-row-1 nonhundred-percent-fullwidth non-hundred-percent-height-scrolling fusion-equal-height-columns\" style=\"background-color: #ffffff;background-position: center center;background-repeat: no-repeat;padding-top:4%;padding-right:12%;padding-bottom:50px;padding-left:12%;margin-bottom: 0px;margin-top: 0px;border-width: 0px 0px 0px 0px;border-color:#eae9e9;border-style:solid;\" ><div class=\"fusion-builder-row fusion-row\"><div class=\"fusion-layout-column fusion_builder_column fusion-builder-column-0 fusion_builder_column_1_1 1_1 fusion-one-full fusion-column-first fusion-column-last fusion-column-no-min-height fusion-animated\" style=\"margin-top:0px;margin-bottom:20px;\" data-animationType=\"fadeInRight\" data-animationDuration=\"1.0\" data-animationOffset=\"100%\"><div class=\"fusion-column-wrapper fusion-flex-column-wrapper-legacy\" style=\"background-position:left top;background-repeat:no-repeat;-webkit-background-size:cover;-moz-background-size:cover;-o-background-size:cover;background-size:cover;border-radius:8px 8px 8px 8px;background-color:#efefef;border-radius:8px 8px 8px 8px;overflow:hidden;padding: 5% 5% 5% 5%;\"><style type=\"text\/css\"><\/style><div class=\"fusion-title title fusion-title-1 fusion-sep-none fusion-title-text fusion-title-size-three\" style=\"font-size:24px;margin-top:0px;margin-bottom:0.9em;\"><h3 class=\"title-heading-left\" style=\"margin:0;font-size:1em;\">Planos de conting\u00eancia e documentos oficiais:<\/h3><\/div><div class=\"fusion-sep-clear\"><\/div><div class=\"fusion-separator fusion-full-width-sep\" style=\"margin-left: auto;margin-right: auto;margin-bottom:20px;width:100%;\"><\/div><div class=\"fusion-sep-clear\"><\/div><div class=\"fusion-text fusion-text-1\"><p style=\"font-weight: 400;\"><a href=\"http:\/\/alimentacplp.com\/wp-content\/uploads\/2020\/05\/PLANO-NACIONAL-DE-CONTING\u00caNCIA_CV.pdf\" rel=\"noopener\">Plano de Conting\u00eancia Cabo Verde<\/a><\/p>\n<\/div><div class=\"fusion-text fusion-text-2\"><p style=\"font-weight: 400;\"><a href=\"https:\/\/www.incv.cv\/\" target=\"_blank\" rel=\"noopener noreferrer\">Legisla\u00e7\u00e3o Covid-19 em Cabo Verde<\/a><\/p>\n<p style=\"font-weight: 400;\"><a href=\"https:\/\/covid19.cv\/\" target=\"_blank\" rel=\"noopener noreferrer\">Acompanhamento da evolu\u00e7\u00e3o do COVID-19 em Cabo Verde<\/a><\/p>\n<p style=\"font-weight: 400;\"><a href=\"http:\/\/digital.cv\/digital4covid19\/?cjecbimohlfcjmoh\" target=\"_blank\" rel=\"noopener noreferrer\">Cabo Verde digital no combate ao Covid-19<\/a><\/p>\n<\/div><div class=\"fusion-clearfix\"><\/div><\/div><\/div><div class=\"fusion-layout-column fusion_builder_column fusion-builder-column-1 fusion_builder_column_1_1 1_1 fusion-one-full fusion-column-first fusion-column-last\" style=\"margin-top:0px;margin-bottom:20px;\"><div class=\"fusion-column-wrapper fusion-flex-column-wrapper-legacy\" style=\"background-position:left top;background-repeat:no-repeat;-webkit-background-size:cover;-moz-background-size:cover;-o-background-size:cover;background-size:cover;padding: 0px 0px 0px 0px;\"><style type=\"text\/css\"><\/style><div class=\"fusion-title title fusion-title-2 fusion-sep-none fusion-title-text fusion-title-size-one\" style=\"font-size:24px;margin-top:0px;margin-bottom:0.9em;\"><h1 class=\"title-heading-left\" style=\"margin:0;font-size:1em;\">\u00datimas informa\u00e7\u00f5es Cabo Verde:<\/h1><\/div><div class=\"fusion-sep-clear\"><\/div><div class=\"fusion-separator fusion-full-width-sep\" style=\"margin-left: auto;margin-right: auto;margin-bottom:20px;width:100%;\"><\/div><div class=\"fusion-sep-clear\"><\/div><div class=\"fusion-text fusion-text-3\"><p><a href=\"https:\/\/e-global.pt\/noticias\/lusofonia\/cabo-verde\/cabo-verde-ganhos-na-seguranca-alimentar-ameacados-pela-covid-19\/\">Cabo Verde: Ganhos na Seguran\u00e7a Alimentar amea\u00e7ados pela Covid-19<\/a><\/p>\n<p><a href=\"https:\/\/www.plataformamedia.com\/2021\/02\/12\/cabo-verde-e-o-primeiro-pais-africano-com-financiamento-do-banco-mundial-para-vacinas\/\">Cabo Verde \u00e9 o primeiro pa\u00eds africano com financiamento do Banco Mundial para vacinas<\/a><\/p>\n<p><a href=\"https:\/\/www.lusa.pt\/article\/8_xWtycxUAyeNiaTMAuajzMSZM5iuSI1\/mais-de-20-das-importa%C3%A7%C3%B5es-cabo-verdianas-em-2020-foram-de-alimentos-transformados\">Mais de 20% das importa\u00e7\u00f5es cabo-verdianas em 2020 foram de alimentos transformados<\/a><\/p>\n<p><a href=\"https:\/\/e-global.pt\/noticias\/lusofonia\/cabo-verde\/presidente-de-cabo-verde-visitara-guine-equatorial-antes-de-cimeira-da-cplp\/\">Presidente de Cabo Verde visitar\u00e1 Guin\u00e9 Equatorial antes da cimeira da CPLP<\/a><\/p>\n<p><a href=\"https:\/\/www.noticiasaominuto.com\/economia\/1582101\/donativos-a-cabo-verde-sobem-13-no-primeiro-semestre\">Donativos a Cabo Verde sobem 13% no primeiro semestre<\/a><\/p>\n<p><a href=\"https:\/\/www.dw.com\/pt-002\/cabo-verde-consequ%C3%AAncias-da-pandemia-da-covid-19-v%C3%A3o-causar-perturba%C3%A7%C3%B5es-macroecon%C3%B3micas\/a-54752654\">Cabo Verde: &#8220;Consequ\u00eancias da pandemia da Covid-19 v\u00e3o causar perturba\u00e7\u00f5es macroecon\u00f3micas&#8221;<\/a><\/p>\n<p><a href=\"https:\/\/e-global.pt\/noticias\/lusofonia\/cabo-verde\/cabo-verde-governo-recua-na-obrigatoriedade-de-mascaras-na-rua\/\">Cabo Verde: Governo recua na obrigatoriedade de m\u00e1scaras na rua<\/a><\/p>\n<p><a href=\"https:\/\/e-global.pt\/noticias\/lusofonia\/cabo-verde\/cabo-verde-pr-aprova-obrigatoriedade-de-mascaras-na-via-publica\/\">Cabo Verde: PR aprova obrigatoriedade de m\u00e1scaras na via p\u00fablica<\/a><\/p>\n<p><a href=\"https:\/\/plataformamedia.com\/2020\/08\/30\/cabo-verde-envia-contingente-militar-para-a-ilha-do-fogo\/\">Cabo Verde envia contingente militar para a ilha do Fogo<\/a><\/p>\n<p><a href=\"https:\/\/www.noticiasaominuto.com\/economia\/1567664\/cabo-verde-quer-tornar-agricultura-menos-dependente-de-chuvas\">Cabo Verde quer tornar agricultura menos dependente de chuvas<\/a><\/p>\n<p><a href=\"https:\/\/www.dw.com\/pt-002\/covid-19-presidente-de-cabo-verde-quer-que-novas-restri%C3%A7%C3%B5es-cumpram-constitui%C3%A7%C3%A3o\/a-54553926\">Covid-19: Presidente de Cabo Verde quer que novas restri\u00e7\u00f5es cumpram Constitui\u00e7\u00e3o<\/a><\/p>\n<p><a href=\"https:\/\/www.plataformamedia.com\/2020\/08\/14\/unicef-distribuiu-kits-de-higienizacao-por-creches-cabo-verdianas\/\">Unicef distribuiu kits de higieniza\u00e7\u00e3o por creches cabo-verdianas<\/a><\/p>\n<p><a href=\"https:\/\/e-global.pt\/noticias\/lusofonia\/cabo-verde\/cabo-verde-pnud-apoia-municipios-afetados-pela-covid-19\/\">Cabo Verde: PNUD apoia munic\u00edpios afetados pela Covid-19<\/a><\/p>\n<p><a href=\"https:\/\/e-global.pt\/noticias\/lusofonia\/cabo-verde\/cabo-verde-ucid-propoe-aposta-na-agricultura-e-no-setor-maritimo-no-pos-covid-19\/\" target=\"_blank\" rel=\"noopener noreferrer\">Cabo Verde: UCID prop\u00f5es aposta na agriculura e no setor mar\u00edtimo no p\u00f3s-Covid-19<\/a><\/p>\n<p><a href=\"https:\/\/www.lusa.pt\/article\/l~yDOkdESPQnkZvDDZ5HKDMSZM5iuSI1\/covid-19-governo-cabo-verdiano-inicia-consultas-sobre-or%C3%A7amento-retificativo\" target=\"_blank\" rel=\"noopener noreferrer\">Covid-19: Governo cabo-verdiano inicia consultas sobre Or\u00e7amento Retificativo<\/a><\/p>\n<p><a href=\"https:\/\/www.lusa.pt\/article\/KuyiDvP~3QNfSwo3y3WLezMSZM5iuSI1\/covid-19-cabo-verde-aumenta-diariamente-resili%C3%AAncia-e-capacidade-de-interven%C3%A7%C3%A3o-no-combate\" target=\"_blank\" rel=\"noopener noreferrer\">Covid-19: Cabo Verde aumenta diariamente resili\u00eancia e capacidade de interven\u00e7\u00e3o no combate<\/a><\/p>\n<p><a href=\"https:\/\/expressodasilhas.cv\/pais\/2020\/06\/14\/entre-o-virus-e-a-sobrevivencia-familias-passam-dificuldades-durante-o-confinamento\/69952\" target=\"_blank\" rel=\"noopener noreferrer\">Entre o v\u00edrus e a sobreviv\u00eancia : Fam\u00edlias passam dificuldades durante o confinamento<\/a><\/p>\n<p><a href=\"https:\/\/visao.sapo.pt\/atualidade\/politica\/2020-06-12-cabo-verde-vai-distribuir-72-mil-plantas-aos-agricultores-no-novo-ano-agricola\/\" target=\"_blank\" rel=\"noopener noreferrer\">Cabo Verde vai distribuir 72 mil plantas aos agricultores no novo ano agr\u00edcola<\/a><\/p>\n<p><a href=\"https:\/\/e-global.pt\/noticias\/lusofonia\/cabo-verde\/cabo-verde-ucid-propoe-aposta-na-agricultura-e-no-setor-maritimo-no-pos-covid-19\/\" target=\"_blank\" rel=\"noopener noreferrer\">UCID prop\u00f5e aposta na agricultura e no setor mar\u00edtimo no p\u00f3s-Covid-19<\/a><\/p>\n<p><a href=\"https:\/\/e-global.pt\/noticias\/lusofonia\/cabo-verde\/cabo-verde-recebe-emprestimo-de-30-milhoes-de-euros-do-bad\/\" target=\"_blank\" rel=\"noopener noreferrer\">Cabo Verde recebe empr\u00e9stimo de 30 milh\u00f5es de euros do BAD<\/a><\/p>\n<p><a href=\"https:\/\/www.dw.com\/pt-002\/covid-19-cabo-verde-anuncia-plano-de-desconfinamento\/a-53622530\" target=\"_blank\" rel=\"noopener noreferrer\">Covid-19: Cabo Verde anuncia plano de desconfinamento<\/a><\/p>\n<p><a href=\"https:\/\/www.sapo.pt\/noticias\/atualidade\/apoio-de-programa-de-combate-a-seca-chegou-a-_5ece821abc8d914971d2e787\" target=\"_blank\" rel=\"noopener noreferrer\">Apoio de programa de combate \u00e0 seca chegou a 60 mil agricultores e criadores cabo-verdianos \u2013 PM<\/a><\/p>\n<p><a href=\"https:\/\/www.lusa.pt\/article\/xjiyOAsle3soIyzYCbJ2VzMSZM5iuSI1\/covid-19-capital-cabo-verdiana-mais-preparada-ap%C3%B3s-estado-de-emerg%C3%AAncia-ministro\" target=\"_blank\" rel=\"noopener noreferrer\">Covid-19: Capital cabo-verdiana mais preparada ap\u00f3s estado de emerg\u00eancia \u2013 ministro<\/a><\/p>\n<p><a href=\"https:\/\/www.lusa.pt\/article\/40RXZ~F4OfjoGtCaL6voNDMSZM5iuSI1\/covid-19-pr-de-cabo-verde-alerta-para-consequ%C3%AAncias-no-desenvolvimento-dos-pa%C3%ADses-africanos\" target=\"_blank\" rel=\"noopener noreferrer\">Covid-19: PR de Cabo Verde alerta para consequ\u00eancias no desenvolvimento dos pa\u00edses africanos<\/a><\/p>\n<p><a href=\"https:\/\/www.inforpress.cv\/covid-19-violencia-baseada-no-genero-aumenta-em-8-dur\/\" target=\"_blank\" rel=\"noopener noreferrer\">Covid-19: Viol\u00eancia Baseada no G\u00e9nero aumenta em 8% durante o Estado de Emerg\u00eancia<\/a><\/p>\n<p><a href=\"https:\/\/www.inforpress.cv\/covid-19-uniao-europeia-vai-disponibilizar-mais-10-milhoes-de-euros-a-cabo-verde-c-video\/\" target=\"_blank\" rel=\"noopener noreferrer\"><span style=\"font-weight: 400;\">Covid-19: Uni\u00e3o Europeia vai disponibilizar mais cerca de 10 milh\u00f5es de euros a Cabo Verde<\/span><\/a><\/p>\n<p><a href=\"https:\/\/www.inforpress.cv\/preco-de-produtos-alimentares-de-primeira-necessidade-regista-tendencia-relativamente-estavel\/\" target=\"_blank\" rel=\"noopener noreferrer\"><span style=\"font-weight: 400;\">Pre\u00e7o de produtos alimentares de primeira necessidade regista \u201ctend\u00eancia relativamente est\u00e1vel\u201d<\/span><\/a><\/p>\n<\/div><div class=\"fusion-clearfix\"><\/div><\/div><\/div><\/div><\/div>\n","protected":false},"excerpt":{"rendered":"","protected":false},"author":1,"featured_media":2742,"parent":721,"menu_order":0,"comment_status":"closed","ping_status":"closed","template":"100-width.php","meta":[],"yoast_head":"<!-- This site is optimized with the Yoast SEO plugin v15.2.1 - https:\/\/yoast.com\/wordpress\/plugins\/seo\/ -->\n<title>Cabo Verde | Alimenta CPLP!<\/title>\n<meta name=\"robots\" content=\"index, follow, max-snippet:-1, max-image-preview:large, max-video-preview:-1\" \/>\n<link rel=\"canonical\" href=\"https:\/\/alimentacplp.com\/home\/observatorio\/observatorio-cabo-verdel\/\" \/>\n<meta property=\"og:locale\" content=\"pt_BR\" \/>\n<meta property=\"og:type\" content=\"article\" \/>\n<meta property=\"og:title\" content=\"Cabo Verde | Alimenta CPLP!\" \/>\n<meta property=\"og:url\" content=\"https:\/\/alimentacplp.com\/home\/observatorio\/observatorio-cabo-verdel\/\" \/>\n<meta property=\"og:site_name\" content=\"Alimenta CPLP!\" \/>\n<meta property=\"article:publisher\" content=\"https:\/\/www.facebook.com\/Alimenta-CPLP-114985186857112\/\" \/>\n<meta property=\"article:modified_time\" content=\"2021-08-05T16:00:14+00:00\" \/>\n<meta property=\"og:image\" content=\"https:\/\/alimentacplp.com\/wp-content\/uploads\/2020\/05\/bg_Contatos_01.jpg\" \/>\n\t<meta property=\"og:image:width\" content=\"1024\" \/>\n\t<meta property=\"og:image:height\" content=\"480\" \/>\n<meta name=\"twitter:card\" content=\"summary_large_image\" \/>\n<meta name=\"twitter:label1\" content=\"Written by\">\n\t<meta name=\"twitter:data1\" content=\"gruzman\">\n\t<meta name=\"twitter:label2\" content=\"Est. reading time\">\n\t<meta name=\"twitter:data2\" content=\"5 minutos\">\n<script type=\"application\/ld+json\" class=\"yoast-schema-graph\">{\"@context\":\"https:\/\/schema.org\",\"@graph\":[{\"@type\":\"WebSite\",\"@id\":\"https:\/\/alimentacplp.com\/home\/#website\",\"url\":\"https:\/\/alimentacplp.com\/home\/\",\"name\":\"Alimenta CPLP!\",\"description\":\"Observat\\u00f3rio COVID-19 CPLP\",\"potentialAction\":[{\"@type\":\"SearchAction\",\"target\":\"https:\/\/alimentacplp.com\/home\/?s={search_term_string}\",\"query-input\":\"required name=search_term_string\"}],\"inLanguage\":\"pt-BR\"},{\"@type\":\"ImageObject\",\"@id\":\"https:\/\/alimentacplp.com\/home\/observatorio\/observatorio-cabo-verdel\/#primaryimage\",\"inLanguage\":\"pt-BR\",\"url\":\"https:\/\/alimentacplp.com\/wp-content\/uploads\/2020\/05\/bg_Contatos_01.jpg\",\"width\":1024,\"height\":480,\"caption\":\"Alimenta\\u00e7\\u00e3o CPLP! | Impacto do Covid-19 na alimenta\\u00e7\\u00e3o nos pa\\u00edses da CPLP | Alimenta\\u00e7\\u00e3o familiar | Agricultura sustent\\u00e1vel\"},{\"@type\":\"WebPage\",\"@id\":\"https:\/\/alimentacplp.com\/home\/observatorio\/observatorio-cabo-verdel\/#webpage\",\"url\":\"https:\/\/alimentacplp.com\/home\/observatorio\/observatorio-cabo-verdel\/\",\"name\":\"Cabo Verde | Alimenta CPLP!\",\"isPartOf\":{\"@id\":\"https:\/\/alimentacplp.com\/home\/#website\"},\"primaryImageOfPage\":{\"@id\":\"https:\/\/alimentacplp.com\/home\/observatorio\/observatorio-cabo-verdel\/#primaryimage\"},\"datePublished\":\"2019-10-28T19:44:25+00:00\",\"dateModified\":\"2021-08-05T16:00:14+00:00\",\"inLanguage\":\"pt-BR\",\"potentialAction\":[{\"@type\":\"ReadAction\",\"target\":[\"https:\/\/alimentacplp.com\/home\/observatorio\/observatorio-cabo-verdel\/\"]}]}]}<\/script>\n<!-- \/ Yoast SEO plugin. -->","_links":{"self":[{"href":"https:\/\/alimentacplp.com\/home\/wp-json\/wp\/v2\/pages\/2782"}],"collection":[{"href":"https:\/\/alimentacplp.com\/home\/wp-json\/wp\/v2\/pages"}],"about":[{"href":"https:\/\/alimentacplp.com\/home\/wp-json\/wp\/v2\/types\/page"}],"author":[{"embeddable":true,"href":"https:\/\/alimentacplp.com\/home\/wp-json\/wp\/v2\/users\/1"}],"replies":[{"embeddable":true,"href":"https:\/\/alimentacplp.com\/home\/wp-json\/wp\/v2\/comments?post=2782"}],"version-history":[{"count":12,"href":"https:\/\/alimentacplp.com\/home\/wp-json\/wp\/v2\/pages\/2782\/revisions"}],"predecessor-version":[{"id":4375,"href":"https:\/\/alimentacplp.com\/home\/wp-json\/wp\/v2\/pages\/2782\/revisions\/4375"}],"up":[{"embeddable":true,"href":"https:\/\/alimentacplp.com\/home\/wp-json\/wp\/v2\/pages\/721"}],"wp:featuredmedia":[{"embeddable":true,"href":"https:\/\/alimentacplp.com\/home\/wp-json\/wp\/v2\/media\/2742"}],"wp:attachment":[{"href":"https:\/\/alimentacplp.com\/home\/wp-json\/wp\/v2\/media?parent=2782"}],"curies":[{"name":"wp","href":"https:\/\/api.w.org\/{rel}","templated":true}]}}