{"id":2784,"date":"2019-10-28T20:44:25","date_gmt":"2019-10-28T19:44:25","guid":{"rendered":"http:\/\/alimentacplp.com\/?page_id=2784"},"modified":"2021-02-23T18:29:17","modified_gmt":"2021-02-23T17:29:17","slug":"observatorio-guine-bissau","status":"publish","type":"page","link":"https:\/\/alimentacplp.com\/home\/observatorio\/observatorio-guine-bissau\/","title":{"rendered":"Guin\u00e9-Bissau"},"content":{"rendered":"<div class=\"fusion-fullwidth fullwidth-box fusion-builder-row-1 nonhundred-percent-fullwidth non-hundred-percent-height-scrolling fusion-equal-height-columns\" style=\"background-color: #ffffff;background-position: center center;background-repeat: no-repeat;padding-top:4%;padding-right:12%;padding-bottom:50px;padding-left:12%;margin-bottom: 0px;margin-top: 0px;border-width: 0px 0px 0px 0px;border-color:#eae9e9;border-style:solid;\" ><div class=\"fusion-builder-row fusion-row\"><div class=\"fusion-layout-column fusion_builder_column fusion-builder-column-0 fusion_builder_column_1_1 1_1 fusion-one-full fusion-column-first fusion-column-last fusion-column-no-min-height fusion-animated\" style=\"margin-top:0px;margin-bottom:20px;\" data-animationType=\"fadeInRight\" data-animationDuration=\"1.0\" data-animationOffset=\"100%\"><div class=\"fusion-column-wrapper fusion-flex-column-wrapper-legacy\" style=\"background-position:left top;background-repeat:no-repeat;-webkit-background-size:cover;-moz-background-size:cover;-o-background-size:cover;background-size:cover;border-radius:8px 8px 8px 8px;background-color:#efefef;border-radius:8px 8px 8px 8px;overflow:hidden;padding: 5% 5% 5% 5%;\"><style type=\"text\/css\"><\/style><div class=\"fusion-title title fusion-title-1 fusion-sep-none fusion-title-text fusion-title-size-three\" style=\"font-size:24px;margin-top:0px;margin-bottom:0.9em;\"><h3 class=\"title-heading-left\" style=\"margin:0;font-size:1em;\">Planos de conting\u00eancia e documentos oficiais:<\/h3><\/div><div class=\"fusion-sep-clear\"><\/div><div class=\"fusion-separator fusion-full-width-sep\" style=\"margin-left: auto;margin-right: auto;margin-bottom:20px;width:100%;\"><\/div><div class=\"fusion-sep-clear\"><\/div><div class=\"fusion-text fusion-text-1\"><p style=\"font-weight: 400;\"><a href=\"https:\/\/www.facebook.com\/bissau.online\/photos\/pcb.1604547786366458\/1604547683033135\/?type=3&amp;theater\" target=\"_blank\" rel=\"noopener noreferrer\">O Conselho de Ministros aprova a prorroga\u00e7\u00e3o do estado de emerg\u00eancia anunciada no dia 26 de abril (Decreto n.\u00ba 09\/2020 da Presid\u00eancia do Conselho de Ministros).\u00a0<\/a><\/p>\n<p style=\"font-weight: 400;\"><a href=\"https:\/\/www.facebook.com\/bissau.online\/photos\/pcb.1581524552002115\/1581524258668811\/?type=3&amp;theater\" target=\"_blank\" rel=\"noopener noreferrer\">Aplica\u00e7\u00e3o do Estado de Emerg\u00eancia &#8211; Decreto Presidencial n.\u00ba 07\/2020<\/a><\/p>\n<\/div><div class=\"fusion-clearfix\"><\/div><\/div><\/div><div class=\"fusion-layout-column fusion_builder_column fusion-builder-column-1 fusion_builder_column_1_1 1_1 fusion-one-full fusion-column-first fusion-column-last\" style=\"margin-top:0px;margin-bottom:20px;\"><div class=\"fusion-column-wrapper fusion-flex-column-wrapper-legacy\" style=\"background-position:left top;background-repeat:no-repeat;-webkit-background-size:cover;-moz-background-size:cover;-o-background-size:cover;background-size:cover;padding: 0px 0px 0px 0px;\"><style type=\"text\/css\"><\/style><div class=\"fusion-title title fusion-title-2 fusion-sep-none fusion-title-text fusion-title-size-one\" style=\"font-size:24px;margin-top:0px;margin-bottom:0.9em;\"><h1 class=\"title-heading-left\" style=\"margin:0;font-size:1em;\">\u00datimas informa\u00e7\u00f5es Guin\u00e9-Bissau:<\/h1><\/div><div class=\"fusion-sep-clear\"><\/div><div class=\"fusion-separator fusion-full-width-sep\" style=\"margin-left: auto;margin-right: auto;margin-bottom:20px;width:100%;\"><\/div><div class=\"fusion-sep-clear\"><\/div><div class=\"fusion-text fusion-text-2\"><p><a href=\"https:\/\/www.plataformamedia.com\/2021\/02\/22\/situacao-epidemiologica-na-guine-bissau-esta-grave\/\">Situa\u00e7\u00e3o epidemiol\u00f3gica na Guin\u00e9-Bissau est\u00e1 grave<\/a><\/p>\n<p><a href=\"https:\/\/www.dw.com\/pt-002\/guin%C3%A9-bissau-alerta-para-aumento-de-casos-de-covid-19\/a-56243569\">Guin\u00e9-Bissau alerta para aumento de casos de Covid-19<\/a><\/p>\n<p><a href=\"https:\/\/www.dw.com\/pt-002\/covid-19-governo-quer-declarar-estado-de-calamidade-na-guin%C3%A9-bissau\/a-54811859\">Covid-19: Governo quer declarar estado de calamidade na Guin\u00e9-Bissau<\/a><\/p>\n<p>Opini\u00e3o: <a href=\"https:\/\/www.bantumen.com\/2020\/08\/27\/miguel-de-barros-vivo-num-pais-que-nao-suporta-imposicao-em-nome-da-libertacao-da-opressao\/\">Miguel de Barros: \u201cVivo num pa\u00eds que n\u00e3o suporta imposi\u00e7\u00e3o em nome da \u00b4liberta\u00e7\u00e3o\u00b4da opress\u00e3o\u201d<\/a><\/p>\n<p><a href=\"https:\/\/plataformamedia.com\/2020\/08\/21\/guine-bissau-lanca-agricultura-clima-inteligente-para-zona-leste-do-pais\/\">Guin\u00e9-Bissau lan\u00e7a \u201cAgricultura Clima-Inteligente\u201d para zona leste do pa\u00eds<\/a><\/p>\n<p><a href=\"https:\/\/www.dw.com\/pt-002\/covid-19-desconfinamento-%C3%A9-compreens%C3%ADvel-mas-preocupa-autoridades-guineenses\/a-54556142\">Covid-19: Desconfinamento \u00e9 \u201ccompreens\u00edvel\u201d mas preocupa autoridades guineenses<\/a><\/p>\n<p><a href=\"https:\/\/www.plataformamedia.com\/2020\/08\/10\/uniao-monetaria-da-africa-ocidental-entrega-cerca-de-15-me-a-guine-bissau\/\">Uni\u00e3o Monet\u00e1ria da \u00c1frica Ocidental entrega cerca de 1,5 ME \u00e0 Guin\u00e9-Bissau<\/a><\/p>\n<p><a href=\"https:\/\/e-global.pt\/noticias\/lusofonia\/guine-bissau\/ue-e-portugal-organizam-ponte-aerea-com-a-guine-bissau-no-combate-ao-covid-19\/\">UE e Portugal organizam ponte a\u00e9rea com a Guin\u00e9-Bissau no combate \u00e0 Covid-19<\/a><\/p>\n<p><a href=\"https:\/\/www.dw.com\/pt-002\/banco-mundial-vai-ajudar-guin%C3%A9-bissau-a-diminuir-d%C3%ADvida-p%C3%BAblica\/a-54171964\" target=\"_blank\" rel=\"noopener noreferrer\">Banco Mundial vai ajudar Guin\u00e9-Bissau a diminuir d\u00edvida p\u00fablica<\/a><\/p>\n<p><a href=\"https:\/\/www.plataformamedia.com\/2020\/06\/11\/guine-bissau-prepara-se-para-os-piores-efeitos-da-pandemia\/\" target=\"_blank\" rel=\"noopener noreferrer\">Guin\u00e9-Bissau prepara-se para \u201cpiores efeitos da pandemia<\/a><\/p>\n<p><a href=\"https:\/\/www.plataformamedia.com\/2020\/06\/01\/pandemia-agudiza-caos-na-economia-guineense\/\" target=\"_blank\" rel=\"noopener noreferrer\">Pandemia agudiza caos na economia guineense<\/a><\/p>\n<p><a href=\"https:\/\/observador.pt\/2020\/06\/01\/pandemia-tem-provocado-caos-na-economia-da-guine-bissau\/\" target=\"_blank\" rel=\"noopener noreferrer\">Pandemia tem provocado caos na economia da Guin\u00e9-Bissau<\/a><\/p>\n<p><a href=\"https:\/\/www.lusa.pt\/article\/0arxQX~~h88qRcoJMIb9SzMSZM5iuSI1\/covid-19-m%C3%A9dica-alerta-para-risco-de-excesso-de-mortalidade-por-outras-doen%C3%A7as-na-guin%C3%A9-bissau\" target=\"_blank\" rel=\"noopener noreferrer\">Covid-19: M\u00e9dica alerta para risco de excesso de mortalidade por outras doen\u00e7as na Guin\u00e9-Bissau<\/a><\/p>\n<p><a href=\"https:\/\/www.lusa.pt\/article\/0arxQX~~h88es3QUZsQW7DMSZM5iuSI1\/covid-19-sistema-de-sa%C3%BAde-da-guin%C3%A9-bissau-pode-colapsar-onu\" target=\"_blank\" rel=\"noopener noreferrer\">Covid-19: Sistema de sa\u00fade da Guin\u00e9-Bissau pode colapsar \u2013 ONU<\/a><\/p>\n<p><a href=\"https:\/\/www.lusa.pt\/article\/xjiyOAsle3vb~R7i_i2SRTMSZM5iuSI1\/covid-19-guin%C3%A9-bissau-abre-fronteiras-e-inicia-desconfinamento\" target=\"_blank\" rel=\"noopener noreferrer\">Covid-19: Guin\u00e9-Bissau abre fronteiras e inicia desconfinamento<\/a><\/p>\n<p><a href=\"https:\/\/e-global.pt\/noticias\/lusofonia\/guine-bissau\/guine-bissau-sissoco-embalo-admite-nao-conseguir-controlar-propagacao-do-covid-19-no-pais\/\" target=\"_blank\" rel=\"noopener noreferrer\">Guin\u00e9-Bissau: Sissoco Embalo admite n\u00e3o conseguir controlar propaga\u00e7\u00e3o do Covid-19 no pa\u00eds<\/a><\/p>\n<p><a href=\"https:\/\/www.dw.com\/pt-002\/covid-19-doentes-confinados-queixam-se-de-m%C3%A1s-condi%C3%A7%C3%B5es-na-guin%C3%A9-bissau\/a-53501482\" target=\"_blank\" rel=\"noopener noreferrer\">Covid-19: Doentes confinados queixam-se de m\u00e1s condi\u00e7\u00f5es na Guin\u00e9-Bissau<\/a><\/p>\n<p><a href=\"https:\/\/www.dw.com\/pt-002\/covid-19-m%C3%A9dicos-sem-fronteiras-relatam-situa%C3%A7%C3%A3o-dram%C3%A1tica-na-guin%C3%A9-bissau\/a-53474713\" target=\"_blank\" rel=\"noopener noreferrer\"><span style=\"font-weight: 400;\">Covid-19: M\u00e9dicos Sem Fronteiras relatam \u2033situa\u00e7\u00e3o dram\u00e1tica\u2033 na Guin\u00e9-Bissau<\/span><\/a><\/p>\n<p><a href=\"https:\/\/www.dw.com\/pt-002\/guin%C3%A9-bissau-ex-ministra-da-sa%C3%BAde-aponta-falta-de-estrat%C3%A9gias-no-combate-%C3%A0-covid-19\/a-53422460\" target=\"_blank\" rel=\"noopener noreferrer\"><span style=\"font-weight: 400;\">Guin\u00e9-Bissau: Ex-ministra da Sa\u00fade aponta falta de estrat\u00e9gias no combate \u00e0 Covid-19<\/span><\/a><\/p>\n<p><a href=\"http:\/\/www.rfi.fr\/pt\/guin%C3%A9-bissau\/20200508-pandemia-provocou-o-maior-limiar-de-consci%C3%AAncia-de-que-%C3%A9-poss%C3%ADvel-mudar\" target=\"_blank\" rel=\"noopener noreferrer\"><span style=\"font-weight: 400;\">Pandemia provocou \u201co maior limiar de consci\u00eancia de que \u00e9 poss\u00edvel mudar\u201d Uma convers de hoje sobre o ontem e o amanh\u00e3<\/span><\/a><span style=\"font-weight: 400;\">\u00a0<\/span><\/p>\n<\/div><div class=\"fusion-clearfix\"><\/div><\/div><\/div><\/div><\/div>\n","protected":false},"excerpt":{"rendered":"","protected":false},"author":1,"featured_media":2742,"parent":721,"menu_order":0,"comment_status":"closed","ping_status":"closed","template":"100-width.php","meta":[],"yoast_head":"<!-- This site is optimized with the Yoast SEO plugin v15.2.1 - https:\/\/yoast.com\/wordpress\/plugins\/seo\/ -->\n<title>Guin\u00e9-Bissau | Alimenta CPLP!<\/title>\n<meta name=\"robots\" content=\"index, follow, max-snippet:-1, max-image-preview:large, max-video-preview:-1\" \/>\n<link rel=\"canonical\" href=\"https:\/\/alimentacplp.com\/home\/observatorio\/observatorio-guine-bissau\/\" \/>\n<meta property=\"og:locale\" content=\"pt_BR\" \/>\n<meta property=\"og:type\" content=\"article\" \/>\n<meta property=\"og:title\" content=\"Guin\u00e9-Bissau | Alimenta CPLP!\" \/>\n<meta property=\"og:url\" content=\"https:\/\/alimentacplp.com\/home\/observatorio\/observatorio-guine-bissau\/\" \/>\n<meta property=\"og:site_name\" content=\"Alimenta CPLP!\" \/>\n<meta property=\"article:publisher\" content=\"https:\/\/www.facebook.com\/Alimenta-CPLP-114985186857112\/\" \/>\n<meta property=\"article:modified_time\" content=\"2021-02-23T17:29:17+00:00\" \/>\n<meta property=\"og:image\" content=\"https:\/\/alimentacplp.com\/wp-content\/uploads\/2020\/05\/bg_Contatos_01.jpg\" \/>\n\t<meta property=\"og:image:width\" content=\"1024\" \/>\n\t<meta property=\"og:image:height\" content=\"480\" \/>\n<meta name=\"twitter:card\" content=\"summary_large_image\" \/>\n<meta name=\"twitter:label1\" content=\"Written by\">\n\t<meta name=\"twitter:data1\" content=\"gruzman\">\n\t<meta name=\"twitter:label2\" content=\"Est. reading time\">\n\t<meta name=\"twitter:data2\" content=\"5 minutos\">\n<script type=\"application\/ld+json\" class=\"yoast-schema-graph\">{\"@context\":\"https:\/\/schema.org\",\"@graph\":[{\"@type\":\"WebSite\",\"@id\":\"https:\/\/alimentacplp.com\/home\/#website\",\"url\":\"https:\/\/alimentacplp.com\/home\/\",\"name\":\"Alimenta CPLP!\",\"description\":\"Observat\\u00f3rio COVID-19 CPLP\",\"potentialAction\":[{\"@type\":\"SearchAction\",\"target\":\"https:\/\/alimentacplp.com\/home\/?s={search_term_string}\",\"query-input\":\"required name=search_term_string\"}],\"inLanguage\":\"pt-BR\"},{\"@type\":\"ImageObject\",\"@id\":\"https:\/\/alimentacplp.com\/home\/observatorio\/observatorio-guine-bissau\/#primaryimage\",\"inLanguage\":\"pt-BR\",\"url\":\"https:\/\/alimentacplp.com\/wp-content\/uploads\/2020\/05\/bg_Contatos_01.jpg\",\"width\":1024,\"height\":480,\"caption\":\"Alimenta\\u00e7\\u00e3o CPLP! | Impacto do Covid-19 na alimenta\\u00e7\\u00e3o nos pa\\u00edses da CPLP | Alimenta\\u00e7\\u00e3o familiar | Agricultura sustent\\u00e1vel\"},{\"@type\":\"WebPage\",\"@id\":\"https:\/\/alimentacplp.com\/home\/observatorio\/observatorio-guine-bissau\/#webpage\",\"url\":\"https:\/\/alimentacplp.com\/home\/observatorio\/observatorio-guine-bissau\/\",\"name\":\"Guin\\u00e9-Bissau | Alimenta CPLP!\",\"isPartOf\":{\"@id\":\"https:\/\/alimentacplp.com\/home\/#website\"},\"primaryImageOfPage\":{\"@id\":\"https:\/\/alimentacplp.com\/home\/observatorio\/observatorio-guine-bissau\/#primaryimage\"},\"datePublished\":\"2019-10-28T19:44:25+00:00\",\"dateModified\":\"2021-02-23T17:29:17+00:00\",\"inLanguage\":\"pt-BR\",\"potentialAction\":[{\"@type\":\"ReadAction\",\"target\":[\"https:\/\/alimentacplp.com\/home\/observatorio\/observatorio-guine-bissau\/\"]}]}]}<\/script>\n<!-- \/ Yoast SEO plugin. -->","_links":{"self":[{"href":"https:\/\/alimentacplp.com\/home\/wp-json\/wp\/v2\/pages\/2784"}],"collection":[{"href":"https:\/\/alimentacplp.com\/home\/wp-json\/wp\/v2\/pages"}],"about":[{"href":"https:\/\/alimentacplp.com\/home\/wp-json\/wp\/v2\/types\/page"}],"author":[{"embeddable":true,"href":"https:\/\/alimentacplp.com\/home\/wp-json\/wp\/v2\/users\/1"}],"replies":[{"embeddable":true,"href":"https:\/\/alimentacplp.com\/home\/wp-json\/wp\/v2\/comments?post=2784"}],"version-history":[{"count":12,"href":"https:\/\/alimentacplp.com\/home\/wp-json\/wp\/v2\/pages\/2784\/revisions"}],"predecessor-version":[{"id":4227,"href":"https:\/\/alimentacplp.com\/home\/wp-json\/wp\/v2\/pages\/2784\/revisions\/4227"}],"up":[{"embeddable":true,"href":"https:\/\/alimentacplp.com\/home\/wp-json\/wp\/v2\/pages\/721"}],"wp:featuredmedia":[{"embeddable":true,"href":"https:\/\/alimentacplp.com\/home\/wp-json\/wp\/v2\/media\/2742"}],"wp:attachment":[{"href":"https:\/\/alimentacplp.com\/home\/wp-json\/wp\/v2\/media?parent=2784"}],"curies":[{"name":"wp","href":"https:\/\/api.w.org\/{rel}","templated":true}]}}