{"id":2786,"date":"2019-10-28T20:44:25","date_gmt":"2019-10-28T19:44:25","guid":{"rendered":"http:\/\/alimentacplp.com\/?page_id=2786"},"modified":"2021-05-27T17:54:25","modified_gmt":"2021-05-27T16:54:25","slug":"observatorio-sao-tome-principe","status":"publish","type":"page","link":"https:\/\/alimentacplp.com\/home\/observatorio\/observatorio-sao-tome-principe\/","title":{"rendered":"S\u00e3o Tom\u00e9 e Pr\u00edncipe"},"content":{"rendered":"<div class=\"fusion-fullwidth fullwidth-box fusion-builder-row-1 nonhundred-percent-fullwidth non-hundred-percent-height-scrolling fusion-equal-height-columns\" style=\"background-color: #ffffff;background-position: center center;background-repeat: no-repeat;padding-top:4%;padding-right:12%;padding-bottom:50px;padding-left:12%;margin-bottom: 0px;margin-top: 0px;border-width: 0px 0px 0px 0px;border-color:#eae9e9;border-style:solid;\" ><div class=\"fusion-builder-row fusion-row\"><div class=\"fusion-layout-column fusion_builder_column fusion-builder-column-0 fusion_builder_column_1_1 1_1 fusion-one-full fusion-column-first fusion-column-last fusion-column-no-min-height fusion-animated\" style=\"margin-top:0px;margin-bottom:20px;\" data-animationType=\"fadeInRight\" data-animationDuration=\"1.0\" data-animationOffset=\"100%\"><div class=\"fusion-column-wrapper fusion-flex-column-wrapper-legacy\" style=\"background-position:left top;background-repeat:no-repeat;-webkit-background-size:cover;-moz-background-size:cover;-o-background-size:cover;background-size:cover;border-radius:8px 8px 8px 8px;background-color:#efefef;border-radius:8px 8px 8px 8px;overflow:hidden;padding: 5% 5% 5% 5%;\"><style type=\"text\/css\"><\/style><div class=\"fusion-title title fusion-title-1 fusion-sep-none fusion-title-text fusion-title-size-three\" style=\"font-size:24px;margin-top:0px;margin-bottom:0.9em;\"><h3 class=\"title-heading-left\" style=\"margin:0;font-size:1em;\">Planos de conting\u00eancia e documentos oficiais:<\/h3><\/div><div class=\"fusion-sep-clear\"><\/div><div class=\"fusion-separator fusion-full-width-sep\" style=\"margin-left: auto;margin-right: auto;margin-bottom:20px;width:100%;\"><\/div><div class=\"fusion-sep-clear\"><\/div><div class=\"fusion-text fusion-text-1\"><p style=\"font-weight: 400;\"><a href=\"http:\/\/alimentacplp.com\/wp-content\/uploads\/2020\/05\/1_Plano-Conting%C3%AAncia-S%C3%A3o-Tom%C3%A9-e-Pr%C3%ADncipe-Sector-Agropecu%C3%A1rio-e-Pesqueiro.pdf\" rel=\"noopener\">Plano de Conting\u00eancia S\u00e3o Tom\u00e9 e Pr\u00edncipe<\/a><\/p>\n<\/div><div class=\"fusion-text fusion-text-2\"><p style=\"font-weight: 400;\"><a href=\"http:\/\/covid.ms.gov.st\/\" target=\"_blank\" rel=\"noopener noreferrer\">Disponibiliza\u00e7\u00e3o oficial di\u00e1ria da evolu\u00e7\u00e3o da Covid-19 em S\u00e3o Tom\u00e9 e Pr\u00edncipe<\/a><\/p>\n<p style=\"font-weight: 400;\"><a href=\"http:\/\/www.facebook.com\/governostp\/\" target=\"_blank\" rel=\"noopener noreferrer\">Informa\u00e7\u00e3o de acompanhamento do Covid-19<\/a><\/p>\n<p><a href=\"https:\/\/alimentacplp.com\/wp-content\/uploads\/2020\/05\/PNUD-Impactos-da-Pandemia-de-Covid-STP.-PT.pdf\">PNUD &#8211; Impactos da Pandemia de Covid-19 em STP<\/a><\/p>\n<p><a href=\"https:\/\/www.facebook.com\/governostp\/posts\/834151577098004?__tn__=K-R\" target=\"_blank\" rel=\"noopener noreferrer\">Novas medidas restritivas de preven\u00e7\u00e3o e combate ao COVID-19<\/a><\/p>\n<p style=\"font-weight: 400;\"><a href=\"https:\/\/www.facebook.com\/governostp\/photos\/a.569713916875106\/831631914016637\/?type=3&amp;theater\" target=\"_blank\" rel=\"noopener noreferrer\">Prorroga\u00e7\u00e3o de Estado de Emerg\u00eancia at\u00e9 ao dia 15 de maio de 2020<\/a><\/p>\n<\/div><div class=\"fusion-clearfix\"><\/div><\/div><\/div><div class=\"fusion-layout-column fusion_builder_column fusion-builder-column-1 fusion_builder_column_1_1 1_1 fusion-one-full fusion-column-first fusion-column-last fusion-animated\" style=\"margin-top:0px;margin-bottom:20px;\" data-animationType=\"fadeInRight\" data-animationDuration=\"1.0\" data-animationOffset=\"100%\"><div class=\"fusion-column-wrapper fusion-flex-column-wrapper-legacy\" style=\"background-position:left top;background-repeat:no-repeat;-webkit-background-size:cover;-moz-background-size:cover;-o-background-size:cover;background-size:cover;padding: 5% 5% 5% 5%;\"><style type=\"text\/css\"><\/style><div class=\"fusion-title title fusion-title-2 fusion-sep-none fusion-title-text fusion-title-size-one\" style=\"font-size:24px;margin-top:0px;margin-bottom:0.9em;\"><h1 class=\"title-heading-left\" style=\"margin:0;font-size:1em;\">\u00datimas informa\u00e7\u00f5es S\u00e3o Tom\u00e9 e Pr\u00edncipe:<\/h1><\/div><div class=\"fusion-sep-clear\"><\/div><div class=\"fusion-separator fusion-full-width-sep\" style=\"margin-left: auto;margin-right: auto;margin-bottom:20px;width:100%;\"><\/div><div class=\"fusion-sep-clear\"><\/div><div class=\"fusion-text fusion-text-3\"><p><a href=\"https:\/\/www.facebook.com\/watch\/live\/?v=261633502325966&amp;ref=watch_permalink\">Centro de Compet\u00eancias para a Agricultura Familiar Sustent\u00e1vel na CPLP \u00e9 inaugurado. Assista ao evento!<\/a><\/p>\n<p><a href=\"https:\/\/www.plataformamedia.com\/2020\/12\/24\/china-disponivel-para-fornecer-ajuda-alimentar-a-sao-tome-e-principe\/\">China dispon\u00edvel para fornecer ajuda alimentar a S\u00e3o Tom\u00e9 e Pr\u00edncipe<\/a><\/p>\n<p><a href=\"https:\/\/e-global.pt\/noticia\/vida\/medicina-saude-e-alimentacao\/especial-covid-19\/stp-deputados-aprovam-estado-de-emergencia-na-regiao-autonoma-do-principe\/\">STP: Deputados aprovam Estado de Emerg\u00eancia na Regi\u00e3o Aut\u00f3noma do Pr\u00edncipe<\/a><\/p>\n<p><a href=\"https:\/\/www.plataformamedia.com\/2020\/09\/01\/sao-tome-anuncia-abertura-do-novo-ano-letivo-marcado-por-regras-sanitarias\/\">S\u00e3o-Tom\u00e9 anuncia abertura do novo ano letivo marcado por regras sanit\u00e1rias<\/a><\/p>\n<p><a href=\"https:\/\/e-global.pt\/noticias\/lusofonia\/sao-tome-e-principe\/stp-governo-decreta-o-quarto-estado-de-calamidade\/\">STP: Governo decreta quarto Estado de Calamidade<\/a><\/p>\n<p><a href=\"https:\/\/www.dw.com\/pt-002\/governo-s%C3%A3o-tomense-realiza-testes-em-massa-%C3%A0-covid-19\/a-54548692\">Governo s\u00e3o-tomense realiza testes em massa \u00e0 Covid-19<\/a><\/p>\n<p><a href=\"https:\/\/e-global.pt\/noticias\/lusofonia\/sao-tome-e-principe\/stp-sistema-de-saude-reforcado-com-clinicas-moveis-e-outros-equipamentos-para-centros-e-postos-de-saude-da-periferia\/\">STP: Sistema de Sa\u00fade refor\u00e7ado com cl\u00ednicas m\u00f3veis e outros equipamentos para Centros e Postos de Sa\u00fade da periferia<\/a><\/p>\n<p><a href=\"https:\/\/e-global.pt\/noticias\/lusofonia\/sao-tome-e-principe\/stp-estado-de-calamidade-por-mais-15-dias\/\">STP: Estado de Calamidade por mais 15 dias<\/a><\/p>\n<p><a href=\"https:\/\/www.telanon.info\/economia\/2020\/06\/26\/32005\/covid-19-revela-fragilidades-do-turismo-e-destaca-o-poder-da-agricultura-de-stp\/\" target=\"_blank\" rel=\"noopener noreferrer\">Covid-19 revela fragilidades do Turismo e destaca o poder da Agricultura de STP<\/a><\/p>\n<p><a href=\"https:\/\/www.lusa.pt\/article\/KaobhR~A25UuTkSySREiETMSZM5iuSI1\/coivid-19-pr-s%C3%A3o-tomense-prorroga-estado-de-emerg%C3%AAncia-devido-a-crescimento-exponencial\" target=\"_blank\" rel=\"noopener noreferrer\">Covid-19: PR s\u00e3o-tomense prorroga estado de emerg\u00eancia devido a &#8220;crescimento exponencial&#8221;<\/a><\/p>\n<p><a href=\"https:\/\/www.lusa.pt\/article\/KaobhR~A25XbwAyDsKtEFzMSZM5iuSI1\/covid-19-pr-s%C3%A3o-tomense-alerta-para-risco-de-aumento-de-abuso-e-viol%C3%AAncia-sobre-crian%C3%A7as\" target=\"_blank\" rel=\"noopener noreferrer\">Covid-19: PR s\u00e3o-tomense alerta para risco de aumento de abuso e viol\u00eancia sobre crian\u00e7as<\/a><\/p>\n<p><a href=\"http:\/\/www.stp-press.st\/2020\/05\/22\/ministro-da-agricultura-testemunha-assinatura-de-protocolo-100-biologico-para-garantia-da-seguranca-alimentar\/\" target=\"_blank\" rel=\"noopener noreferrer\">Ministro da Agricultura testemunha assinatura de protocolo \u201c100% Biol\u00f3gico\u201d para garantia da seguran\u00e7a alimentar<\/a><\/p>\n<p><a href=\"https:\/\/e-global.pt\/noticias\/lusofonia\/sao-tome-e-principe\/stp-hospital-de-campanha-entra-em-funcionamento\/\" target=\"_blank\" rel=\"noopener noreferrer\">STP: Hospital de Campanha entra em funcionamento<\/a><\/p>\n<p><a href=\"https:\/\/www.lusa.pt\/article\/F63wlrMB~TAJG_pGwSibnzMSZM5iuSI1\/covid-19-oikos-d%C3%A1-uma-tonelada-de-peixe-a-fam%C3%ADlias-afetadas-em-s%C3%A3o-tom%C3%A9-e-pr%C3%ADncipe\">Covid-19: Oikos d\u00e1 uma tonelada de peixe a fam\u00edlias afetadas em S\u00e3o Tom\u00e9 e Pr\u00edncipe<\/a><\/p>\n<p><a href=\"https:\/\/www.publico.pt\/2020\/05\/14\/mundo\/noticia\/covid19-portugal-juntase-ponte-aerea-humanitaria-ue-viagem-sao-tome-principe-1916616\" target=\"_blank\" rel=\"noopener noreferrer\"><span style=\"font-weight: 400;\">Covid-19: Portugal junta-se \u00e0 Ponte A\u00e9rea Humanit\u00e1ria da UE com viagem para S\u00e3o Tom\u00e9 e Pr\u00edncipe<\/span><\/a><\/p>\n<p><a href=\"https:\/\/www.publico.pt\/2020\/05\/06\/mundo\/noticia\/covid19-alastramento-doenca-sao-tome-proporcoes-assustadoras-presidente-1915393\" target=\"_blank\" rel=\"noopener noreferrer\"><span style=\"font-weight: 400;\">Covid-19: alastramento da doen\u00e7a em S\u00e3o Tom\u00e9 tem propor\u00e7\u00f5es \u201cassustadoras\u201d, diz Presidente<\/span><\/a><\/p>\n<p><a href=\"https:\/\/www.dw.com\/pt-002\/covid-19-governo-s%C3%A3o-tomense-decreta-confinamento-geral-obrigat%C3%B3rio\/a-53332533\" target=\"_blank\" rel=\"noopener noreferrer\"><span style=\"font-weight: 400;\">Covid-19: Governo s\u00e3o-tomense decreta confinamento geral obrigat\u00f3rio<\/span><\/a><\/p>\n<\/div><div class=\"fusion-clearfix\"><\/div><\/div><\/div><\/div><\/div>\n","protected":false},"excerpt":{"rendered":"","protected":false},"author":1,"featured_media":2742,"parent":721,"menu_order":0,"comment_status":"closed","ping_status":"closed","template":"100-width.php","meta":[],"yoast_head":"<!-- This site is optimized with the Yoast SEO plugin v15.2.1 - https:\/\/yoast.com\/wordpress\/plugins\/seo\/ -->\n<title>S\u00e3o Tom\u00e9 e Pr\u00edncipe | Alimenta CPLP!<\/title>\n<meta name=\"robots\" content=\"index, follow, max-snippet:-1, max-image-preview:large, max-video-preview:-1\" \/>\n<link rel=\"canonical\" href=\"https:\/\/alimentacplp.com\/home\/observatorio\/observatorio-sao-tome-principe\/\" \/>\n<meta property=\"og:locale\" content=\"pt_BR\" \/>\n<meta property=\"og:type\" content=\"article\" \/>\n<meta property=\"og:title\" content=\"S\u00e3o Tom\u00e9 e Pr\u00edncipe | Alimenta CPLP!\" \/>\n<meta property=\"og:url\" content=\"https:\/\/alimentacplp.com\/home\/observatorio\/observatorio-sao-tome-principe\/\" \/>\n<meta property=\"og:site_name\" content=\"Alimenta CPLP!\" \/>\n<meta property=\"article:publisher\" content=\"https:\/\/www.facebook.com\/Alimenta-CPLP-114985186857112\/\" \/>\n<meta property=\"article:modified_time\" content=\"2021-05-27T16:54:25+00:00\" \/>\n<meta property=\"og:image\" content=\"https:\/\/alimentacplp.com\/wp-content\/uploads\/2020\/05\/bg_Contatos_01.jpg\" \/>\n\t<meta property=\"og:image:width\" content=\"1024\" \/>\n\t<meta property=\"og:image:height\" content=\"480\" \/>\n<meta name=\"twitter:card\" content=\"summary_large_image\" \/>\n<meta name=\"twitter:label1\" content=\"Written by\">\n\t<meta name=\"twitter:data1\" content=\"gruzman\">\n\t<meta name=\"twitter:label2\" content=\"Est. reading time\">\n\t<meta name=\"twitter:data2\" content=\"5 minutos\">\n<script type=\"application\/ld+json\" class=\"yoast-schema-graph\">{\"@context\":\"https:\/\/schema.org\",\"@graph\":[{\"@type\":\"WebSite\",\"@id\":\"https:\/\/alimentacplp.com\/home\/#website\",\"url\":\"https:\/\/alimentacplp.com\/home\/\",\"name\":\"Alimenta CPLP!\",\"description\":\"Observat\\u00f3rio COVID-19 CPLP\",\"potentialAction\":[{\"@type\":\"SearchAction\",\"target\":\"https:\/\/alimentacplp.com\/home\/?s={search_term_string}\",\"query-input\":\"required name=search_term_string\"}],\"inLanguage\":\"pt-BR\"},{\"@type\":\"ImageObject\",\"@id\":\"https:\/\/alimentacplp.com\/home\/observatorio\/observatorio-sao-tome-principe\/#primaryimage\",\"inLanguage\":\"pt-BR\",\"url\":\"https:\/\/alimentacplp.com\/wp-content\/uploads\/2020\/05\/bg_Contatos_01.jpg\",\"width\":1024,\"height\":480,\"caption\":\"Alimenta\\u00e7\\u00e3o CPLP! | Impacto do Covid-19 na alimenta\\u00e7\\u00e3o nos pa\\u00edses da CPLP | Alimenta\\u00e7\\u00e3o familiar | Agricultura sustent\\u00e1vel\"},{\"@type\":\"WebPage\",\"@id\":\"https:\/\/alimentacplp.com\/home\/observatorio\/observatorio-sao-tome-principe\/#webpage\",\"url\":\"https:\/\/alimentacplp.com\/home\/observatorio\/observatorio-sao-tome-principe\/\",\"name\":\"S\\u00e3o Tom\\u00e9 e Pr\\u00edncipe | Alimenta CPLP!\",\"isPartOf\":{\"@id\":\"https:\/\/alimentacplp.com\/home\/#website\"},\"primaryImageOfPage\":{\"@id\":\"https:\/\/alimentacplp.com\/home\/observatorio\/observatorio-sao-tome-principe\/#primaryimage\"},\"datePublished\":\"2019-10-28T19:44:25+00:00\",\"dateModified\":\"2021-05-27T16:54:25+00:00\",\"inLanguage\":\"pt-BR\",\"potentialAction\":[{\"@type\":\"ReadAction\",\"target\":[\"https:\/\/alimentacplp.com\/home\/observatorio\/observatorio-sao-tome-principe\/\"]}]}]}<\/script>\n<!-- \/ Yoast SEO plugin. -->","_links":{"self":[{"href":"https:\/\/alimentacplp.com\/home\/wp-json\/wp\/v2\/pages\/2786"}],"collection":[{"href":"https:\/\/alimentacplp.com\/home\/wp-json\/wp\/v2\/pages"}],"about":[{"href":"https:\/\/alimentacplp.com\/home\/wp-json\/wp\/v2\/types\/page"}],"author":[{"embeddable":true,"href":"https:\/\/alimentacplp.com\/home\/wp-json\/wp\/v2\/users\/1"}],"replies":[{"embeddable":true,"href":"https:\/\/alimentacplp.com\/home\/wp-json\/wp\/v2\/comments?post=2786"}],"version-history":[{"count":11,"href":"https:\/\/alimentacplp.com\/home\/wp-json\/wp\/v2\/pages\/2786\/revisions"}],"predecessor-version":[{"id":4299,"href":"https:\/\/alimentacplp.com\/home\/wp-json\/wp\/v2\/pages\/2786\/revisions\/4299"}],"up":[{"embeddable":true,"href":"https:\/\/alimentacplp.com\/home\/wp-json\/wp\/v2\/pages\/721"}],"wp:featuredmedia":[{"embeddable":true,"href":"https:\/\/alimentacplp.com\/home\/wp-json\/wp\/v2\/media\/2742"}],"wp:attachment":[{"href":"https:\/\/alimentacplp.com\/home\/wp-json\/wp\/v2\/media?parent=2786"}],"curies":[{"name":"wp","href":"https:\/\/api.w.org\/{rel}","templated":true}]}}