{"id":2790,"date":"2019-10-28T20:44:25","date_gmt":"2019-10-28T19:44:25","guid":{"rendered":"http:\/\/alimentacplp.com\/?page_id=2790"},"modified":"2021-02-23T16:55:30","modified_gmt":"2021-02-23T15:55:30","slug":"observatorio-angola","status":"publish","type":"page","link":"https:\/\/alimentacplp.com\/home\/observatorio\/observatorio-angola\/","title":{"rendered":"Angola"},"content":{"rendered":"<div class=\"fusion-fullwidth fullwidth-box fusion-builder-row-1 nonhundred-percent-fullwidth non-hundred-percent-height-scrolling fusion-equal-height-columns\" style=\"background-color: #ffffff;background-position: center center;background-repeat: no-repeat;padding-top:4%;padding-right:12%;padding-bottom:50px;padding-left:12%;margin-bottom: 0px;margin-top: 0px;border-width: 0px 0px 0px 0px;border-color:#eae9e9;border-style:solid;\" ><div class=\"fusion-builder-row fusion-row\"><div class=\"fusion-layout-column fusion_builder_column fusion-builder-column-0 fusion_builder_column_1_1 1_1 fusion-one-full fusion-column-first fusion-column-last fusion-column-no-min-height fusion-animated\" style=\"margin-top:0px;margin-bottom:20px;\" data-animationType=\"fadeInRight\" data-animationDuration=\"1.0\" data-animationOffset=\"100%\"><div class=\"fusion-column-wrapper fusion-flex-column-wrapper-legacy\" style=\"background-position:left top;background-repeat:no-repeat;-webkit-background-size:cover;-moz-background-size:cover;-o-background-size:cover;background-size:cover;border-radius:8px 8px 8px 8px;background-color:#efefef;border-radius:8px 8px 8px 8px;overflow:hidden;padding: 5% 5% 5% 5%;\"><div class=\"fusion-column-content-centered\"><div class=\"fusion-column-content\"><style type=\"text\/css\"><\/style><div class=\"fusion-title title fusion-title-1 fusion-sep-none fusion-title-text fusion-title-size-three\" style=\"font-size:24px;margin-top:0px;margin-bottom:0.9em;\"><h3 class=\"title-heading-left\" style=\"margin:0;font-size:1em;\">Planos de conting\u00eancia e documentos oficiais:<\/h3><\/div><div class=\"fusion-sep-clear\"><\/div><div class=\"fusion-separator fusion-full-width-sep\" style=\"margin-left: auto;margin-right: auto;margin-bottom:20px;width:100%;\"><\/div><div class=\"fusion-sep-clear\"><\/div><div class=\"fusion-text fusion-text-1\"><p style=\"font-weight: 400;\"><a href=\"http:\/\/alimentacplp.com\/wp-content\/uploads\/2020\/05\/Angola_PlanoNacionaldeContingenciaeEmergenciaCOVID-19.pdf\" rel=\"noopener\">Plano de Conting\u00eancia Angola<\/a><\/p>\n<\/div><div class=\"fusion-text fusion-text-2\"><p style=\"font-weight: 400;\"><a href=\"http:\/\/www.covid19.gov.ao\" target=\"_blank\" rel=\"noopener noreferrer\">Disponibiliza\u00e7\u00e3o oficial di\u00e1ria da evolu\u00e7\u00e3o da Covid-19 em Angola<\/a><\/p>\n<\/div><\/div><\/div><div class=\"fusion-clearfix\"><\/div><\/div><\/div><div class=\"fusion-layout-column fusion_builder_column fusion-builder-column-1 fusion_builder_column_1_1 1_1 fusion-one-full fusion-column-first fusion-column-last\" style=\"margin-top:0px;margin-bottom:20px;\"><div class=\"fusion-column-wrapper fusion-flex-column-wrapper-legacy\" style=\"background-position:left top;background-repeat:no-repeat;-webkit-background-size:cover;-moz-background-size:cover;-o-background-size:cover;background-size:cover;padding: 0px 0px 0px 0px;\"><style type=\"text\/css\"><\/style><div class=\"fusion-title title fusion-title-2 fusion-sep-none fusion-title-text fusion-title-size-one\" style=\"font-size:24px;margin-top:0px;margin-bottom:0.9em;\"><h1 class=\"title-heading-left\" style=\"margin:0;font-size:1em;\">\u00datimas informa\u00e7\u00f5esAngola:<\/h1><\/div><div class=\"fusion-sep-clear\"><\/div><div class=\"fusion-separator fusion-full-width-sep\" style=\"margin-left: auto;margin-right: auto;margin-bottom:20px;width:100%;\"><\/div><div class=\"fusion-sep-clear\"><\/div><div class=\"fusion-text fusion-text-3\"><p><a href=\"https:\/\/e-global.pt\/noticias\/lusofonia\/angola\/angola-fida-apoiou-mais-de-480-mil-familias\/\">Angola: FIDA apoiou mais de 480 mil fam\u00edlias<\/a><\/p>\n<p><a href=\"https:\/\/www.voaportugues.com\/a\/angola-beguelenses-tentam-virar-a-sorte-da-fome-no-dombe-grande-\/5748278.html\">Angola: Beguelenses tentam virar a sorte da fome no Dombe Grande<\/a><\/p>\n<p><a href=\"https:\/\/www.voaportugues.com\/a\/pen%C3%BAria-alimentar-j%C3%A1-faz-deslocados-e-fomenta-crimes-em-benguela-\/5746745.html\">Pen\u00faria alimentar j\u00e1 faz deslocados e fomenta crimes em Benguela<\/a><\/p>\n<p><a href=\"https:\/\/e-global.pt\/noticias\/lusofonia\/angola\/angola-mpla-apela-ao-reforco-das-medidas-de-biosseguranca\/\">Angola: MPLA apela ao refor\u00e7o das medidas de biosseguran\u00e7a<\/a><\/p>\n<p><a href=\"http:\/\/jornaldeangola.sapo.ao\/economia\/especialistas-sugerem-adopcao-de-medidas-expansionistas-para-conter-prejuizos-incalculaveis\">Especialistas sugerem adop\u00e7\u00e3o de medidas expansionistas para conter preju\u00edzos incalcul\u00e1veis<\/a><\/p>\n<p><a href=\"http:\/\/jornaldeangola.sapo.ao\/politica\/margarida-izata-desigualdades-ameacam-cumprimento-dos-ods\">Margarida Izata: Desigualdades amea\u00e7am cumprimento dos ODS<\/a><\/p>\n<p><a href=\"http:\/\/jornaldeangola.sapo.ao\/politica\/pais-quer-montar-industria-sustentavel-de-medicamentos\">Pa\u00eds quer montar ind\u00fastria sustent\u00e1vel de medicamentos<\/a><\/p>\n<p><a href=\"https:\/\/plataformamedia.com\/2020\/08\/29\/angola-e-o-pais-com-mais-mortes-por-covid-19-entre-os-palop\/\">Angola \u00e9 o pa\u00eds com mais mortes por covid-19 entre os PALOP<\/a><\/p>\n<p><a href=\"https:\/\/www.publico.pt\/2020\/08\/24\/sociedade\/noticia\/doentes-angolanos-portugal-queixamse-passar-fome-devido-atrasos-apoios-1929106?fbclid=IwAR1fKdacYtNGmUPotKkmXnCfTapINM3IbNq4M5TVCJdM50_8G_0mC6KHkc0\">Doentes angolanos em Portugal queixam-se de passar fome devido a atrasos nos apoios<\/a><\/p>\n<p><a href=\"https:\/\/www.dw.com\/pt-002\/desemprego-em-angola-sobe-quatro-pontos-percentuais-no-segundo-trimestre-de-2020\/a-54582135\">Desemprego em Angola sobe quatro pontos percentuais no segundo trimestre de 2020<\/a><\/p>\n<p><a href=\"https:\/\/www.dw.com\/pt-002\/mo%C3%A7ambique-e-angola-crise-alimentar-severa-%C3%A0-frente\/a-54228811\">Mo\u00e7ambique e Angola: Crise alimentar severa \u00e0 frente<\/a><\/p>\n<p><a href=\"https:\/\/e-global.pt\/noticias\/lusofonia\/angola\/angola-inflacao-aumentou-para-22-em-julho\/\">Angola: Infla\u00e7\u00e3o aumentou para 22% em julho<\/a><\/p>\n<p><a href=\"http:\/\/jornaldeangola.sapo.ao\/politica\/actualizacao-das-medidas-excepcionias-e-temporarias-a-vigorar-durante-a-situacao-de-calamidade-publica\">Actualiza\u00e7\u00e3o das Medidas Excepcionias e Tempor\u00e1rias a Vigorar Durante a Situa\u00e7\u00e3o de Calamidade P\u00fablica<\/a><\/p>\n<p><a href=\"http:\/\/jornaldeangola.sapo.ao\/sociedade\/covid-19-afecta-contratacao-dos-trabalhadores-sazonais\">Covid-19 afecta contrata\u00e7\u00e3o de trabalhadores sazonais<\/a><\/p>\n<p><a href=\"http:\/\/jornaldeangola.sapo.ao\/politica\/aumento-de-40-mil-milhoes-para-o-sector-da-agricultura\" target=\"_blank\" rel=\"noopener noreferrer\">Aumento de 40 mil milh\u00f5es para o sector da Agricultura<\/a><\/p>\n<p><a href=\"https:\/\/www.dw.com\/pt-002\/covid-19-a-situa%C3%A7%C3%A3o-econ%C3%B3mica-e-social-em-angola-%C3%A9-dram%C3%A1tica\/a-54177766\" target=\"_blank\" rel=\"noopener noreferrer\">Covid-19: &#8220;A situa\u00e7\u00e3o econ\u00f3mica e social em Angola \u00e9 dram\u00e1tica&#8221;<\/a><\/p>\n<p><a href=\"https:\/\/www.noticiasaominuto.com\/economia\/1526705\/aprovados-1-6-milhoes-em-apoios-as-paragens-temporarias-na-pesca\" target=\"_blank\" rel=\"noopener noreferrer\">Aprovados 1,6 milh\u00f5es em apoios \u00e0s paragens tempor\u00e1rias na pesca<\/a><\/p>\n<p><a href=\"https:\/\/pt.euronews.com\/2020\/07\/08\/angola-e-modelo-face-a-crise-de-covid-19\" target=\"_blank\" rel=\"noopener noreferrer\">Angola \u00e9 modelo face \u00e0 crise de Covid-19<\/a><\/p>\n<p><a href=\"https:\/\/www.noticiasaominuto.com\/economia\/1524615\/banca-angolana-nao-pode-so-fazer-negocios-com-o-estado\" target=\"_blank\" rel=\"noopener noreferrer\">Banca angolana &#8220;n\u00e3o pode s\u00f3 fazer neg\u00f3cios com o Estado&#8221;<\/a><\/p>\n<p><a href=\"http:\/\/jornaldeangola.sapo.ao\/economia\/mulheres-incentivadas-a-agricultura\" target=\"_blank\" rel=\"noopener noreferrer\">Mulheres incentivadas \u00e0 agricultura<\/a><\/p>\n<p><a href=\"http:\/\/jornaldeangola.sapo.ao\/politica\/agricultura-precisa-de-22-mil-milhoes-de-kwanzas-para-atingir-auto-suficiencia\" target=\"_blank\" rel=\"noopener noreferrer\">A<\/a><a href=\"http:\/\/jornaldeangola.sapo.ao\/politica\/agricultura-precisa-de-22-mil-milhoes-de-kwanzas-para-atingir-auto-suficiencia\" target=\"_blank\" rel=\"noopener noreferrer\">gricultura precisa de 22 mil milh\u00f5es de kwanzas para atingir auto-sufici\u00eancia<\/a><\/p>\n<p><a href=\"https:\/\/www.lusa.pt\/article\/rMmLWwy9FR4KcMnlYu5NIzMSZM5iuSI1\/plano-angolano-para-promover-agricultura-e-pescas-vale-mais-de-500-milh%C3%B5es-de-euros\" target=\"_blank\" rel=\"noopener noreferrer\">Plano angolano para promover agricultura e pescas vale mais de 500 milh\u00f5es de euros<\/a><\/p>\n<p><a href=\"http:\/\/jornaldeangola.sapo.ao\/politica\/governo-aprova-plano-de-912-mil-milhoes-para-acelerar-a-agricultura-no-pais\" target=\"_blank\" rel=\"noopener noreferrer\">Governo aprova Plano de 91,2 mil milh\u00f5es para acelerar a agricultura no pa\u00eds<\/a><\/p>\n<p><a href=\"http:\/\/jornaldeangola.sapo.ao\/economia\/cooperativas-de-camponeses-sao-apoiadas-para-assegurar-stock-de-alimentos-em-2021\" target=\"_blank\" rel=\"noopener noreferrer\">Cooperativas de camponeses s\u00e3o apoiadas para assegurar stock de alimentos em 2021<\/a><\/p>\n<p><a href=\"https:\/\/www.dw.com\/pt-002\/crise-da-covid-19-presidente-angolano-procura-solu%C3%A7%C3%B5es-com-sociedade-civil\/a-53621946\" target=\"_blank\" rel=\"noopener noreferrer\">Crise da Covid-19: Presidente angolano procura solu\u00e7\u00f5es com sociedade civil<\/a><\/p>\n<p><a href=\"https:\/\/www.dw.com\/pt-002\/angola-ong-denunciam-viola%C3%A7%C3%B5es-dedireitos-humanos-na-pandemia\/a-53690071\" target=\"_blank\" rel=\"noopener noreferrer\">ONG denunciam viola\u00e7\u00f5es de direitos humanos na pandemia<\/a><\/p>\n<p><a href=\"http:\/\/jornaldeangola.sapo.ao\/sociedade\/funda-producao-agricola-garante-sustento-a-milhares-de-familias#foto\" target=\"_blank\" rel=\"noopener noreferrer\">Funda: Produ\u00e7\u00e3o agr\u00edcola garante sustento a milhares de fam\u00edlias<\/a><\/p>\n<p><a href=\"https:\/\/www.noticiasaominuto.com\/economia\/1499536\/mil-escolas-de-agricultores-angolanos-vao-receber-287-euros-cada\" target=\"_blank\" rel=\"noopener noreferrer\">Mil escolas de agricultores angolanos v\u00e3o receber 287 euros cada<\/a><\/p>\n<p><a href=\"https:\/\/www.lusa.pt\/article\/0arxQX~~h88P~ZgbMvI_kDMSZM5iuSI1\/covid-19-estado-de-emerg%C3%AAncia-com-impacto-muito-negativo-nos-cuidados-de-sa%C3%BAde-prim%C3%A1rios-em-angola-m%C3%A9dico-portugu%C3%AAs\" target=\"_blank\" rel=\"noopener noreferrer\">Covid-19: Estado de emerg\u00eancia com impacto muito negativo nos cuidados de sa\u00fade prim\u00e1rios em Angola \u2013 m\u00e9dico portugu\u00eas<\/a><\/p>\n<p><a href=\"https:\/\/www.dw.com\/pt-002\/crise-da-covid-19-presidente-angolano-procura-solu%C3%A7%C3%B5es-com-sociedade-civil\/a-53621946\" target=\"_blank\" rel=\"noopener noreferrer\">Crise da Covid-19: Presidente angolano procura solu\u00e7\u00f5es com sociedade civil<\/a><\/p>\n<p><a href=\"https:\/\/www.noticiasaominuto.com\/mundo\/1495477\/covid-19-onu-defende-apoio-continuo-ao-ministerio-da-saude-angolano\" target=\"_blank\" rel=\"noopener noreferrer\">Covid-19. ONU defende apoio cont\u00ednuo ao Minist\u00e9rio da Sa\u00fade angolano<\/a><\/p>\n<p><a href=\"https:\/\/www.noticiasaominuto.com\/mundo\/1493440\/presidente-angolano-reune-se-com-sociedade-civil-para-preparar-o-futuro\" target=\"_blank\" rel=\"noopener noreferrer\">Presidente angolano re\u00fane-se com sociedade civil para preparar o futuro<\/a><\/p>\n<p><a href=\"https:\/\/www.angola24horas.com\/index.php\/sociedade\/item\/17300-mais-de-um-terco-dos-angolanos-privados-de-comida-e-agua-potavel-em-2019\" target=\"_blank\" rel=\"noopener noreferrer\">Mais de um ter\u00e7o dos angolanos privados de comida e \u00e1gua pot\u00e1vel em 2019<\/a><\/p>\n<p><a href=\"https:\/\/pt.euronews.com\/2020\/05\/25\/covid-19-angola-passa-para-estado-de-calamidade-publica\" target=\"_blank\" rel=\"noopener noreferrer\">Covid-19: Angola passa para estado de calamidade p\u00fablica<\/a><\/p>\n<p><a href=\"https:\/\/www.noticiasaominuto.com\/economia\/1488101\/onu-preve-recessao-de-1-8-em-angola-este-ano\" target=\"_blank\" rel=\"noopener noreferrer\">ONU prev\u00ea recess\u00e3o de 1,8% em Angola este ano<\/a><\/p>\n<p><a href=\"https:\/\/www.dw.com\/pt-002\/covid-19-angola-prepara-plano-de-desconfinamento\/a-53388193\" target=\"_blank\" rel=\"noopener noreferrer\"><span style=\"font-weight: 400;\">Covid-19: Angola prepara plano de desconfinamento<\/span><\/a><\/p>\n<\/div><div class=\"fusion-clearfix\"><\/div><\/div><\/div><\/div><\/div>\n","protected":false},"excerpt":{"rendered":"","protected":false},"author":1,"featured_media":2742,"parent":721,"menu_order":0,"comment_status":"closed","ping_status":"closed","template":"100-width.php","meta":[],"yoast_head":"<!-- This site is optimized with the Yoast SEO plugin v15.2.1 - https:\/\/yoast.com\/wordpress\/plugins\/seo\/ -->\n<title>Angola | Alimenta CPLP!<\/title>\n<meta name=\"robots\" content=\"index, follow, max-snippet:-1, max-image-preview:large, max-video-preview:-1\" \/>\n<link rel=\"canonical\" href=\"https:\/\/alimentacplp.com\/home\/observatorio\/observatorio-angola\/\" \/>\n<meta property=\"og:locale\" content=\"pt_BR\" \/>\n<meta property=\"og:type\" content=\"article\" \/>\n<meta property=\"og:title\" content=\"Angola | Alimenta CPLP!\" \/>\n<meta property=\"og:url\" content=\"https:\/\/alimentacplp.com\/home\/observatorio\/observatorio-angola\/\" \/>\n<meta property=\"og:site_name\" content=\"Alimenta CPLP!\" \/>\n<meta property=\"article:publisher\" content=\"https:\/\/www.facebook.com\/Alimenta-CPLP-114985186857112\/\" \/>\n<meta property=\"article:modified_time\" content=\"2021-02-23T15:55:30+00:00\" \/>\n<meta property=\"og:image\" content=\"https:\/\/alimentacplp.com\/wp-content\/uploads\/2020\/05\/bg_Contatos_01.jpg\" \/>\n\t<meta property=\"og:image:width\" content=\"1024\" \/>\n\t<meta property=\"og:image:height\" content=\"480\" \/>\n<meta name=\"twitter:card\" content=\"summary_large_image\" \/>\n<meta name=\"twitter:label1\" content=\"Written by\">\n\t<meta name=\"twitter:data1\" content=\"gruzman\">\n\t<meta name=\"twitter:label2\" content=\"Est. reading time\">\n\t<meta name=\"twitter:data2\" content=\"6 minutos\">\n<script type=\"application\/ld+json\" class=\"yoast-schema-graph\">{\"@context\":\"https:\/\/schema.org\",\"@graph\":[{\"@type\":\"WebSite\",\"@id\":\"https:\/\/alimentacplp.com\/home\/#website\",\"url\":\"https:\/\/alimentacplp.com\/home\/\",\"name\":\"Alimenta CPLP!\",\"description\":\"Observat\\u00f3rio COVID-19 CPLP\",\"potentialAction\":[{\"@type\":\"SearchAction\",\"target\":\"https:\/\/alimentacplp.com\/home\/?s={search_term_string}\",\"query-input\":\"required name=search_term_string\"}],\"inLanguage\":\"pt-BR\"},{\"@type\":\"ImageObject\",\"@id\":\"https:\/\/alimentacplp.com\/home\/observatorio\/observatorio-angola\/#primaryimage\",\"inLanguage\":\"pt-BR\",\"url\":\"https:\/\/alimentacplp.com\/wp-content\/uploads\/2020\/05\/bg_Contatos_01.jpg\",\"width\":1024,\"height\":480,\"caption\":\"Alimenta\\u00e7\\u00e3o CPLP! | Impacto do Covid-19 na alimenta\\u00e7\\u00e3o nos pa\\u00edses da CPLP | Alimenta\\u00e7\\u00e3o familiar | Agricultura sustent\\u00e1vel\"},{\"@type\":\"WebPage\",\"@id\":\"https:\/\/alimentacplp.com\/home\/observatorio\/observatorio-angola\/#webpage\",\"url\":\"https:\/\/alimentacplp.com\/home\/observatorio\/observatorio-angola\/\",\"name\":\"Angola | Alimenta CPLP!\",\"isPartOf\":{\"@id\":\"https:\/\/alimentacplp.com\/home\/#website\"},\"primaryImageOfPage\":{\"@id\":\"https:\/\/alimentacplp.com\/home\/observatorio\/observatorio-angola\/#primaryimage\"},\"datePublished\":\"2019-10-28T19:44:25+00:00\",\"dateModified\":\"2021-02-23T15:55:30+00:00\",\"inLanguage\":\"pt-BR\",\"potentialAction\":[{\"@type\":\"ReadAction\",\"target\":[\"https:\/\/alimentacplp.com\/home\/observatorio\/observatorio-angola\/\"]}]}]}<\/script>\n<!-- \/ Yoast SEO plugin. -->","_links":{"self":[{"href":"https:\/\/alimentacplp.com\/home\/wp-json\/wp\/v2\/pages\/2790"}],"collection":[{"href":"https:\/\/alimentacplp.com\/home\/wp-json\/wp\/v2\/pages"}],"about":[{"href":"https:\/\/alimentacplp.com\/home\/wp-json\/wp\/v2\/types\/page"}],"author":[{"embeddable":true,"href":"https:\/\/alimentacplp.com\/home\/wp-json\/wp\/v2\/users\/1"}],"replies":[{"embeddable":true,"href":"https:\/\/alimentacplp.com\/home\/wp-json\/wp\/v2\/comments?post=2790"}],"version-history":[{"count":12,"href":"https:\/\/alimentacplp.com\/home\/wp-json\/wp\/v2\/pages\/2790\/revisions"}],"predecessor-version":[{"id":4225,"href":"https:\/\/alimentacplp.com\/home\/wp-json\/wp\/v2\/pages\/2790\/revisions\/4225"}],"up":[{"embeddable":true,"href":"https:\/\/alimentacplp.com\/home\/wp-json\/wp\/v2\/pages\/721"}],"wp:featuredmedia":[{"embeddable":true,"href":"https:\/\/alimentacplp.com\/home\/wp-json\/wp\/v2\/media\/2742"}],"wp:attachment":[{"href":"https:\/\/alimentacplp.com\/home\/wp-json\/wp\/v2\/media?parent=2790"}],"curies":[{"name":"wp","href":"https:\/\/api.w.org\/{rel}","templated":true}]}}