{"id":2792,"date":"2019-10-28T20:44:25","date_gmt":"2019-10-28T19:44:25","guid":{"rendered":"http:\/\/alimentacplp.com\/?page_id=2792"},"modified":"2021-04-13T18:14:31","modified_gmt":"2021-04-13T17:14:31","slug":"observatorio-mocambique","status":"publish","type":"page","link":"https:\/\/alimentacplp.com\/home\/observatorio\/observatorio-mocambique\/","title":{"rendered":"Mo\u00e7ambique"},"content":{"rendered":"<div class=\"fusion-fullwidth fullwidth-box fusion-builder-row-1 nonhundred-percent-fullwidth non-hundred-percent-height-scrolling fusion-equal-height-columns\" style=\"background-color: #ffffff;background-position: center center;background-repeat: no-repeat;padding-top:4%;padding-right:12%;padding-bottom:50px;padding-left:12%;margin-bottom: 0px;margin-top: 0px;border-width: 0px 0px 0px 0px;border-color:#eae9e9;border-style:solid;\" ><div class=\"fusion-builder-row fusion-row\"><div class=\"fusion-layout-column fusion_builder_column fusion-builder-column-0 fusion_builder_column_1_1 1_1 fusion-one-full fusion-column-first fusion-column-last fusion-column-no-min-height fusion-animated\" style=\"margin-top:0px;margin-bottom:20px;\" data-animationType=\"fadeInRight\" data-animationDuration=\"1.0\" data-animationOffset=\"100%\"><div class=\"fusion-column-wrapper fusion-flex-column-wrapper-legacy\" style=\"background-position:left top;background-repeat:no-repeat;-webkit-background-size:cover;-moz-background-size:cover;-o-background-size:cover;background-size:cover;border-radius:8px 8px 8px 8px;background-color:#efefef;border-radius:8px 8px 8px 8px;overflow:hidden;padding: 5% 5% 5% 5%;\"><style type=\"text\/css\"><\/style><div class=\"fusion-title title fusion-title-1 fusion-sep-none fusion-title-text fusion-title-size-three\" style=\"font-size:24px;margin-top:0px;margin-bottom:0.9em;\"><h3 class=\"title-heading-left\" style=\"margin:0;font-size:1em;\">Planos de conting\u00eancia e documentos oficiais:<\/h3><\/div><div class=\"fusion-sep-clear\"><\/div><div class=\"fusion-separator fusion-full-width-sep\" style=\"margin-left: auto;margin-right: auto;margin-bottom:20px;width:100%;\"><\/div><div class=\"fusion-sep-clear\"><\/div><div class=\"fusion-text fusion-text-1\"><p style=\"font-weight: 400;\"><a href=\"http:\/\/alimentacplp.com\/wp-content\/uploads\/2020\/05\/MZ_Plano_de_preparacao_e_resposta_do_2019nCoV.pdf\" rel=\"noopener\">Plano de Conting\u00eancia Mo\u00e7ambique<\/a><\/p>\n<\/div><div class=\"fusion-text fusion-text-2\"><p style=\"font-weight: 400;\"><a href=\"https:\/\/www.portaldogoverno.gov.mz\/por\/Imprensa\/COVID19\" target=\"_blank\" rel=\"noopener noreferrer\">Informa\u00e7\u00e3o oficial Covid-19 em Mo\u00e7ambique<\/a><\/p>\n<p style=\"font-weight: 400;\"><a href=\"https:\/\/covid19.ins.gov.mz\/\" target=\"_blank\" rel=\"noopener noreferrer\">Plataforma informativa e de acompanhamento do Covid-19 em Mo\u00e7ambique<\/a><\/p>\n<p style=\"font-weight: 400;\"><a href=\"http:\/\/www.misau.gov.mz\/index.php\/informacao-sobre-coronavirus-covid-19\" target=\"_blank\" rel=\"noopener noreferrer\">Minist\u00e9rio da Sa\u00fade \u2013 Informa\u00e7\u00e3o sobre Coronav\u00edrus (Covid-19)<\/a><\/p>\n<\/div><div class=\"fusion-clearfix\"><\/div><\/div><\/div><div class=\"fusion-layout-column fusion_builder_column fusion-builder-column-1 fusion_builder_column_1_1 1_1 fusion-one-full fusion-column-first fusion-column-last fusion-animated\" style=\"margin-top:0px;margin-bottom:20px;\" data-animationType=\"fadeInRight\" data-animationDuration=\"1.0\" data-animationOffset=\"100%\"><div class=\"fusion-column-wrapper fusion-flex-column-wrapper-legacy\" style=\"background-position:left top;background-repeat:no-repeat;-webkit-background-size:cover;-moz-background-size:cover;-o-background-size:cover;background-size:cover;padding: 5% 5% 5% 5%;\"><style type=\"text\/css\"><\/style><div class=\"fusion-title title fusion-title-2 fusion-sep-none fusion-title-text fusion-title-size-one\" style=\"font-size:24px;margin-top:0px;margin-bottom:0.9em;\"><h1 class=\"title-heading-left\" style=\"margin:0;font-size:1em;\">\u00datimas informa\u00e7\u00f5es Mo\u00e7ambique:<\/h1><\/div><div class=\"fusion-sep-clear\"><\/div><div class=\"fusion-separator fusion-full-width-sep\" style=\"margin-left: auto;margin-right: auto;margin-bottom:20px;width:100%;\"><\/div><div class=\"fusion-sep-clear\"><\/div><div class=\"fusion-text fusion-text-3\"><p><a href=\"https:\/\/news.un.org\/pt\/story\/2021\/04\/1747422\">Diretor do Unicef visita Cabo Delgado e relata drama dos que fogem da viol\u00eancia<\/a><\/p>\n<p><a href=\"https:\/\/news.un.org\/pt\/story\/2021\/03\/1746142\">Ag\u00eancia da ONU diz que seguem confrontos espor\u00e1dicos em Palma, Mo\u00e7ambique<\/a><\/p>\n<p><a href=\"https:\/\/www.noticiasaominuto.com\/economia\/1674618\/mocambique-melhor-a-produzir-mandioca-e-batata-doce-do-que-cereais\">Mo\u00e7ambique melhor a produzir mandioca e batata doce do que cereais<\/a><\/p>\n<p><a href=\"https:\/\/www.rtp.pt\/noticias\/mundo\/organizacoes-preveem-29-milhoes-em-inseguranca-alimentar-severa-em-mocambique-ate-marco_n1290333\">Organiza\u00e7\u00f5es preveem 2,9 milh\u00f5es em inseguran\u00e7a alimentar severa em Mo\u00e7ambique at\u00e9 mar\u00e7o<\/a><\/p>\n<p><a href=\"https:\/\/www.noticiasaominuto.com\/mundo\/1584954\/covid-19-governo-mocambicano-aprova-a-proposta-de-revisao-do-oe\">Covid-19: Governo mo\u00e7ambicano aprova a proposta de revis\u00e3o do OE<\/a><\/p>\n<p><a href=\"https:\/\/e-global.pt\/noticias\/lusofonia\/mocambique\/mocambique-inseguranca-alimentar-em-cabo-delgado-preocupa-pam\/\">Inseguran\u00e7a alimentar em Cabo Delgado preocupa Programa Alimentar Mundial<\/a><\/p>\n<p><a href=\"https:\/\/www.dw.com\/pt-002\/o-desafio-de-salvar-economia-e-preservar-a-sa%C3%BAde-p%C3%BAblica-em-estado-de-calamidade\/a-54844086\">O desafio de salvar economia e preservar a sa\u00fade p\u00fablica em estado de calamidade<\/a><\/p>\n<p><a href=\"https:\/\/www.dw.com\/pt-002\/mo%C3%A7ambique-comerciantes-s%C3%A3o-os-mais-vulner%C3%A1veis-%C3%A0-covid-19-em-maputo\/a-54774765\">Mo\u00e7ambique: Comerciantes s\u00e3o os mais vulner\u00e1veis \u00e0 Covid-19 em Maputo<\/a><\/p>\n<p><a href=\"https:\/\/news.un.org\/pt\/story\/2020\/08\/1723682\">Protegendo pessoas em movimento em meio \u00e0 crise da Covid-19 em Mo\u00e7ambique<\/a><\/p>\n<p><a href=\"https:\/\/www.plataformamedia.com\/2020\/09\/03\/mocambique-retira-regra-que-limitava-acesso-a-hospitais-com-base-na-aparencia\/\">Mo\u00e7ambique retira regra que limitava acesso a hospitais com base na apar\u00eancia<\/a><\/p>\n<p><a href=\"https:\/\/www.plataformamedia.com\/2020\/09\/03\/deslocados-de-cabo-delgado-para-fugir-dos-tiros-arriscam-infecao-por-covid-19\/\">Deslocados de Cabo Delgado para fugir dos tiros arriscam infe\u00e7\u00e3o por Covid-19<\/a><\/p>\n<p><a href=\"https:\/\/www.lusa.pt\/article\/M9mq9PhlVDMvnsCmVo7PyjMSZM5iuSI1\/covid-19-doze-estudantes-mo%C3%A7ambicanos-diagnosticados-positivo-uma-semana-ap%C3%B3s-reabertura-de-institutos\">Covid-19: Doze estudantes mo\u00e7ambicanos diagnosticados positivo uma semana ap\u00f3s reabertura de institutos<\/a><\/p>\n<p><a href=\"https:\/\/news.un.org\/pt\/story\/2020\/08\/1723682\">Protegendo pessoas em movimento em meio \u00e0 crise da Covid-19 em Mo\u00e7ambique<\/a><\/p>\n<p><a href=\"https:\/\/www.dw.com\/pt-002\/fao-apoia-40-mil-fam%C3%ADlias-afetadas-pelo-idai-em-mo%C3%A7ambique\/a-54587319\">FAO apoia 40 mil fam\u00edlias afetadas pelo Idai em Mo\u00e7ambique<\/a><\/p>\n<p><a href=\"https:\/\/www.dw.com\/pt-002\/mo%C3%A7ambique-e-angola-crise-alimentar-severa-%C3%A0-frente\/a-54228811\">Mo\u00e7ambique e Angola: Crise alimentar severa \u00e0 frente<\/a><\/p>\n<p><a href=\"https:\/\/e-global.pt\/noticias\/lusofonia\/mocambique\/mocambique-assume-hoje-presidencia-da-sadc\/\">Mo\u00e7ambique assume a presid\u00eancia da SADC<\/a><\/p>\n<p><a href=\"https:\/\/www.noticiasaominuto.com\/mundo\/1564632\/ong-angaria-fundos-em-portugal-para-deslocados-de-cabo-delgado\">ONG angaria fundos em Portugal para deslocados de Cabo Delgado<\/a><\/p>\n<p><a href=\"https:\/\/e-global.pt\/noticias\/lusofonia\/mocambique\/mocambique-nyusi-podera-decretar-estado-de-sitio\/\">Mo\u00e7ambique: Nyusi poder\u00e1 decretar estado de s\u00edtio<\/a><\/p>\n<p><a href=\"https:\/\/www.lusa.pt\/article\/OrPsdazCQLNBboAQOhIZQjMSZM5iuSI1\/covid-19-ong-mo%C3%A7ambicana-sugere-or%C3%A7amento-retificativo-face-ao-impacto-da-pandemia\" target=\"_blank\" rel=\"noopener noreferrer\">Covid-19: ONG mo\u00e7ambicana sugere or\u00e7amento retificativo face ao impacto da pandemia<\/a><\/p>\n<p><a href=\"https:\/\/www.dw.com\/pt-002\/covid-19-pandemia-gera-crise-alimentar-em-maputo\/a-54014452\" target=\"_blank\" rel=\"noopener noreferrer\">Covid-19: Pandemia gera crise alimentar em Maputo<\/a><\/p>\n<p><a href=\"https:\/\/www.dw.com\/pt-002\/mo%C3%A7ambique-covid-19-provoca-preju%C3%ADzos-a-pequenos-agricultores-em-ch%C3%B3kw%C3%A8\/av-53939405\" target=\"_blank\" rel=\"noopener noreferrer\">Mo\u00e7ambique: Covid-19 provoca preju\u00edzos a pequenos agricultores em Ch\u00f3kw\u00e8<\/a><\/p>\n<p><a href=\"http:\/\/portocanal.sapo.pt\/noticia\/221603\" target=\"_blank\" rel=\"noopener noreferrer\">Covid-19: Camponeses mo\u00e7ambicanos reinventam-se perante mudan\u00e7as clim\u00e1ticas e pandemia<\/a><\/p>\n<p><a href=\"https:\/\/www.dw.com\/pt-002\/crian%C3%A7as-sem-escola-est%C3%A3o-mais-vulner%C3%A1veis-a-abusos-e-explorac%C3%A3o-diz-unicef\/a-53649667\" target=\"_blank\" rel=\"noopener noreferrer\">Crian\u00e7as sem escola &#8220;est\u00e3o mais vulner\u00e1veis a abusos e explorac\u00e3o&#8221;, diz UNICEF<\/a><\/p>\n<p><a href=\"https:\/\/pt.euronews.com\/2020\/06\/01\/covid-19-e-a-luta-contra-a-fome-nao-ha-nada-agora-o-negocio-parou\" target=\"_blank\" rel=\"noopener noreferrer\">Covid-19 e a luta contra a fome: &#8220;N\u00e3o h\u00e1 nada agora, o neg\u00f3cio parou&#8221;<\/a><\/p>\n<p><a href=\"https:\/\/www.dw.com\/pt-002\/mo%C3%A7ambicanos-pedem-mais-controlo-e-mais-sensibiliza%C3%A7%C3%A3o-contra-covid-19\/a-53623709\" target=\"_blank\" rel=\"noopener noreferrer\">Mo\u00e7ambicanos pedem &#8220;mais controlo&#8221; e &#8220;mais sensibiliza\u00e7\u00e3o&#8221; contra Covid<\/a><\/p>\n<p><a href=\"https:\/\/www.noticiasaominuto.com\/mundo\/1498425\/covid-19-mocambique-renova-estado-de-emergencia-ate-final-de-junho\" target=\"_blank\" rel=\"noopener noreferrer\">Covid-19: Mo\u00e7ambique renova estado de emerg\u00eancia at\u00e9 final de junho<\/a><\/p>\n<p><a href=\"https:\/\/www.dw.com\/pt-002\/governo-mo%C3%A7ambicano-vai-ao-parlamento-falar-de-viol%C3%AAncia-armada-e-covid-19\/a-53581092\" target=\"_blank\" rel=\"noopener noreferrer\">Governo mo\u00e7ambicano vai ao Parlamento falar de viol\u00eancia armada e Covid-19<\/a><\/p>\n<p><a href=\"https:\/\/www.lusa.pt\/article\/xjiyOAsle3vNiLN5cMRfUzMSZM5iuSI1\/covid-19-fao-anuncia-18-2-me-para-seguran%C3%A7a-alimentar-e-subsist%C3%AAncia-em-mo%C3%A7ambique\" target=\"_blank\" rel=\"noopener noreferrer\">Covid-19: FAO anuncia 18,2 ME para seguran\u00e7a alimentar e subsist\u00eancia em Mo\u00e7ambique<\/a><\/p>\n<p><a href=\"https:\/\/www.lusa.pt\/article\/oqc45UndsDbujT1t0ryUEzMSZM5iuSI1\/covid-19-mo%C3%A7ambique-e-unicef-lan%C3%A7am-projeto-de-13-8-me-para-apoiar-educa%C3%A7%C3%A3o\" target=\"_blank\" rel=\"noopener noreferrer\">Covid-19: Mo\u00e7ambique e Unicef lan\u00e7am projeto de 13,8 ME para apoiar educa\u00e7\u00e3o<\/a><\/p>\n<p><a href=\"http:\/\/portocanal.sapo.pt\/noticia\/221603\" target=\"_blank\" rel=\"noopener noreferrer\"><span style=\"font-weight: 400;\">Covid-19: Camponeses mo\u00e7ambicanos reinventam-se perante mudan\u00e7as clim\u00e1ticas e pandemia<\/span><\/a><\/p>\n<p><a href=\"https:\/\/www.noticiasaominuto.com\/mundo\/1473464\/onu-pede-aumento-de-ajuda-aos-paises-mais-pobres-incluindo-mocambique\" target=\"_blank\" rel=\"noopener noreferrer\"><span style=\"font-weight: 400;\">ONU pede aumento de ajuda aos pa\u00edses mais pobres, incluindo Mo\u00e7ambique<\/span><\/a><\/p>\n<p><a href=\"https:\/\/www.rtp.pt\/noticias\/covid-19\/mocambique-enfrenta-recessao-de-24-este-ano_n1224592\" target=\"_blank\" rel=\"noopener noreferrer\"><span style=\"font-weight: 400;\">Mo\u00e7ambique enfrenta recess\u00e3o de 2,4% este ano<\/span><\/a><span style=\"font-weight: 400;\">\u00a0<\/span><\/p>\n<\/div><div class=\"fusion-clearfix\"><\/div><\/div><\/div><\/div><\/div>\n","protected":false},"excerpt":{"rendered":"","protected":false},"author":1,"featured_media":2742,"parent":721,"menu_order":0,"comment_status":"closed","ping_status":"closed","template":"100-width.php","meta":[],"yoast_head":"<!-- This site is optimized with the Yoast SEO plugin v15.2.1 - https:\/\/yoast.com\/wordpress\/plugins\/seo\/ -->\n<title>Mo\u00e7ambique | Alimenta CPLP!<\/title>\n<meta name=\"robots\" content=\"index, follow, max-snippet:-1, max-image-preview:large, max-video-preview:-1\" \/>\n<link rel=\"canonical\" href=\"https:\/\/alimentacplp.com\/home\/observatorio\/observatorio-mocambique\/\" \/>\n<meta property=\"og:locale\" content=\"pt_BR\" \/>\n<meta property=\"og:type\" content=\"article\" \/>\n<meta property=\"og:title\" content=\"Mo\u00e7ambique | Alimenta CPLP!\" \/>\n<meta property=\"og:url\" content=\"https:\/\/alimentacplp.com\/home\/observatorio\/observatorio-mocambique\/\" \/>\n<meta property=\"og:site_name\" content=\"Alimenta CPLP!\" \/>\n<meta property=\"article:publisher\" content=\"https:\/\/www.facebook.com\/Alimenta-CPLP-114985186857112\/\" \/>\n<meta property=\"article:modified_time\" content=\"2021-04-13T17:14:31+00:00\" \/>\n<meta property=\"og:image\" content=\"https:\/\/alimentacplp.com\/wp-content\/uploads\/2020\/05\/bg_Contatos_01.jpg\" \/>\n\t<meta property=\"og:image:width\" content=\"1024\" \/>\n\t<meta property=\"og:image:height\" content=\"480\" \/>\n<meta name=\"twitter:card\" content=\"summary_large_image\" \/>\n<meta name=\"twitter:label1\" content=\"Written by\">\n\t<meta name=\"twitter:data1\" content=\"gruzman\">\n\t<meta name=\"twitter:label2\" content=\"Est. reading time\">\n\t<meta name=\"twitter:data2\" content=\"6 minutos\">\n<script type=\"application\/ld+json\" class=\"yoast-schema-graph\">{\"@context\":\"https:\/\/schema.org\",\"@graph\":[{\"@type\":\"WebSite\",\"@id\":\"https:\/\/alimentacplp.com\/home\/#website\",\"url\":\"https:\/\/alimentacplp.com\/home\/\",\"name\":\"Alimenta CPLP!\",\"description\":\"Observat\\u00f3rio COVID-19 CPLP\",\"potentialAction\":[{\"@type\":\"SearchAction\",\"target\":\"https:\/\/alimentacplp.com\/home\/?s={search_term_string}\",\"query-input\":\"required name=search_term_string\"}],\"inLanguage\":\"pt-BR\"},{\"@type\":\"ImageObject\",\"@id\":\"https:\/\/alimentacplp.com\/home\/observatorio\/observatorio-mocambique\/#primaryimage\",\"inLanguage\":\"pt-BR\",\"url\":\"https:\/\/alimentacplp.com\/wp-content\/uploads\/2020\/05\/bg_Contatos_01.jpg\",\"width\":1024,\"height\":480,\"caption\":\"Alimenta\\u00e7\\u00e3o CPLP! | Impacto do Covid-19 na alimenta\\u00e7\\u00e3o nos pa\\u00edses da CPLP | Alimenta\\u00e7\\u00e3o familiar | Agricultura sustent\\u00e1vel\"},{\"@type\":\"WebPage\",\"@id\":\"https:\/\/alimentacplp.com\/home\/observatorio\/observatorio-mocambique\/#webpage\",\"url\":\"https:\/\/alimentacplp.com\/home\/observatorio\/observatorio-mocambique\/\",\"name\":\"Mo\\u00e7ambique | Alimenta CPLP!\",\"isPartOf\":{\"@id\":\"https:\/\/alimentacplp.com\/home\/#website\"},\"primaryImageOfPage\":{\"@id\":\"https:\/\/alimentacplp.com\/home\/observatorio\/observatorio-mocambique\/#primaryimage\"},\"datePublished\":\"2019-10-28T19:44:25+00:00\",\"dateModified\":\"2021-04-13T17:14:31+00:00\",\"inLanguage\":\"pt-BR\",\"potentialAction\":[{\"@type\":\"ReadAction\",\"target\":[\"https:\/\/alimentacplp.com\/home\/observatorio\/observatorio-mocambique\/\"]}]}]}<\/script>\n<!-- \/ Yoast SEO plugin. -->","_links":{"self":[{"href":"https:\/\/alimentacplp.com\/home\/wp-json\/wp\/v2\/pages\/2792"}],"collection":[{"href":"https:\/\/alimentacplp.com\/home\/wp-json\/wp\/v2\/pages"}],"about":[{"href":"https:\/\/alimentacplp.com\/home\/wp-json\/wp\/v2\/types\/page"}],"author":[{"embeddable":true,"href":"https:\/\/alimentacplp.com\/home\/wp-json\/wp\/v2\/users\/1"}],"replies":[{"embeddable":true,"href":"https:\/\/alimentacplp.com\/home\/wp-json\/wp\/v2\/comments?post=2792"}],"version-history":[{"count":11,"href":"https:\/\/alimentacplp.com\/home\/wp-json\/wp\/v2\/pages\/2792\/revisions"}],"predecessor-version":[{"id":4262,"href":"https:\/\/alimentacplp.com\/home\/wp-json\/wp\/v2\/pages\/2792\/revisions\/4262"}],"up":[{"embeddable":true,"href":"https:\/\/alimentacplp.com\/home\/wp-json\/wp\/v2\/pages\/721"}],"wp:featuredmedia":[{"embeddable":true,"href":"https:\/\/alimentacplp.com\/home\/wp-json\/wp\/v2\/media\/2742"}],"wp:attachment":[{"href":"https:\/\/alimentacplp.com\/home\/wp-json\/wp\/v2\/media?parent=2792"}],"curies":[{"name":"wp","href":"https:\/\/api.w.org\/{rel}","templated":true}]}}