{"id":721,"date":"2019-10-28T20:44:25","date_gmt":"2019-10-28T20:44:25","guid":{"rendered":"http:\/\/alimentacplp.com\/?page_id=721"},"modified":"2020-08-25T15:04:52","modified_gmt":"2020-08-25T14:04:52","slug":"observatorio","status":"publish","type":"page","link":"https:\/\/alimentacplp.com\/home\/observatorio\/","title":{"rendered":"Observat\u00f3rio"},"content":{"rendered":"<p><div id=\"mapacplp\"><div class=\"fusion-fullwidth fullwidth-box fusion-builder-row-1 nonhundred-percent-fullwidth non-hundred-percent-height-scrolling\" style=\"background-color: #ffffff;background-position: center center;background-repeat: no-repeat;padding-top:4%;padding-right:12%;padding-bottom:4%;padding-left:12%;margin-bottom: 0px;margin-top: 0px;border-width: 0px 0px 0px 0px;border-color:#eae9e9;border-style:solid;\" ><div class=\"fusion-builder-row fusion-row\"><div class=\"fusion-layout-column fusion_builder_column fusion-builder-column-0 fusion_builder_column_4_5 4_5 fusion-four-fifth fusion-column-first fusion-animated\" style=\"width:80%;width:calc(80% - ( ( 4% ) * 0.8 ) );margin-right: 4%;margin-top:0px;margin-bottom:20px;\" data-animationType=\"fadeInDown\" data-animationDuration=\"0.3\" data-animationOffset=\"100%\"><div class=\"fusion-column-wrapper fusion-flex-column-wrapper-legacy\" style=\"background-position:left top;background-repeat:no-repeat;-webkit-background-size:cover;-moz-background-size:cover;-o-background-size:cover;background-size:cover;padding: 0px 0px 0px 0px;\"><style type=\"text\/css\"><\/style><div class=\"fusion-title title fusion-title-1 fusion-sep-none fusion-title-center fusion-title-text fusion-title-size-two\" style=\"font-size:24px;margin-top:0px;margin-bottom:0.9em;\"><h2 class=\"title-heading-center\" style=\"margin:0;font-size:1em;\">Clique no pa\u00eds:<\/h2><\/div><div id=\"unique_iwm_0\"><!-- Map Generated CSS --> \n <style>\n.iwm_map_canvas { overflow:hidden; }\n#map_canvas_1 { margin-left: -50%; }\n#map_canvas_1 { margin-top: -45%; }\n#map_canvas_1 { width: 170%; height: 170%; }#map_canvas_1 path[stroke-width^='3'] + path { display:none; }#map_canvas_1 path[stroke-width^='3'] + path + path:not([fill^='#f5f5f5']) { display:none; }#map_canvas_1 path[stroke-width^='3'] { fill:#171717;  }#map_canvas_1 path[fill^='#f5f5f5'] { pointer-events: none; }#map_canvas_1 path[fill^='none'] { pointer-events: none; }#map_canvas_1 path:not([fill^='#f5f5f5']) + path[stroke-width^='3'] { stroke-width:1; stroke-opacity:0; stroke:#171717; }#map_canvas_1 circle[stroke-width='3'] { fill:#171717;  }#map_canvas_1 text:hover { fill:#171717;  }#map_canvas_1 path:not([fill^=\"#f5f5f5\"]):hover { cursor:pointer; }#map_canvas_1 circle:hover { cursor:pointer; }#map_canvas_1 text:hover { cursor:pointer; }#map_canvas_1 image:hover { cursor:pointer; }#map_canvas_1 path:not([id]) { stroke-width:1; }#map_canvas_1 { background-repeat:no-repeat; background-size: 100% 100%; }\n#map_canvas_1 .google-visualization-tooltip * { font-family:'DM Sans' !important; }@media handheld, only screen and (max-width: 480px) { #map_canvas_1 circle { r:6 !important; }}@media handheld, only screen and (max-width: 480px) { #map_canvas_1 svg image { width:6px !important; height:6px !important; transform: translate(-3px,-3px) !important;  }}<\/style><div class='iwm_map_canvas'><div id='map_canvas_1' data-map-id='1'  class='i_world_map ' class='iwm_map_canvas'><div class='iwm_placeholder'><img width='32px' alt='Mapa Colour CPLP Placeholder' title='Mapa Colour CPLP' src='https:\/\/alimentacplp.com\/wp-content\/plugins\/interactive-world-maps\/imgs\/placeholder.png'><br>Mapa Colour CPLP<\/div><\/div><\/div><div id='imap1message' style='display:none;'>\n\t\t\t\t<div id=\"map_1_message_38722252\" style=\"display:block;\">https:\/\/alimentacplp.com\/observatorio\/observatorio-portugal\/<\/div><div id=\"map_1_message_15086528\" style=\"display:block;\">https:\/\/alimentacplp.com\/observatorio\/observatorio-brasil\/<\/div><div id=\"map_1_message_11781373\" style=\"display:block;\">https:\/\/alimentacplp.com\/observatorio\/observatorio-angola\/<\/div><div id=\"map_1_message_15451896\" style=\"display:block;\">https:\/\/alimentacplp.com\/observatorio\/observatorio-mocambique\/<\/div><div id=\"map_1_message_11852620\" style=\"display:block;\">https:\/\/alimentacplp.com\/observatorio\/observatorio-guine-bissau\/<\/div><div id=\"map_1_message_1703252\" style=\"display:block;\">https:\/\/alimentacplp.com\/observatorio\/observatorio-guine-equatorial\/<\/div><div id=\"map_1_message_0336310\" style=\"display:block;\">https:\/\/alimentacplp.com\/observatorio\/observatorio-sao-tome-principe\/<\/div><div id=\"map_1_message_8894777\" style=\"display:block;\">https:\/\/alimentacplp.com\/observatorio\/observatorio-timor-leste\/<\/div><div id=\"map_1_message_15081581\" style=\"display:block;\">https:\/\/alimentacplp.com\/observatorio\/observatorio-cabo-verdel\/<\/div>\n\t\t\t\t<\/div><\/div><div class=\"fusion-clearfix\"><\/div><\/div><\/div><div class=\"fusion-layout-column fusion_builder_column fusion-builder-column-1 fusion_builder_column_1_5 1_5 fusion-one-fifth fusion-column-last fusion-animated\" style=\"width:20%;width:calc(20% - ( ( 4% ) * 0.2 ) );margin-top:0px;margin-bottom:20px;\" data-animationType=\"fadeInRight\" data-animationDuration=\"0.5\" data-animationOffset=\"100%\"><div class=\"fusion-column-wrapper fusion-flex-column-wrapper-legacy\" style=\"background-position:left top;background-repeat:no-repeat;-webkit-background-size:cover;-moz-background-size:cover;-o-background-size:cover;background-size:cover;padding: 0px 0px 0px 0px;\"><style type=\"text\/css\"><\/style><div class=\"fusion-title title fusion-title-2 fusion-sep-none fusion-title-text fusion-title-size-two\" style=\"font-size:24px;margin-top:0px;margin-bottom:0.9em;\"><h2 class=\"title-heading-left\" style=\"margin:0;font-size:1em;\">Rede de Informa\u00e7\u00e3o:<\/h2><\/div><div class=\"fusion-sep-clear\"><\/div><div class=\"fusion-separator fusion-full-width-sep\" style=\"margin-left: auto;margin-right: auto;margin-bottom:20px;width:100%;\"><\/div><div class=\"fusion-sep-clear\"><\/div><ul class=\"fusion-checklist fusion-checklist-1 fusion-checklist-divider\" style=\"font-size:16px;line-height:27.2px;\"><li class=\"fusion-li-item\" style=\"border-bottom-color:#edeaea\"><span style=\"height:27.2px;width:27.2px;margin-right:11.2px;\" class=\"icon-wrapper circle-no\"><i class=\"fusion-li-icon fa-chevron-right fas\" style=\"color:#ffc107;\" aria-hidden=\"true\"><\/i><\/span><div class=\"fusion-li-item-content\" style=\"margin-left:38.4px;\">\n<p><a href=\"http:\/\/alimentacplp.com\/noticias\/observatorio-angola\/\">Angola<\/a><\/p>\n<\/div><\/li><li class=\"fusion-li-item\" style=\"border-bottom-color:#edeaea\"><span style=\"height:27.2px;width:27.2px;margin-right:11.2px;\" class=\"icon-wrapper circle-no\"><i class=\"fusion-li-icon fa-chevron-right fas\" style=\"color:#ffc107;\" aria-hidden=\"true\"><\/i><\/span><div class=\"fusion-li-item-content\" style=\"margin-left:38.4px;\">\n<p><a href=\"http:\/\/alimentacplp.com\/noticias\/observatorio-brasil\/\">Brasil<\/a><\/p>\n<\/div><\/li><li class=\"fusion-li-item\" style=\"border-bottom-color:#edeaea\"><span style=\"height:27.2px;width:27.2px;margin-right:11.2px;\" class=\"icon-wrapper circle-no\"><i class=\"fusion-li-icon fa-chevron-right fas\" style=\"color:#ffc107;\" aria-hidden=\"true\"><\/i><\/span><div class=\"fusion-li-item-content\" style=\"margin-left:38.4px;\">\n<p><a href=\"https:\/\/alimentacplp.com\/observatorio\/observatorio-cabo-verdel\/\" target=\"_blank\" rel=\"noopener noreferrer\">Cabo Verde<\/a><\/p>\n<\/div><\/li><li class=\"fusion-li-item\" style=\"border-bottom-color:#edeaea\"><span style=\"height:27.2px;width:27.2px;margin-right:11.2px;\" class=\"icon-wrapper circle-no\"><i class=\"fusion-li-icon fa-chevron-right fas\" style=\"color:#ffc107;\" aria-hidden=\"true\"><\/i><\/span><div class=\"fusion-li-item-content\" style=\"margin-left:38.4px;\"><a href=\"http:\/\/alimentacplp.com\/noticias\/observatorio-guine-bissau\/\">Guin\u00e9-Bissau<\/a><\/div><\/li><li class=\"fusion-li-item\" style=\"border-bottom-color:#edeaea\"><span style=\"height:27.2px;width:27.2px;margin-right:11.2px;\" class=\"icon-wrapper circle-no\"><i class=\"fusion-li-icon fa-chevron-right fas\" style=\"color:#ffc107;\" aria-hidden=\"true\"><\/i><\/span><div class=\"fusion-li-item-content\" style=\"margin-left:38.4px;\"><a href=\"http:\/\/alimentacplp.com\/noticias\/observatorio-guine-equatorial\/\">Guin\u00e9 Equatorial<\/a><\/div><\/li><li class=\"fusion-li-item\" style=\"border-bottom-color:#edeaea\"><span style=\"height:27.2px;width:27.2px;margin-right:11.2px;\" class=\"icon-wrapper circle-no\"><i class=\"fusion-li-icon fa-chevron-right fas\" style=\"color:#ffc107;\" aria-hidden=\"true\"><\/i><\/span><div class=\"fusion-li-item-content\" style=\"margin-left:38.4px;\"><a href=\"http:\/\/alimentacplp.com\/noticias\/observatorio-mocambique\/\">Mo\u00e7ambique<\/a><\/div><\/li><li class=\"fusion-li-item\" style=\"border-bottom-color:#edeaea\"><span style=\"height:27.2px;width:27.2px;margin-right:11.2px;\" class=\"icon-wrapper circle-no\"><i class=\"fusion-li-icon fa-chevron-right fas\" style=\"color:#ffc107;\" aria-hidden=\"true\"><\/i><\/span><div class=\"fusion-li-item-content\" style=\"margin-left:38.4px;\"><a href=\"http:\/\/alimentacplp.com\/noticias\/observatorio-portugal\/\">Portugal<\/a><\/div><\/li><li class=\"fusion-li-item\" style=\"border-bottom-color:#edeaea\"><span style=\"height:27.2px;width:27.2px;margin-right:11.2px;\" class=\"icon-wrapper circle-no\"><i class=\"fusion-li-icon fa-chevron-right fas\" style=\"color:#ffc107;\" aria-hidden=\"true\"><\/i><\/span><div class=\"fusion-li-item-content\" style=\"margin-left:38.4px;\"><a href=\"http:\/\/alimentacplp.com\/noticias\/observatorio-sao-tome-principe\/\">S\u00e3o Tom\u00e9 e Pr\u00edncipe<\/a><\/div><\/li><li class=\"fusion-li-item\" style=\"border-bottom-color:#edeaea\"><span style=\"height:27.2px;width:27.2px;margin-right:11.2px;\" class=\"icon-wrapper circle-no\"><i class=\"fusion-li-icon fa-chevron-right fas\" style=\"color:#ffc107;\" aria-hidden=\"true\"><\/i><\/span><div class=\"fusion-li-item-content\" style=\"margin-left:38.4px;\">\n<p><a href=\"http:\/\/alimentacplp.com\/noticias\/observatorio-timor-leste\/\">Timor-Leste<\/a><\/p>\n<\/div><\/li><li class=\"fusion-li-item\" style=\"border-bottom-color:#edeaea\"><span style=\"height:27.2px;width:27.2px;margin-right:11.2px;\" class=\"icon-wrapper circle-no\"><i class=\"fusion-li-icon fa-chevron-right fas\" style=\"color:#ffc107;\" aria-hidden=\"true\"><\/i><\/span><div class=\"fusion-li-item-content\" style=\"margin-left:38.4px;\"><a href=\"http:\/\/alimentacplp.com\/noticias\/observatorio-cplp\/\">Observat\u00f3rio CPLP<\/a><\/div><\/li><li class=\"fusion-li-item\" style=\"border-bottom-color:#edeaea\"><span style=\"height:27.2px;width:27.2px;margin-right:11.2px;\" class=\"icon-wrapper circle-no\"><i class=\"fusion-li-icon fa-chevron-right fas\" style=\"color:#ffc107;\" aria-hidden=\"true\"><\/i><\/span><div class=\"fusion-li-item-content\" style=\"margin-left:38.4px;\">\n<p><a href=\"http:\/\/alimentacplp.com\/noticias\/observatorio-global\/\">Observat\u00f3rio Global<\/a><\/p>\n<\/div><\/li><\/ul><div class=\"fusion-clearfix\"><\/div><\/div><\/div><\/div><\/div><\/div><div class=\"fusion-fullwidth fullwidth-box fusion-builder-row-2 nonhundred-percent-fullwidth non-hundred-percent-height-scrolling\" style=\"background-color: #ffffff;background-position: center center;background-repeat: no-repeat;padding-top:4%;padding-right:10%;padding-bottom:4%;padding-left:10%;margin-bottom: 0px;margin-top: 0px;border-width: 0px 0px 0px 0px;border-color:#eae9e9;border-style:solid;\" ><div class=\"fusion-builder-row fusion-row\"><div class=\"fusion-layout-column fusion_builder_column fusion-builder-column-2 fusion_builder_column_1_1 1_1 fusion-one-full fusion-column-first fusion-column-last\" style=\"margin-top:0px;margin-bottom:20px;\"><div class=\"fusion-column-wrapper fusion-flex-column-wrapper-legacy\" style=\"background-position:left top;background-repeat:no-repeat;-webkit-background-size:cover;-moz-background-size:cover;-o-background-size:cover;background-size:cover;padding: 0px 0px 0px 0px;\"><style type=\"text\/css\"><\/style><div class=\"fusion-title title fusion-title-3 fusion-sep-none fusion-title-center fusion-title-text fusion-title-size-two\" style=\"font-size:20px;margin-top:0px;margin-bottom:0.9em;\"><h2 class=\"title-heading-center\" style=\"margin:0;font-size:1em;\"><a href=\"https:\/\/alimentacplp.com\/wp-content\/uploads\/2020\/08\/Relatorio-Alimenta-CPLP-_-agosto-2020.pdf\">I RELAT\u00d3RIO DA PLATAFORMA ALIMENTA CPLP!<\/a><\/h2><\/div><style type=\"text\/css\"><\/style><div class=\"fusion-title title fusion-title-4 fusion-sep-none fusion-title-center fusion-title-text fusion-title-size-three\" style=\"font-size:16px;margin-top:0px;margin-bottom:0.9em;\"><h3 class=\"title-heading-center\" style=\"margin:0;font-size:1em;\"><p style=\"text-align: justify;\">Uma crise alimentar ampliada pela pandemia da Covid-19 exige uma<strong>\u00a0resposta solid\u00e1ria e urgente de todos os atores dos pa\u00edses da Comunidade de Pa\u00edses de L\u00edngua Portuguesa (CPLP).<\/strong>\u00a0Neste sentido, a Plataforma Alimenta CPLP! apresenta o &#8220;I RELAT\u00d3RIO DA PLATAFORMA ALIMENTA CPLP! &#8211; Impactos da COVID-19 no espa\u00e7o da Comunidade dos Pa\u00edses de L\u00edngua Portuguesa e respostas em curso para a constru\u00e7\u00e3o de sistemas alimentares mais equitativos e resilientes&#8221;.<\/p>\n<p style=\"text-align: justify;\"><a href=\"https:\/\/alimentacplp.com\/wp-content\/uploads\/2020\/08\/Relatorio-Alimenta-CPLP-_-agosto-2020.pdf\"><span style=\"font-weight: 400;\"><b>**Clique aqui e veja o relat\u00f3rio na \u00edntegra<\/b><\/span><\/a><\/p>\n<p style=\"text-align: justify;\">Durante cerca de quatro meses, mais de 500 organiza\u00e7\u00f5es dos pa\u00edses de l\u00edngua portuguesa foram mobilizadas para participar nos interc\u00e2mbios de informa\u00e7\u00e3o e conhecimento sobre o cen\u00e1rio atual e futuros desafios no \u00e2mbito da crise alimentar nos pa\u00edses da Comunidade dos Pa\u00edses de L\u00edngua Portuguesa (CPLP). Este relat\u00f3rio, coordenado pela ACTUAR, \u00e9 fruto desta iniciativa de coopera\u00e7\u00e3o que contou com a participa\u00e7\u00e3o de representantes de todos os pa\u00edses da CPLP e com um question\u00e1rio direcionado para a compreens\u00e3o dos impactos da Covid-19 nestes pa\u00edses a fim de construir a\u00e7\u00f5es para promover sistemas alimentares sustent\u00e1veis. Os resultados deste processo subsidiar\u00e3o o relat\u00f3rio que o Mecanismo da Sociedade Civil e Povos Ind\u00edgenas do Comit\u00e9 Global de Seguran\u00e7a Alimentar apresentar\u00e1\u00a0 na 47\u00aa Sess\u00e3o do Comit\u00ea de Seguran\u00e7a Alimentar Mundial (CSA) que acontecer\u00e1 em Roma\u00a0 &#8211; outubro\/2020.<\/p>\n<p style=\"text-align: justify;\"><strong>Este processo de interc\u00e2mbio pretende-se vivo e cont\u00ednuo de forma a acompanhar a evolu\u00e7\u00e3o da pandemia nos diversos contextos da CPLP!<\/strong><\/p><\/h3><\/div><div class=\"fusion-clearfix\"><\/div><\/div><\/div><\/div><\/div><\/p>\n","protected":false},"excerpt":{"rendered":"","protected":false},"author":1,"featured_media":2742,"parent":0,"menu_order":0,"comment_status":"closed","ping_status":"closed","template":"100-width.php","meta":[],"yoast_head":"<!-- This site is optimized with the Yoast SEO plugin v15.2.1 - https:\/\/yoast.com\/wordpress\/plugins\/seo\/ -->\n<title>Evolu\u00e7\u00e3o da epidemia Covid-19 no mundo| Alimenta CPLP!<\/title>\n<meta name=\"description\" content=\"Acompanhe a evolu\u00e7\u00e3o da epidemia Covid-19 no mundo e as a\u00e7\u00f5es em cursos na Comunidade dos Pa\u00edses de L\u00edngua Portuguesa (CPLP).\" \/>\n<meta name=\"robots\" content=\"index, follow, max-snippet:-1, max-image-preview:large, max-video-preview:-1\" \/>\n<link rel=\"canonical\" href=\"https:\/\/alimentacplp.com\/home\/observatorio\/\" \/>\n<meta property=\"og:locale\" content=\"pt_BR\" \/>\n<meta property=\"og:type\" content=\"article\" \/>\n<meta property=\"og:title\" content=\"Evolu\u00e7\u00e3o da epidemia Covid-19 no mundo| Alimenta CPLP!\" \/>\n<meta property=\"og:description\" content=\"Acompanhe a evolu\u00e7\u00e3o da epidemia Covid-19 no mundo e as a\u00e7\u00f5es em cursos na Comunidade dos Pa\u00edses de L\u00edngua Portuguesa (CPLP).\" \/>\n<meta property=\"og:url\" content=\"https:\/\/alimentacplp.com\/home\/observatorio\/\" \/>\n<meta property=\"og:site_name\" content=\"Alimenta CPLP!\" \/>\n<meta property=\"article:publisher\" content=\"https:\/\/www.facebook.com\/Alimenta-CPLP-114985186857112\/\" \/>\n<meta property=\"article:modified_time\" content=\"2020-08-25T14:04:52+00:00\" \/>\n<meta property=\"og:image\" content=\"https:\/\/alimentacplp.com\/wp-content\/uploads\/2020\/05\/bg_Contatos_01.jpg\" \/>\n\t<meta property=\"og:image:width\" content=\"1024\" \/>\n\t<meta property=\"og:image:height\" content=\"480\" \/>\n<meta name=\"twitter:card\" content=\"summary_large_image\" \/>\n<meta name=\"twitter:label1\" content=\"Written by\">\n\t<meta name=\"twitter:data1\" content=\"gruzman\">\n\t<meta name=\"twitter:label2\" content=\"Est. reading time\">\n\t<meta name=\"twitter:data2\" content=\"7 minutos\">\n<script type=\"application\/ld+json\" class=\"yoast-schema-graph\">{\"@context\":\"https:\/\/schema.org\",\"@graph\":[{\"@type\":\"WebSite\",\"@id\":\"https:\/\/alimentacplp.com\/home\/#website\",\"url\":\"https:\/\/alimentacplp.com\/home\/\",\"name\":\"Alimenta CPLP!\",\"description\":\"Observat\\u00f3rio COVID-19 CPLP\",\"potentialAction\":[{\"@type\":\"SearchAction\",\"target\":\"https:\/\/alimentacplp.com\/home\/?s={search_term_string}\",\"query-input\":\"required name=search_term_string\"}],\"inLanguage\":\"pt-BR\"},{\"@type\":\"ImageObject\",\"@id\":\"https:\/\/alimentacplp.com\/home\/observatorio\/#primaryimage\",\"inLanguage\":\"pt-BR\",\"url\":\"https:\/\/alimentacplp.com\/wp-content\/uploads\/2020\/05\/bg_Contatos_01.jpg\",\"width\":1024,\"height\":480,\"caption\":\"Alimenta\\u00e7\\u00e3o CPLP! | Impacto do Covid-19 na alimenta\\u00e7\\u00e3o nos pa\\u00edses da CPLP | Alimenta\\u00e7\\u00e3o familiar | Agricultura sustent\\u00e1vel\"},{\"@type\":\"WebPage\",\"@id\":\"https:\/\/alimentacplp.com\/home\/observatorio\/#webpage\",\"url\":\"https:\/\/alimentacplp.com\/home\/observatorio\/\",\"name\":\"Evolu\\u00e7\\u00e3o da epidemia Covid-19 no mundo| Alimenta CPLP!\",\"isPartOf\":{\"@id\":\"https:\/\/alimentacplp.com\/home\/#website\"},\"primaryImageOfPage\":{\"@id\":\"https:\/\/alimentacplp.com\/home\/observatorio\/#primaryimage\"},\"datePublished\":\"2019-10-28T20:44:25+00:00\",\"dateModified\":\"2020-08-25T14:04:52+00:00\",\"description\":\"Acompanhe a evolu\\u00e7\\u00e3o da epidemia Covid-19 no mundo e as a\\u00e7\\u00f5es em cursos na Comunidade dos Pa\\u00edses de L\\u00edngua Portuguesa (CPLP).\",\"inLanguage\":\"pt-BR\",\"potentialAction\":[{\"@type\":\"ReadAction\",\"target\":[\"https:\/\/alimentacplp.com\/home\/observatorio\/\"]}]}]}<\/script>\n<!-- \/ Yoast SEO plugin. -->","_links":{"self":[{"href":"https:\/\/alimentacplp.com\/home\/wp-json\/wp\/v2\/pages\/721"}],"collection":[{"href":"https:\/\/alimentacplp.com\/home\/wp-json\/wp\/v2\/pages"}],"about":[{"href":"https:\/\/alimentacplp.com\/home\/wp-json\/wp\/v2\/types\/page"}],"author":[{"embeddable":true,"href":"https:\/\/alimentacplp.com\/home\/wp-json\/wp\/v2\/users\/1"}],"replies":[{"embeddable":true,"href":"https:\/\/alimentacplp.com\/home\/wp-json\/wp\/v2\/comments?post=721"}],"version-history":[{"count":11,"href":"https:\/\/alimentacplp.com\/home\/wp-json\/wp\/v2\/pages\/721\/revisions"}],"predecessor-version":[{"id":4040,"href":"https:\/\/alimentacplp.com\/home\/wp-json\/wp\/v2\/pages\/721\/revisions\/4040"}],"wp:featuredmedia":[{"embeddable":true,"href":"https:\/\/alimentacplp.com\/home\/wp-json\/wp\/v2\/media\/2742"}],"wp:attachment":[{"href":"https:\/\/alimentacplp.com\/home\/wp-json\/wp\/v2\/media?parent=721"}],"curies":[{"name":"wp","href":"https:\/\/api.w.org\/{rel}","templated":true}]}}